{"id":2177,"date":"2025-12-18T20:13:49","date_gmt":"2025-12-19T01:13:49","guid":{"rendered":"https:\/\/www.movidelnor.gob.ec\/web\/webepm\/?page_id=2177"},"modified":"2026-02-10T13:08:32","modified_gmt":"2026-02-10T18:08:32","slug":"quienes-somos-movidelnor","status":"publish","type":"page","link":"https:\/\/movidelnor.gob.ec\/web\/webepm\/quienes-somos-movidelnor\/","title":{"rendered":"Quienes somos Movidelnor"},"content":{"rendered":"\t\t<div data-elementor-type=\"wp-page\" data-elementor-id=\"2177\" class=\"elementor elementor-2177\" data-elementor-post-type=\"page\">\n\t\t\t\t<div class=\"elementor-element elementor-element-7c8950f e-flex e-con-boxed e-con e-parent\" data-id=\"7c8950f\" data-element_type=\"container\" data-e-type=\"container\" data-settings=\"{&quot;background_background&quot;:&quot;classic&quot;}\">\n\t\t\t\t\t<div class=\"e-con-inner\">\n\t\t<div class=\"elementor-element elementor-element-a86e103 e-con-full e-grid e-con e-child\" data-id=\"a86e103\" data-element_type=\"container\" data-e-type=\"container\">\n\t\t\t\t<div class=\"elementor-element elementor-element-57a8bb0 elementor-widget elementor-widget-heading\" data-id=\"57a8bb0\" data-element_type=\"widget\" data-e-type=\"widget\" data-widget_type=\"heading.default\">\n\t\t\t\t\t<h2 class=\"elementor-heading-title elementor-size-default\">\u00bfQuienes Somos?<\/h2>\t\t\t\t<\/div>\n\t\t\t\t<\/div>\n\t\t\t\t\t<\/div>\n\t\t\t\t<\/div>\n\t\t<div class=\"elementor-element elementor-element-fdca815 e-flex e-con-boxed e-con e-parent\" data-id=\"fdca815\" data-element_type=\"container\" data-e-type=\"container\" data-settings=\"{&quot;background_background&quot;:&quot;classic&quot;}\">\n\t\t\t\t\t<div class=\"e-con-inner\">\n\t\t\t\t<div class=\"elementor-element elementor-element-5ce64a7 elementor-widget elementor-widget-elementskit-heading\" data-id=\"5ce64a7\" data-element_type=\"widget\" data-e-type=\"widget\" data-widget_type=\"elementskit-heading.default\">\n\t\t\t\t\t<div class=\"ekit-wid-con\" ><div class=\"ekit-heading elementskit-section-title-wraper text_center   ekit_heading_tablet-   ekit_heading_mobile-\"><h2 class=\"ekit-heading--title elementskit-section-title \"><span>Historia<\/span><\/h2><div class=\"ekit_heading_separetor_wraper ekit_heading_elementskit-border-divider elementskit-style-long\"><div class=\"elementskit-border-divider elementskit-style-long\"><\/div><\/div><\/div><\/div>\t\t\t\t<\/div>\n\t\t\t\t<div class=\"elementor-element elementor-element-c63df24 elementor-widget__width-inherit elementor-widget elementor-widget-image\" data-id=\"c63df24\" data-element_type=\"widget\" data-e-type=\"widget\" data-widget_type=\"image.default\">\n\t\t\t\t\t\t\t\t\t\t\t\t\t\t\t<img fetchpriority=\"high\" decoding=\"async\" width=\"768\" height=\"432\" src=\"https:\/\/movidelnor.gob.ec\/web\/webepm\/wp-content\/uploads\/2025\/12\/DJI_EPM2-768x432.png\" class=\"attachment-medium_large size-medium_large wp-image-2518\" alt=\"\" srcset=\"https:\/\/movidelnor.gob.ec\/web\/webepm\/wp-content\/uploads\/2025\/12\/DJI_EPM2-768x432.png 768w, https:\/\/movidelnor.gob.ec\/web\/webepm\/wp-content\/uploads\/2025\/12\/DJI_EPM2-300x169.png 300w, https:\/\/movidelnor.gob.ec\/web\/webepm\/wp-content\/uploads\/2025\/12\/DJI_EPM2.png 1000w\" sizes=\"(max-width: 768px) 100vw, 768px\" \/>\t\t\t\t\t\t\t\t\t\t\t\t\t\t\t<\/div>\n\t\t\t\t\t<\/div>\n\t\t\t\t<\/div>\n\t\t<div class=\"elementor-element elementor-element-608dd0d e-flex e-con-boxed e-con e-parent\" data-id=\"608dd0d\" data-element_type=\"container\" data-e-type=\"container\" data-settings=\"{&quot;background_background&quot;:&quot;classic&quot;}\">\n\t\t\t\t\t<div class=\"e-con-inner\">\n\t\t\t\t<div class=\"elementor-element elementor-element-e402812 elementor-widget elementor-widget-elementskit-heading\" data-id=\"e402812\" data-element_type=\"widget\" data-e-type=\"widget\" data-widget_type=\"elementskit-heading.default\">\n\t\t\t\t\t<div class=\"ekit-wid-con\" ><div class=\"ekit-heading elementskit-section-title-wraper text_center   ekit_heading_tablet-   ekit_heading_mobile-\">\t\t\t\t<div class='ekit-heading__description'>\n\t\t\t\t\t<div class=\"historia-texto\">\n<p>El acto resolutorio que crea la Mancomunidad para la gesti\u00f3n descentralizada de la competencia<br \/>de tr\u00e1nsito, transporte terrestre y seguridad vial de la Regi\u00f3n Norte, establece la facultad<br \/>de crear empresas p\u00fablicas, con la finalidad de gestionar la prestaci\u00f3n de servicios p\u00fablicos<br \/>con eficiencia en el marco de las competencias de planificar, regular y controlar el tr\u00e1nsito<br \/>y transporte p\u00fablico dentro de los territorios cantonales que conforman la Mancomunidad y que<br \/>han sido legalmente transferidas por el Consejo Nacional de Competencias.<\/p>\n<p>Es as\u00ed que el 25 de febrero de 2015, mediante la Resoluci\u00f3n No. 001-2015-MAN, la Asamblea General<br \/>de la Mancomunidad de Tr\u00e1nsito Norte cre\u00f3 la Empresa P\u00fablica de Movilidad del Norte, publicada<br \/>en la Edici\u00f3n Especial del Registro Oficial No. 320 de 18 de mayo de 2015.<\/p>\n<\/div>\n\t\t\t\t<\/div>\n\t\t\t<\/div><\/div>\t\t\t\t<\/div>\n\t\t\t\t\t<\/div>\n\t\t\t\t<\/div>\n\t\t<div class=\"elementor-element elementor-element-315be83 e-flex e-con-boxed e-con e-parent\" data-id=\"315be83\" data-element_type=\"container\" data-e-type=\"container\" data-settings=\"{&quot;background_background&quot;:&quot;classic&quot;}\">\n\t\t\t\t\t<div class=\"e-con-inner\">\n\t\t\t\t<div class=\"elementor-element elementor-element-ec17230 elementor-widget__width-initial elementor-widget-mobile__width-inherit elementor-widget elementor-widget-elementskit-heading\" data-id=\"ec17230\" data-element_type=\"widget\" data-e-type=\"widget\" data-widget_type=\"elementskit-heading.default\">\n\t\t\t\t\t<div class=\"ekit-wid-con\" ><div class=\"ekit-heading elementskit-section-title-wraper text_center   ekit_heading_tablet-   ekit_heading_mobile-\"><h2 class=\"ekit-heading--title elementskit-section-title \">Filosof\u00eda Institucional<\/h2><\/div><\/div>\t\t\t\t<\/div>\n\t\t\t\t<div class=\"elementor-element elementor-element-d2890a1 elementor-widget__width-initial elementor-widget-mobile__width-inherit elementor-widget elementor-widget-elementskit-accordion\" data-id=\"d2890a1\" data-element_type=\"widget\" data-e-type=\"widget\" data-widget_type=\"elementskit-accordion.default\">\n\t\t\t\t\t<div class=\"ekit-wid-con\" >\n        <div class=\"elementskit-accordion accoedion-primary\" id=\"accordion-69d5823ec2774\">\n\n            \n                <div class=\"elementskit-card active\">\n                    <div class=\"elementskit-card-header\" id=\"primaryHeading-0-d2890a1\">\n                        <a href=\"#collapse-bc2283069d5823ec2774\" class=\"ekit-accordion--toggler elementskit-btn-link collapsed\" data-ekit-toggle=\"collapse\" data-target=\"#Collapse-bc2283069d5823ec2774\" aria-expanded=\"true\" aria-controls=\"Collapse-bc2283069d5823ec2774\">\n                            \n                            <span class=\"ekit-accordion-title\">Denominaci\u00f3n<\/span>\n\n                            \n                                <div class=\"ekit_accordion_icon_group\">\n                                    <div class=\"ekit_accordion_normal_icon\">\n                                        <!-- Normal Icon -->\n\t\t\t\t\t\t\t\t\t\t<i class=\"icon icon-down-arrow1\"><\/i>                                    <\/div>\n\n                                    <div class=\"ekit_accordion_active_icon\">\n                                        <!-- Active Icon -->\n\t\t\t\t\t\t\t\t\t\t<i class=\"icon icon-up-arrow\"><\/i>                                    <\/div>\n                                <\/div>\n\n                            \n                                                    <\/a>\n                    <\/div>\n\n                    <div id=\"Collapse-bc2283069d5823ec2774\" class=\" show collapse\" aria-labelledby=\"primaryHeading-0-d2890a1\" data-parent=\"#accordion-69d5823ec2774\">\n\n                        <div class=\"elementskit-card-body ekit-accordion--content\">\n                            <p><span>Su denominaci\u00f3n social es Empresa P\u00fablica de Movilidad del Norte, cuyas siglas son \u00abMOVIDELNOR E.P.\u00bb<\/span><\/p><p><span>Es una persona jur\u00eddica de derecho p\u00fablico, con patrimonio propio, dotada de autonom\u00eda presupuestaria, financiera, econ\u00f3mica, administrativa y de gesti\u00f3n y con jurisdicci\u00f3n coactiva.<\/span><\/p><p><span>MOVIDELNOR EP asumi\u00f3 las competencias de t<\/span><span>\u00edtulos habilitantes para transporte p\u00fablico intracantonal, comercial en taxis convencionales y taxi ejecutivo, transporte de carga liviana y escolar insitucional; Matriculaci\u00f3n, Revisi\u00f3n T\u00e9cnica Vehicular y Control Operativo con Agentes Civiles de Tr\u00e1nsito, siendo el brazo ejecutor de la Mancomunidad de Tr\u00e1nsito Norte.<\/span><\/p><p><span>Actualmente el Gerente General de Movidelnor Ep es el Econ. Santiago Chiriboga, periodo iniciado en julio de 2025.<\/span><\/p>                        <\/div>\n\n                    <\/div>\n\n                <\/div><!-- .elementskit-card END -->\n\n                \n                <div class=\"elementskit-card \">\n                    <div class=\"elementskit-card-header\" id=\"primaryHeading-1-d2890a1\">\n                        <a href=\"#collapse-77c1fa369d5823ec2774\" class=\"ekit-accordion--toggler elementskit-btn-link collapsed\" data-ekit-toggle=\"collapse\" data-target=\"#Collapse-77c1fa369d5823ec2774\" aria-expanded=\"false\" aria-controls=\"Collapse-77c1fa369d5823ec2774\">\n                            \n                            <span class=\"ekit-accordion-title\">Misi\u00f3n<\/span>\n\n                            \n                                <div class=\"ekit_accordion_icon_group\">\n                                    <div class=\"ekit_accordion_normal_icon\">\n                                        <!-- Normal Icon -->\n\t\t\t\t\t\t\t\t\t\t<i class=\"icon icon-down-arrow1\"><\/i>                                    <\/div>\n\n                                    <div class=\"ekit_accordion_active_icon\">\n                                        <!-- Active Icon -->\n\t\t\t\t\t\t\t\t\t\t<i class=\"icon icon-up-arrow\"><\/i>                                    <\/div>\n                                <\/div>\n\n                            \n                                                    <\/a>\n                    <\/div>\n\n                    <div id=\"Collapse-77c1fa369d5823ec2774\" class=\" collapse\" aria-labelledby=\"primaryHeading-1-d2890a1\" data-parent=\"#accordion-69d5823ec2774\">\n\n                        <div class=\"elementskit-card-body ekit-accordion--content\">\n                            <p><span>Liderar la planificaci\u00f3n, regulaci\u00f3n y control del tr\u00e1nsito, transporte terrestre y la seguridad vial con soluciones integrales e innovadoras para reducir la accidentabilidad en los territorios que forman parte de la Mancomunidad de la Regi\u00f3n del Norte.<\/span><\/p>                        <\/div>\n\n                    <\/div>\n\n                <\/div><!-- .elementskit-card END -->\n\n                \n                <div class=\"elementskit-card \">\n                    <div class=\"elementskit-card-header\" id=\"primaryHeading-2-d2890a1\">\n                        <a href=\"#collapse-8417e7169d5823ec2774\" class=\"ekit-accordion--toggler elementskit-btn-link collapsed\" data-ekit-toggle=\"collapse\" data-target=\"#Collapse-8417e7169d5823ec2774\" aria-expanded=\"false\" aria-controls=\"Collapse-8417e7169d5823ec2774\">\n                            \n                            <span class=\"ekit-accordion-title\">Visi\u00f3n<\/span>\n\n                            \n                                <div class=\"ekit_accordion_icon_group\">\n                                    <div class=\"ekit_accordion_normal_icon\">\n                                        <!-- Normal Icon -->\n\t\t\t\t\t\t\t\t\t\t<i class=\"icon icon-down-arrow1\"><\/i>                                    <\/div>\n\n                                    <div class=\"ekit_accordion_active_icon\">\n                                        <!-- Active Icon -->\n\t\t\t\t\t\t\t\t\t\t<i class=\"icon icon-up-arrow\"><\/i>                                    <\/div>\n                                <\/div>\n\n                            \n                                                    <\/a>\n                    <\/div>\n\n                    <div id=\"Collapse-8417e7169d5823ec2774\" class=\" collapse\" aria-labelledby=\"primaryHeading-2-d2890a1\" data-parent=\"#accordion-69d5823ec2774\">\n\n                        <div class=\"elementskit-card-body ekit-accordion--content\">\n                            <p><span>Ser una empresa reconocida en administrar la competencia de planificar, regular y controlar el tr\u00e1nsito, transporte terrestre y seguridad vial, generando bienestar a sus grupos de inter\u00e9s por su excelencia t\u00e9cnica; con talento humano solidario, comprometido, respetuoso, honesto, capacitado; practicando una comunicaci\u00f3n participativa; con procesos transparentes, responsables, innovadores; con resiliencia financiera.<\/span><\/p>                        <\/div>\n\n                    <\/div>\n\n                <\/div><!-- .elementskit-card END -->\n\n                \n                <div class=\"elementskit-card \">\n                    <div class=\"elementskit-card-header\" id=\"primaryHeading-3-d2890a1\">\n                        <a href=\"#collapse-3dad4e069d5823ec2774\" class=\"ekit-accordion--toggler elementskit-btn-link collapsed\" data-ekit-toggle=\"collapse\" data-target=\"#Collapse-3dad4e069d5823ec2774\" aria-expanded=\"false\" aria-controls=\"Collapse-3dad4e069d5823ec2774\">\n                            \n                            <span class=\"ekit-accordion-title\">Base Constitutiva<\/span>\n\n                            \n                                <div class=\"ekit_accordion_icon_group\">\n                                    <div class=\"ekit_accordion_normal_icon\">\n                                        <!-- Normal Icon -->\n\t\t\t\t\t\t\t\t\t\t<i class=\"icon icon-down-arrow1\"><\/i>                                    <\/div>\n\n                                    <div class=\"ekit_accordion_active_icon\">\n                                        <!-- Active Icon -->\n\t\t\t\t\t\t\t\t\t\t<i class=\"icon icon-up-arrow\"><\/i>                                    <\/div>\n                                <\/div>\n\n                            \n                                                    <\/a>\n                    <\/div>\n\n                    <div id=\"Collapse-3dad4e069d5823ec2774\" class=\" collapse\" aria-labelledby=\"primaryHeading-3-d2890a1\" data-parent=\"#accordion-69d5823ec2774\">\n\n                        <div class=\"elementskit-card-body ekit-accordion--content\">\n                            <ul><li>- <a style=\"color: #000 !important;text-decoration: none;align-items: center;gap: 6px\" href=\"https:\/\/www.movidelnor.gob.ec\/webepm\/uniportalepm\/wp-content\/uploads\/2021\/09\/ESTATUTO-DE-CREACION.pdf\" target=\"_blank\" rel=\"noopener\"> <i class=\"fas fa-file-alt\"><\/i> ESTATUTO DE CREACI\u00d3N <\/a><\/li><li>- <a style=\"color: #000 !important;text-decoration: none;align-items: center;gap: 6px\" href=\"https:\/\/www.movidelnor.gob.ec\/webepm\/uniportalepm\/wp-content\/uploads\/2021\/09\/ESTATUTO-DE-CREACION-REFORMADO.pdf\" target=\"_blank\" rel=\"noopener\"> <i class=\"fas fa-file-alt\"><\/i> ESTATUTO DE CREACI\u00d3N REFORMADO <\/a><\/li><li>- <a style=\"color: #000 !important;text-decoration: none;align-items: center;gap: 6px\" href=\"https:\/\/www.movidelnor.gob.ec\/webepm\/uniportalepm\/wp-content\/uploads\/2021\/09\/Resolucion-Nro.-002-2018-AG-1.pdf\" target=\"_blank\" rel=\"noopener\"> <i class=\"fas fa-file-alt\"><\/i> Resoluci\u00f3n Nro. 002-2018-AG <\/a><\/li><li>- <a style=\"color: #000 !important;text-decoration: none;align-items: center;gap: 6px\" href=\"https:\/\/www.movidelnor.gob.ec\/webepm\/uniportalepm\/wp-content\/uploads\/2022\/reglamentos_manuales\/reglamento_interno.pdf\" target=\"_blank\" rel=\"noopener\"> <i class=\"fas fa-file-alt\"><\/i> REGLAMENTO INTERNO MOVIDELNOR <\/a><\/li><li>- <a style=\"color: #000 !important;text-decoration: none;align-items: center;gap: 6px\" href=\"https:\/\/www.movidelnor.gob.ec\/webepm\/uniportalepm\/wp-content\/uploads\/2024\/DOCUMENTOS%202024\/2024%20Estatuto%20Orga%CC%81nico%20por%20Procesos.pdf\" target=\"_blank\" rel=\"noopener\"> <i class=\"fas fa-file-alt\"><\/i> ESTATUTO ORG\u00c1NICO POR PROCESOS <\/a><\/li><\/ul>                        <\/div>\n\n                    <\/div>\n\n                <\/div><!-- .elementskit-card END -->\n\n                                        <\/div>\n    <\/div>\t\t\t\t<\/div>\n\t\t\t\t\t<\/div>\n\t\t\t\t<\/div>\n\t\t\t\t<\/div>\n\t\t","protected":false},"excerpt":{"rendered":"<p>\u00bfQuienes Somos? Historia El acto resolutorio que crea la Mancomunidad para la gesti\u00f3n descentralizada de la competenciade tr\u00e1nsito, transporte terrestre y seguridad vial de la Regi\u00f3n Norte, establece la facultadde crear empresas p\u00fablicas, con la finalidad de gestionar la prestaci\u00f3n de servicios p\u00fablicoscon eficiencia en el marco de las competencias de planificar, regular y controlar [&hellip;]<\/p>\n","protected":false},"author":3,"featured_media":0,"parent":0,"menu_order":0,"comment_status":"closed","ping_status":"closed","template":"elementor_header_footer","meta":{"footnotes":""},"class_list":["post-2177","page","type-page","status-publish","hentry"],"aioseo_notices":[],"_links":{"self":[{"href":"https:\/\/movidelnor.gob.ec\/web\/webepm\/wp-json\/wp\/v2\/pages\/2177","targetHints":{"allow":["GET"]}}],"collection":[{"href":"https:\/\/movidelnor.gob.ec\/web\/webepm\/wp-json\/wp\/v2\/pages"}],"about":[{"href":"https:\/\/movidelnor.gob.ec\/web\/webepm\/wp-json\/wp\/v2\/types\/page"}],"author":[{"embeddable":true,"href":"https:\/\/movidelnor.gob.ec\/web\/webepm\/wp-json\/wp\/v2\/users\/3"}],"replies":[{"embeddable":true,"href":"https:\/\/movidelnor.gob.ec\/web\/webepm\/wp-json\/wp\/v2\/comments?post=2177"}],"version-history":[{"count":154,"href":"https:\/\/movidelnor.gob.ec\/web\/webepm\/wp-json\/wp\/v2\/pages\/2177\/revisions"}],"predecessor-version":[{"id":7599,"href":"https:\/\/movidelnor.gob.ec\/web\/webepm\/wp-json\/wp\/v2\/pages\/2177\/revisions\/7599"}],"wp:attachment":[{"href":"https:\/\/movidelnor.gob.ec\/web\/webepm\/wp-json\/wp\/v2\/media?parent=2177"}],"curies":[{"name":"wp","href":"https:\/\/api.w.org\/{rel}","templated":true}]}}