{"id":2618,"date":"2025-12-19T11:58:50","date_gmt":"2025-12-19T16:58:50","guid":{"rendered":"https:\/\/www.movidelnor.gob.ec\/web\/webepm\/?page_id=2618"},"modified":"2026-02-12T10:29:19","modified_gmt":"2026-02-12T15:29:19","slug":"quienes-somos-mancomunidad","status":"publish","type":"page","link":"https:\/\/movidelnor.gob.ec\/web\/webepm\/quienes-somos-mancomunidad\/","title":{"rendered":"Quienes Somos Mancomunidad"},"content":{"rendered":"\t\t<div data-elementor-type=\"wp-page\" data-elementor-id=\"2618\" class=\"elementor elementor-2618\" data-elementor-post-type=\"page\">\n\t\t\t\t<div class=\"elementor-element elementor-element-26e0ab1 e-flex e-con-boxed e-con e-parent\" data-id=\"26e0ab1\" data-element_type=\"container\" data-e-type=\"container\" data-settings=\"{&quot;background_background&quot;:&quot;classic&quot;}\">\n\t\t\t\t\t<div class=\"e-con-inner\">\n\t\t<div class=\"elementor-element elementor-element-9b53a8d e-con-full e-grid e-con e-child\" data-id=\"9b53a8d\" data-element_type=\"container\" data-e-type=\"container\">\n\t\t\t\t<div class=\"elementor-element elementor-element-4bd3825 elementor-widget elementor-widget-heading\" data-id=\"4bd3825\" data-element_type=\"widget\" data-e-type=\"widget\" data-widget_type=\"heading.default\">\n\t\t\t\t\t<h2 class=\"elementor-heading-title elementor-size-default\">\u00bfQuienes Somos?<\/h2>\t\t\t\t<\/div>\n\t\t\t\t<\/div>\n\t\t\t\t\t<\/div>\n\t\t\t\t<\/div>\n\t\t<div class=\"elementor-element elementor-element-31d7aef4 e-flex e-con-boxed e-con e-parent\" data-id=\"31d7aef4\" data-element_type=\"container\" data-e-type=\"container\" id=\"xs_drop_4\" data-settings=\"{&quot;background_background&quot;:&quot;classic&quot;}\">\n\t\t\t\t\t<div class=\"e-con-inner\">\n\t\t\t\t<div class=\"elementor-element elementor-element-21066b99 elementor-widget elementor-widget-elementskit-heading\" data-id=\"21066b99\" data-element_type=\"widget\" data-e-type=\"widget\" data-widget_type=\"elementskit-heading.default\">\n\t\t\t\t\t<div class=\"ekit-wid-con\" ><div class=\"ekit-heading elementskit-section-title-wraper text_center   ekit_heading_tablet-   ekit_heading_mobile-\"><h2 class=\"ekit-heading--title elementskit-section-title \">Historia de la <span>Mancomunidad<\/span><\/h2><div class=\"ekit_heading_separetor_wraper ekit_heading_elementskit-border-divider elementskit-style-long\"><div class=\"elementskit-border-divider elementskit-style-long\"><\/div><\/div>\t\t\t\t<div class='ekit-heading__description'>\n\t\t\t\t\t<p>El 13 de noviembre de 2014, a efectos de mejorar la administraci\u00f3n de la competencia de Tr\u00e1nsito, Trasporte Terrestre y Seguridad Vial, atribuida a los Gobiernos Aut\u00f3nomos Descentralizados Municipales, se suscribi\u00f3 el Convenio de Mancomunidad entre los Gobiernos Aut\u00f3nomos Descentralizados Municipales de las provincias de Carchi, Imbabura, Pichincha y Esmeraldas: Bol\u00edvar, Espejo, Mira, San Pedro de Huaca, Montufar; Antonio Ante, Otavalo, Pimampiro, San Miguel de Urcuqu\u00ed, San Miguel de Ibarra, Pedro Moncayo y San Lorenzo del Pail\u00f3n, debidamente autorizados por sus respectivos Concejos Municipales, el mismo que se encuentra publicado en el Registro Oficial No. 234 de mi\u00e9rcoles 24 de diciembre del 2014.<\/p>\n<p>Luego, el 27 de enero del 2015, la Secretar\u00eda Ejecutiva del Consejo Nacional de Competencias, mediante oficio No. CNC-SE-2015-C268, inform\u00f3 sobre la inscripci\u00f3n de la MANCOMUNIDAD PARA LA GESTION DESCENTRALIZADA DE LA COMPETENCIA DE TR\u00c1NSITO, TRANSPORTE TERRESTRE Y SEGURIDAD VIAL DE LA REGION NORTE, bajo el n\u00famero MANC-032-2015-CNC.<\/p>\n<p>La Agencia Nacional de Tr\u00e1nsito mediante Resoluci\u00f3n No. 067-DE-ANT-2015, del 8 de mayo del 2015, certific\u00f3 la competencia de t\u00edtulos habilitantes para transporte p\u00fablico intracantonal, comercial en taxis convencionales y taxi ejecutivo, transporte de carga liviana y escolar insitucional a la Mancomunidad de Tr\u00e1nsito Norte.<\/p>\n<p>M\u00e1s tarde mediante Reforma a la Resoluci\u00f3n No. 219-DE-ANT-2015 de 01 de junio del 2015, se certific\u00f3 a la Mancomunidad de Tr\u00e1nsito Norte la ejecuci\u00f3n de la Competencias de Matriculaci\u00f3n y Revisi\u00f3n T\u00e9cnica Vehicular y Control Operativo a trav\u00e9s de los agentes Civiles de Tr\u00e1nsito.<\/p>\n\t\t\t\t<\/div>\n\t\t\t<\/div><\/div>\t\t\t\t<\/div>\n\t\t\t\t\t<\/div>\n\t\t\t\t<\/div>\n\t\t<div class=\"elementor-element elementor-element-4c65d3da e-flex e-con-boxed e-con e-parent\" data-id=\"4c65d3da\" data-element_type=\"container\" data-e-type=\"container\" data-settings=\"{&quot;background_background&quot;:&quot;classic&quot;}\">\n\t\t\t\t\t<div class=\"e-con-inner\">\n\t\t\t\t<div class=\"elementor-element elementor-element-208fddb6 elementor-widget__width-initial elementor-widget-mobile__width-inherit elementor-widget elementor-widget-elementskit-heading\" data-id=\"208fddb6\" data-element_type=\"widget\" data-e-type=\"widget\" data-widget_type=\"elementskit-heading.default\">\n\t\t\t\t\t<div class=\"ekit-wid-con\" ><div class=\"ekit-heading elementskit-section-title-wraper text_left   ekit_heading_tablet-   ekit_heading_mobile-\"><h2 class=\"ekit-heading--title elementskit-section-title \">Filosof\u00eda Institucional<\/h2>\t\t\t\t<div class='ekit-heading__description'>\n\t\t\t\t\t<p>La Mancomunidad tiene por objeto y fin gestionar de manera efectiva y eficiente la competencia para planificar, regular, administrar y controlar el TR\u00c1NSITO, el TRANSPORTE TERRESTRE y la SEGURIDAD VIAL, de los Gobiernos Aut\u00f3nomos Descentralizados Municipales que la conforman, para beneficio de la ciudadan\u00eda en su \u00e1mbito de operaci\u00f3n.<\/p>\n\t\t\t\t<\/div>\n\t\t\t<\/div><\/div>\t\t\t\t<\/div>\n\t\t\t\t<div class=\"elementor-element elementor-element-f991573 elementor-widget__width-initial elementor-widget-mobile__width-inherit elementor-widget elementor-widget-elementskit-accordion\" data-id=\"f991573\" data-element_type=\"widget\" data-e-type=\"widget\" data-widget_type=\"elementskit-accordion.default\">\n\t\t\t\t\t<div class=\"ekit-wid-con\" >\n        <div class=\"elementskit-accordion accoedion-primary\" id=\"accordion-69d5c1f307c65\">\n\n            \n                <div class=\"elementskit-card active\">\n                    <div class=\"elementskit-card-header\" id=\"primaryHeading-0-f991573\">\n                        <a href=\"#collapse-bc2283069d5c1f307c65\" class=\"ekit-accordion--toggler elementskit-btn-link collapsed\" data-ekit-toggle=\"collapse\" data-target=\"#Collapse-bc2283069d5c1f307c65\" aria-expanded=\"true\" aria-controls=\"Collapse-bc2283069d5c1f307c65\">\n                            \n                            <span class=\"ekit-accordion-title\">Sus inicios<\/span>\n\n                            \n                                <div class=\"ekit_accordion_icon_group\">\n                                    <div class=\"ekit_accordion_normal_icon\">\n                                        <!-- Normal Icon -->\n\t\t\t\t\t\t\t\t\t\t<i class=\"icon icon-down-arrow1\"><\/i>                                    <\/div>\n\n                                    <div class=\"ekit_accordion_active_icon\">\n                                        <!-- Active Icon -->\n\t\t\t\t\t\t\t\t\t\t<i class=\"icon icon-up-arrow\"><\/i>                                    <\/div>\n                                <\/div>\n\n                            \n                                                    <\/a>\n                    <\/div>\n\n                    <div id=\"Collapse-bc2283069d5c1f307c65\" class=\" show collapse\" aria-labelledby=\"primaryHeading-0-f991573\" data-parent=\"#accordion-69d5c1f307c65\">\n\n                        <div class=\"elementskit-card-body ekit-accordion--content\">\n                            <p>En su inicio, la Mancomunidad de Tr\u00e1nsito Norte se conform\u00f3 con 12 cantones miembros, que les permiti\u00f3, en acci\u00f3n mancomunada, beneficiarse de un ascenso del modelo de gesti\u00f3n de la categor\u00eda de B a la A.<\/p><p>Los Alcaldes miembros de la Mancomunidad de Tr\u00e1nsito Norte el 7 de octubre de 2015, aprobaron por unanimidad la adhesi\u00f3n de los Gobiernos Aut\u00f3nomos Descentralizados de Rioverde, Eloy Alfaro y Santa Ana de Cotacachi mediante Resoluci\u00f3n de adhesi\u00f3n. El 30 de noviembre de este a\u00f1o la ANT mediante Adendum a la Resoluci\u00f3n 067-DE-ANT-2015 incorpora los 3 nuevos cantones; y, el 19 de noviembre el Concejo Nacional de Competencias registr\u00f3 y sent\u00f3 raz\u00f3n de esta adhesi\u00f3n en la ficha de inscripci\u00f3n correspondiente a N\u00b0 MANC-032-2015-CNC que costa en la Resoluci\u00f3n del CNC-002-16 sentada en el Registro oficial N\u00b0718 del 23 de marzo de 2016.<\/p><p>El 8 de mayo 2015 mediante Resoluci\u00f3n Rectificatoria N\u00ba 219 DE- ANT-2015 de 01 de junio 2015, y el Adendum a la Resoluci\u00f3n 067-DE-ANT-2015 de fecha 30 de noviembre 2015, se ampl\u00eda la certificaci\u00f3n para la ejecuci\u00f3n de la competencia de T\u00edtulos habilitantes, Matriculaci\u00f3n, Revisi\u00f3n T\u00e9cnica Vehicular; y Control Operativo a los cantones Eloy Alfaro, Rioverde y Santa Ana de Cotacachi, como miembros de la Mancomunidad de Tr\u00e1nsito Norte.<\/p><p>De esta forma se defini\u00f3 finalmente 15 cantones mancomunados con modelo de gesti\u00f3n A con ejecuci\u00f3n de la competencia de T\u00edtulos habilitantes para transporte p\u00fablico intracantonal, comercial en taxis convencionales y taxi ejecutivo, transporte de carga liviana y escolar insitucional; Matriculaci\u00f3n, Revisi\u00f3n T\u00e9cnica Vehicular y Control Operativo.<\/p>                        <\/div>\n\n                    <\/div>\n\n                <\/div><!-- .elementskit-card END -->\n\n                \n                <div class=\"elementskit-card \">\n                    <div class=\"elementskit-card-header\" id=\"primaryHeading-1-f991573\">\n                        <a href=\"#collapse-3dad4e069d5c1f307c65\" class=\"ekit-accordion--toggler elementskit-btn-link collapsed\" data-ekit-toggle=\"collapse\" data-target=\"#Collapse-3dad4e069d5c1f307c65\" aria-expanded=\"false\" aria-controls=\"Collapse-3dad4e069d5c1f307c65\">\n                            \n                            <span class=\"ekit-accordion-title\">Base Constitutiva<\/span>\n\n                            \n                                <div class=\"ekit_accordion_icon_group\">\n                                    <div class=\"ekit_accordion_normal_icon\">\n                                        <!-- Normal Icon -->\n\t\t\t\t\t\t\t\t\t\t<i class=\"icon icon-down-arrow1\"><\/i>                                    <\/div>\n\n                                    <div class=\"ekit_accordion_active_icon\">\n                                        <!-- Active Icon -->\n\t\t\t\t\t\t\t\t\t\t<i class=\"icon icon-up-arrow\"><\/i>                                    <\/div>\n                                <\/div>\n\n                            \n                                                    <\/a>\n                    <\/div>\n\n                    <div id=\"Collapse-3dad4e069d5c1f307c65\" class=\" collapse\" aria-labelledby=\"primaryHeading-1-f991573\" data-parent=\"#accordion-69d5c1f307c65\">\n\n                        <div class=\"elementskit-card-body ekit-accordion--content\">\n                            <a href=\"https:\/\/www.movidelnor.gob.ec\/webepm\/uniportalepm\/wp-content\/uploads\/2021\/09\/CONVENIO-DE-MANCOMUNIDAD-DEL-NORTE.pdf\" target=\"_blank\" style=\"color:#000;text-decoration:none;align-items:center;gap:6px\">\n  <i class=\"fas fa-file-alt\"><\/i>\n  E.E. 234 Mancomunidad Norte\n<\/a>\n                        <\/div>\n\n                    <\/div>\n\n                <\/div><!-- .elementskit-card END -->\n\n                                        <\/div>\n    <\/div>\t\t\t\t<\/div>\n\t\t\t\t\t<\/div>\n\t\t\t\t<\/div>\n\t\t\t\t<\/div>\n\t\t","protected":false},"excerpt":{"rendered":"<p>\u00bfQuienes Somos? Historia de la Mancomunidad El 13 de noviembre de 2014, a efectos de mejorar la administraci\u00f3n de la competencia de Tr\u00e1nsito, Trasporte Terrestre y Seguridad Vial, atribuida a los Gobiernos Aut\u00f3nomos Descentralizados Municipales, se suscribi\u00f3 el Convenio de Mancomunidad entre los Gobiernos Aut\u00f3nomos Descentralizados Municipales de las provincias de Carchi, Imbabura, Pichincha y [&hellip;]<\/p>\n","protected":false},"author":3,"featured_media":0,"parent":0,"menu_order":0,"comment_status":"closed","ping_status":"closed","template":"elementor_header_footer","meta":{"footnotes":""},"class_list":["post-2618","page","type-page","status-publish","hentry"],"aioseo_notices":[],"_links":{"self":[{"href":"https:\/\/movidelnor.gob.ec\/web\/webepm\/wp-json\/wp\/v2\/pages\/2618","targetHints":{"allow":["GET"]}}],"collection":[{"href":"https:\/\/movidelnor.gob.ec\/web\/webepm\/wp-json\/wp\/v2\/pages"}],"about":[{"href":"https:\/\/movidelnor.gob.ec\/web\/webepm\/wp-json\/wp\/v2\/types\/page"}],"author":[{"embeddable":true,"href":"https:\/\/movidelnor.gob.ec\/web\/webepm\/wp-json\/wp\/v2\/users\/3"}],"replies":[{"embeddable":true,"href":"https:\/\/movidelnor.gob.ec\/web\/webepm\/wp-json\/wp\/v2\/comments?post=2618"}],"version-history":[{"count":88,"href":"https:\/\/movidelnor.gob.ec\/web\/webepm\/wp-json\/wp\/v2\/pages\/2618\/revisions"}],"predecessor-version":[{"id":7743,"href":"https:\/\/movidelnor.gob.ec\/web\/webepm\/wp-json\/wp\/v2\/pages\/2618\/revisions\/7743"}],"wp:attachment":[{"href":"https:\/\/movidelnor.gob.ec\/web\/webepm\/wp-json\/wp\/v2\/media?parent=2618"}],"curies":[{"name":"wp","href":"https:\/\/api.w.org\/{rel}","templated":true}]}}