{"id":4219,"date":"2025-12-29T12:29:55","date_gmt":"2025-12-29T17:29:55","guid":{"rendered":"https:\/\/www.movidelnor.gob.ec\/web\/webepm\/?page_id=4219"},"modified":"2026-01-08T08:47:38","modified_gmt":"2026-01-08T13:47:38","slug":"poseer-vehiculo","status":"publish","type":"page","link":"https:\/\/movidelnor.gob.ec\/web\/webepm\/poseer-vehiculo\/","title":{"rendered":"Certificado Poseer Veh\u00edculo"},"content":{"rendered":"\t\t<div data-elementor-type=\"wp-page\" data-elementor-id=\"4219\" class=\"elementor elementor-4219\" data-elementor-post-type=\"page\">\n\t\t\t\t<div class=\"elementor-element elementor-element-01a44f3 e-flex e-con-boxed e-con e-parent\" data-id=\"01a44f3\" data-element_type=\"container\" data-e-type=\"container\" data-settings=\"{&quot;background_background&quot;:&quot;classic&quot;}\">\n\t\t\t\t\t<div class=\"e-con-inner\">\n\t\t<div class=\"elementor-element elementor-element-fd179df e-con-full e-grid e-con e-child\" data-id=\"fd179df\" data-element_type=\"container\" data-e-type=\"container\">\n\t\t\t\t<div class=\"elementor-element elementor-element-868152f elementor-widget elementor-widget-heading\" data-id=\"868152f\" data-element_type=\"widget\" data-e-type=\"widget\" data-widget_type=\"heading.default\">\n\t\t\t\t\t<h2 class=\"elementor-heading-title elementor-size-default\">CERTIFICADO DE POSEER VEH\u00cdCULO\n<\/h2>\t\t\t\t<\/div>\n\t\t\t\t<\/div>\n\t\t\t\t\t<\/div>\n\t\t\t\t<\/div>\n\t\t<div class=\"elementor-element elementor-element-7fd84e1 e-con-full e-flex e-con e-parent\" data-id=\"7fd84e1\" data-element_type=\"container\" data-e-type=\"container\" data-settings=\"{&quot;background_background&quot;:&quot;classic&quot;}\">\n\t\t\t\t<div class=\"elementor-element elementor-element-ceb22d1 elementor-widget elementor-widget-elementskit-heading\" data-id=\"ceb22d1\" data-element_type=\"widget\" data-e-type=\"widget\" data-widget_type=\"elementskit-heading.default\">\n\t\t\t\t\t<div class=\"ekit-wid-con\" ><div class=\"ekit-heading elementskit-section-title-wraper text_center   ekit_heading_tablet-   ekit_heading_mobile-\"><h2 class=\"ekit-heading--title elementskit-section-title \">Pasos a seguir:<\/h2><div class=\"ekit_heading_separetor_wraper ekit_heading_elementskit-border-divider elementskit-style-long\"><div class=\"elementskit-border-divider elementskit-style-long\"><\/div><\/div><\/div><\/div>\t\t\t\t<\/div>\n\t\t\t\t<div class=\"elementor-element elementor-element-165f264 elementor-widget elementor-widget-text-editor\" data-id=\"165f264\" data-element_type=\"widget\" data-e-type=\"widget\" data-widget_type=\"text-editor.default\">\n\t\t\t\t\t\t\t\t\t<div class=\"box\">\n<div class=\"importante-box\">\u26a0\ufe0f <strong>Importante:<\/strong> Todo tr\u00e1mite es personal<\/div>\n<div class=\"step\">\n<div class=\"step-num\">1<\/div>\n<div>Emitir orden de pago,\n<a href=\"https:\/\/servicios.axiscloud.ec\/SVT\/paginas\/portal\/svf_solicitar_servicio.jsp?ps_param_tip_serv=CEW&amp;ps_id_empresa=02\" target=\"_blank\" rel=\"noopener\">\nGENERAR AQU\u00cd ORDEN DE PAGO\n<\/a>\nen la p\u00e1gina web\n<a href=\"http:\/\/www.movidelnor.gob.ec\" target=\"_blank\" rel=\"noopener\">\nwww.movidelnor.gob.ec\n<\/a>\n(Tr\u00e1mites \u2013 Certificados) por el proceso de\n<strong>CERTIFICADO DE POSEER VEH\u00cdCULO<\/strong>.<\/div>\n<\/div>\n<div class=\"step\">\n<div class=\"step-num\">2<\/div>\n<div>Cancelar la Solicitud de Pago.<\/div>\n<\/div>\n<div class=\"step\">\n<div class=\"step-num\">3<\/div>\n<div>Consultar las <strong>INFRACCIONES DE TR\u00c1NSITO<\/strong> con el n\u00famero de su Placa en:\n<a href=\"http:\/\/www.movidelnor.gob.ec\" target=\"_blank\" rel=\"noopener\">MOVIDELNOR<\/a>\ny\n<a href=\"https:\/\/www.ant.gob.ec\" target=\"_blank\" rel=\"noopener\">ANT<\/a>.\nEn caso de poseer infracciones se las deber\u00e1 cancelar en el Banco del Pac\u00edfico,\ndem\u00e1s entidades bancarias y puntos de pago autorizados.<\/div>\n<\/div>\n<div class=\"step\">\n<div class=\"step-num\">4<\/div>\n<div>El certificado llegar\u00e1 al correo del propietario; caso contrario,\nacercarse a las oficinas de matriculaci\u00f3n de <strong>MOVIDELNOR<\/strong>\nel propietario o familiar directo con los documentos de identidad.<\/div>\n<\/div>\n<div class=\"step\">\n<div class=\"step-num\">5<\/div>\n<div>Original de matr\u00edcula y c\u00e9dula del propietario.<\/div>\n<\/div>\n<div class=\"list\">\n<h4>\ud83d\udccb Requisitos para veh\u00edculos empresariales<\/h4>\n<ul>\n \t<li>Nombramiento del representante legal.<\/li>\n \t<li>RUC de la empresa.<\/li>\n \t<li>Copia de c\u00e9dula y papeleta de votaci\u00f3n del representante legal.<\/li>\n \t<li>Autorizaci\u00f3n simple del representante legal.<\/li>\n<\/ul>\n<\/div>\n<\/div>\t\t\t\t\t\t\t\t<\/div>\n\t\t\t\t<\/div>\n\t\t\t\t<\/div>\n\t\t","protected":false},"excerpt":{"rendered":"<p>CERTIFICADO DE POSEER VEH\u00cdCULO Pasos a seguir: \u26a0\ufe0f Importante: Todo tr\u00e1mite es personal 1 Emitir orden de pago, GENERAR AQU\u00cd ORDEN DE PAGO en la p\u00e1gina web www.movidelnor.gob.ec (Tr\u00e1mites \u2013 Certificados) por el proceso de CERTIFICADO DE POSEER VEH\u00cdCULO. 2 Cancelar la Solicitud de Pago. 3 Consultar las INFRACCIONES DE TR\u00c1NSITO con el n\u00famero de [&hellip;]<\/p>\n","protected":false},"author":3,"featured_media":0,"parent":0,"menu_order":0,"comment_status":"closed","ping_status":"closed","template":"elementor_header_footer","meta":{"footnotes":""},"class_list":["post-4219","page","type-page","status-publish","hentry"],"aioseo_notices":[],"_links":{"self":[{"href":"https:\/\/movidelnor.gob.ec\/web\/webepm\/wp-json\/wp\/v2\/pages\/4219","targetHints":{"allow":["GET"]}}],"collection":[{"href":"https:\/\/movidelnor.gob.ec\/web\/webepm\/wp-json\/wp\/v2\/pages"}],"about":[{"href":"https:\/\/movidelnor.gob.ec\/web\/webepm\/wp-json\/wp\/v2\/types\/page"}],"author":[{"embeddable":true,"href":"https:\/\/movidelnor.gob.ec\/web\/webepm\/wp-json\/wp\/v2\/users\/3"}],"replies":[{"embeddable":true,"href":"https:\/\/movidelnor.gob.ec\/web\/webepm\/wp-json\/wp\/v2\/comments?post=4219"}],"version-history":[{"count":47,"href":"https:\/\/movidelnor.gob.ec\/web\/webepm\/wp-json\/wp\/v2\/pages\/4219\/revisions"}],"predecessor-version":[{"id":5672,"href":"https:\/\/movidelnor.gob.ec\/web\/webepm\/wp-json\/wp\/v2\/pages\/4219\/revisions\/5672"}],"wp:attachment":[{"href":"https:\/\/movidelnor.gob.ec\/web\/webepm\/wp-json\/wp\/v2\/media?parent=4219"}],"curies":[{"name":"wp","href":"https:\/\/api.w.org\/{rel}","templated":true}]}}