{"id":4350,"date":"2025-12-29T16:47:48","date_gmt":"2025-12-29T21:47:48","guid":{"rendered":"https:\/\/www.movidelnor.gob.ec\/web\/webepm\/?page_id=4350"},"modified":"2026-01-14T09:27:00","modified_gmt":"2026-01-14T14:27:00","slug":"renovacion-matricula-revision","status":"publish","type":"page","link":"https:\/\/movidelnor.gob.ec\/web\/webepm\/renovacion-matricula-revision\/","title":{"rendered":"Renovaci\u00f3n de Matricula y Revisi\u00f3n Vehicular"},"content":{"rendered":"\t\t<div data-elementor-type=\"wp-page\" data-elementor-id=\"4350\" class=\"elementor elementor-4350\" data-elementor-post-type=\"page\">\n\t\t\t\t<div class=\"elementor-element elementor-element-01a44f3 e-flex e-con-boxed e-con e-parent\" data-id=\"01a44f3\" data-element_type=\"container\" data-e-type=\"container\" data-settings=\"{&quot;background_background&quot;:&quot;classic&quot;}\">\n\t\t\t\t\t<div class=\"e-con-inner\">\n\t\t<div class=\"elementor-element elementor-element-fd179df e-con-full e-grid e-con e-child\" data-id=\"fd179df\" data-element_type=\"container\" data-e-type=\"container\">\n\t\t\t\t<div class=\"elementor-element elementor-element-868152f elementor-widget elementor-widget-heading\" data-id=\"868152f\" data-element_type=\"widget\" data-e-type=\"widget\" data-widget_type=\"heading.default\">\n\t\t\t\t\t<h2 class=\"elementor-heading-title elementor-size-default\">RENOVACI\u00d3N DE MATR\u00cdCULA Y REVISI\u00d3N VEHICULAR<\/h2>\t\t\t\t<\/div>\n\t\t\t\t<\/div>\n\t\t\t\t\t<\/div>\n\t\t\t\t<\/div>\n\t\t<div class=\"elementor-element elementor-element-7fd84e1 e-con-full e-flex e-con e-parent\" data-id=\"7fd84e1\" data-element_type=\"container\" data-e-type=\"container\" data-settings=\"{&quot;background_background&quot;:&quot;classic&quot;}\">\n\t\t\t\t<div class=\"elementor-element elementor-element-ceb22d1 elementor-widget elementor-widget-elementskit-heading\" data-id=\"ceb22d1\" data-element_type=\"widget\" data-e-type=\"widget\" data-widget_type=\"elementskit-heading.default\">\n\t\t\t\t\t<div class=\"ekit-wid-con\" ><div class=\"ekit-heading elementskit-section-title-wraper text_center   ekit_heading_tablet-   ekit_heading_mobile-\"><h2 class=\"ekit-heading--title elementskit-section-title \">Pasos a seguir:<\/h2><div class=\"ekit_heading_separetor_wraper ekit_heading_elementskit-border-divider elementskit-style-long\"><div class=\"elementskit-border-divider elementskit-style-long\"><\/div><\/div><\/div><\/div>\t\t\t\t<\/div>\n\t\t\t\t<div class=\"elementor-element elementor-element-ced6704 elementor-widget elementor-widget-text-editor\" data-id=\"ced6704\" data-element_type=\"widget\" data-e-type=\"widget\" data-widget_type=\"text-editor.default\">\n\t\t\t\t\t\t\t\t\t<div class=\"box\">\n\n<!-- PASOS -->\n<div class=\"step\">\n\n<span class=\"step-num\">1<\/span>\n<div>Generar orden de pago para <strong>renovaci\u00f3n y revisi\u00f3n t\u00e9cnica vehicular<\/strong> en:\n<a href=\"https:\/\/www.movidelnor.gob.ec\" target=\"_blank\" rel=\"noopener\">\nwww.movidelnor.gob.ec\n<\/a><\/div>\n<\/div>\n<div class=\"step\">\n\n<span class=\"step-num\">2<\/span>\n<div>Seleccionar el cant\u00f3n donde se realizar\u00e1 el tr\u00e1mite.<\/div>\n<\/div>\n<div class=\"step\">\n\n<span class=\"step-num\">3<\/span>\n<div>Digitar el n\u00famero de placa del veh\u00edculo.<\/div>\n<\/div>\n<div class=\"step\">\n\n<span class=\"step-num\">4<\/span>\n<div>Cancelar la orden de pago en el <strong>Banco del Pac\u00edfico<\/strong> o puntos autorizados.<\/div>\n<\/div>\n<!-- PAGOS -->\n<div class=\"list\">\n<h4>Pagos obligatorios seg\u00fan el cant\u00f3n<\/h4>\n<ul>\n \t<li><strong>Ibarra:<\/strong> Certificado de no adeudar al SISMERT (Municipio de Ibarra).<\/li>\n \t<li><strong>Mont\u00fafar:<\/strong> Pago del cuerpo de bomberos (validaci\u00f3n f\u00edsica).<\/li>\n \t<li><strong>Pedro Moncayo:<\/strong> Fondo vial Pichincha \u2013\n<a href=\"https:\/\/recaudaciones.pichincha.gob.ec\/collection\/by_vehicle_link\" target=\"_blank\" rel=\"noopener\">\nPagar aqu\u00ed\n<\/a><\/li>\n<\/ul>\n<\/div>\n<!-- REQUISITOS -->\n<div class=\"list\">\n<h4>Requisitos<\/h4>\n<ul>\n \t<li>Matr\u00edcula original o Certificado \u00danico Vehicular (CUV).<\/li>\n \t<li>Denuncia por p\u00e9rdida o robo de matricula emitida mediante la pagina web del Consejo de la Judicatura.<\/li>\n \t<li>Comprobantes de todos los pagos realizados (SRI, Sismert, movidelnor, infracciones de transito ANT y EPM)<\/li>\n \t<li>C\u00e9dula y certificado de votaci\u00f3n del propietario\n<em>(obligatorio si la matr\u00edcula est\u00e1 caducada)<\/em>.<\/li>\n<\/ul>\n<\/div>\n<!-- TERCERAS PERSONAS -->\n<h3>Quien Puede Realizar el Tramite CON MATRICULA CADUCADA:<\/h3>\n<!-- ACORDE\u00d3N PERSONA NATURAL -->\n<div class=\"accordion-header active\" data-accordion=\"natural\">En caso de realizar el tr\u00e1mite otra persona (persona natural)<\/div>\n<div id=\"contentNatural\" class=\"accordion-content open\" style=\"display: block;\">\n<ul>\n \t<li>Familiar en primer grado de consanguinidad o afinidad: presentando cedula y papeleta de votaci\u00f3n original .<\/li>\n \t<li>Terceras Personas: Poder especial original en caso de estar caducada la matricula.<\/li>\n<\/ul>\n<\/div>\n<br>\n<!-- ACORDE\u00d3N PERSONA JUR\u00cdDICA -->\n<div class=\"accordion-header active\" data-accordion=\"juridica\">Para personas jur\u00eddicas (empresas p\u00fablicas, privadas o estatales)<\/div>\n<div id=\"contentJuridica\" class=\"accordion-content open\"style=\"display: block;\">\n<ul>\n \t<li>C\u00e9dula y certificado de votaci\u00f3n del representante legal (original o copia fiel).<\/li>\n \t<li>C\u00e9dula y certificado de votaci\u00f3n original de la persona autorizada.<\/li>\n \t<li>RUC de la empresa.<\/li>\n \t<li>Nombramiento del representante legal vigente.<\/li>\n \t<li>Autorizaci\u00f3n simple original emitida por el representante legal.<\/li>\n<\/ul>\n<\/div>\n<\/div>\n<script>\n(function () {\n  var headers = document.querySelectorAll('.accordion-header');\n\n  headers.forEach(function (header) {\n    header.addEventListener('click', function () {\n      header.classList.toggle('active');\n      var content = header.nextElementSibling;\n      if (content) {\n        content.style.display =\n          content.style.display === 'block' ? 'none' : 'block';\n      }\n    });\n  });\n})();\n<\/script>\t\t\t\t\t\t\t\t<\/div>\n\t\t\t\t<\/div>\n\t\t\t\t<\/div>\n\t\t","protected":false},"excerpt":{"rendered":"<p>RENOVACI\u00d3N DE MATR\u00cdCULA Y REVISI\u00d3N VEHICULAR Pasos a seguir: 1 Generar orden de pago para renovaci\u00f3n y revisi\u00f3n t\u00e9cnica vehicular en: www.movidelnor.gob.ec 2 Seleccionar el cant\u00f3n donde se realizar\u00e1 el tr\u00e1mite. 3 Digitar el n\u00famero de placa del veh\u00edculo. 4 Cancelar la orden de pago en el Banco del Pac\u00edfico o puntos autorizados. Pagos obligatorios [&hellip;]<\/p>\n","protected":false},"author":3,"featured_media":0,"parent":0,"menu_order":0,"comment_status":"closed","ping_status":"closed","template":"elementor_header_footer","meta":{"footnotes":""},"class_list":["post-4350","page","type-page","status-publish","hentry"],"aioseo_notices":[],"_links":{"self":[{"href":"https:\/\/movidelnor.gob.ec\/web\/webepm\/wp-json\/wp\/v2\/pages\/4350","targetHints":{"allow":["GET"]}}],"collection":[{"href":"https:\/\/movidelnor.gob.ec\/web\/webepm\/wp-json\/wp\/v2\/pages"}],"about":[{"href":"https:\/\/movidelnor.gob.ec\/web\/webepm\/wp-json\/wp\/v2\/types\/page"}],"author":[{"embeddable":true,"href":"https:\/\/movidelnor.gob.ec\/web\/webepm\/wp-json\/wp\/v2\/users\/3"}],"replies":[{"embeddable":true,"href":"https:\/\/movidelnor.gob.ec\/web\/webepm\/wp-json\/wp\/v2\/comments?post=4350"}],"version-history":[{"count":49,"href":"https:\/\/movidelnor.gob.ec\/web\/webepm\/wp-json\/wp\/v2\/pages\/4350\/revisions"}],"predecessor-version":[{"id":5981,"href":"https:\/\/movidelnor.gob.ec\/web\/webepm\/wp-json\/wp\/v2\/pages\/4350\/revisions\/5981"}],"wp:attachment":[{"href":"https:\/\/movidelnor.gob.ec\/web\/webepm\/wp-json\/wp\/v2\/media?parent=4350"}],"curies":[{"name":"wp","href":"https:\/\/api.w.org\/{rel}","templated":true}]}}