{"id":4416,"date":"2025-12-30T11:47:50","date_gmt":"2025-12-30T16:47:50","guid":{"rendered":"https:\/\/www.movidelnor.gob.ec\/web\/webepm\/?page_id=4416"},"modified":"2026-01-14T09:32:22","modified_gmt":"2026-01-14T14:32:22","slug":"cambio-de-caracteristicas","status":"publish","type":"page","link":"https:\/\/movidelnor.gob.ec\/web\/webepm\/cambio-de-caracteristicas\/","title":{"rendered":"Cambio de Caracteristicas"},"content":{"rendered":"\t\t<div data-elementor-type=\"wp-page\" data-elementor-id=\"4416\" class=\"elementor elementor-4416\" data-elementor-post-type=\"page\">\n\t\t\t\t<div class=\"elementor-element elementor-element-01a44f3 e-flex e-con-boxed e-con e-parent\" data-id=\"01a44f3\" data-element_type=\"container\" data-e-type=\"container\" data-settings=\"{&quot;background_background&quot;:&quot;classic&quot;}\">\n\t\t\t\t\t<div class=\"e-con-inner\">\n\t\t<div class=\"elementor-element elementor-element-fd179df e-con-full e-grid e-con e-child\" data-id=\"fd179df\" data-element_type=\"container\" data-e-type=\"container\">\n\t\t\t\t<div class=\"elementor-element elementor-element-868152f elementor-widget elementor-widget-heading\" data-id=\"868152f\" data-element_type=\"widget\" data-e-type=\"widget\" data-widget_type=\"heading.default\">\n\t\t\t\t\t<h2 class=\"elementor-heading-title elementor-size-default\">CAMBIO DE CARACTER\u00cdSTICAS DEL VEH\u00cdCULO<\/h2>\t\t\t\t<\/div>\n\t\t\t\t<\/div>\n\t\t\t\t\t<\/div>\n\t\t\t\t<\/div>\n\t\t<div class=\"elementor-element elementor-element-7fd84e1 e-con-full e-flex e-con e-parent\" data-id=\"7fd84e1\" data-element_type=\"container\" data-e-type=\"container\" data-settings=\"{&quot;background_background&quot;:&quot;classic&quot;}\">\n\t\t\t\t<div class=\"elementor-element elementor-element-ceb22d1 elementor-widget elementor-widget-elementskit-heading\" data-id=\"ceb22d1\" data-element_type=\"widget\" data-e-type=\"widget\" data-widget_type=\"elementskit-heading.default\">\n\t\t\t\t\t<div class=\"ekit-wid-con\" ><div class=\"ekit-heading elementskit-section-title-wraper text_center   ekit_heading_tablet-   ekit_heading_mobile-\"><h2 class=\"ekit-heading--title elementskit-section-title \">Pasos a seguir:<\/h2><div class=\"ekit_heading_separetor_wraper ekit_heading_elementskit-border-divider elementskit-style-long\"><div class=\"elementskit-border-divider elementskit-style-long\"><\/div><\/div><\/div><\/div>\t\t\t\t<\/div>\n\t\t\t\t<div class=\"elementor-element elementor-element-ced6704 elementor-widget elementor-widget-text-editor\" data-id=\"ced6704\" data-element_type=\"widget\" data-e-type=\"widget\" data-widget_type=\"text-editor.default\">\n\t\t\t\t\t\t\t\t\t<div class=\"box\">\n \n<!-- CAMBIO DE COLOR -->\n<div class=\"accordion-header active\" data-accordion=\"color\">Cambio de Color, Clase, Tipo de Veh\u00edculo<\/div>\n<div id=\"accordion-color\" class=\"accordion-content open\"style=\"display: block;\">\n<div class=\"list\">\n<ul>\n \t<li>C\u00e9dula y certificado de votaci\u00f3n originales del propietario.<\/li>\n \t<li>Consultar infracciones en <strong>MOVIDELNOR<\/strong> y <strong>ANT<\/strong>.<\/li>\n \t<li>Cancelar multas en el <strong>Banco del Pac\u00edfico<\/strong>, si existen.<\/li>\n \t<li>RTV vigente.<\/li>\n \t<li>Matr\u00edcula original o, en caso de p\u00e9rdida:\n<ul>\n \t<li>CUV generado en\n<a href=\"https:\/\/www.movidelnor.gob.ec\" target=\"_blank\" rel=\"noopener\">\nwww.movidelnor.gob.ec\n<\/a><\/li>\n \t<li>Denuncia por p\u00e9rdida o robo emitida mediante la pagina web del Consejo de la Judicatura.<\/li>\n<\/ul>\n<\/li>\n<\/ul>\n<\/div>\n<\/div>\n<br>\n<!-- CAMBIO DE MOTOR -->\n<div class=\"accordion-header active\" data-accordion=\"motor\">Cambio de Motor<\/div>\n<div id=\"accordion-motor\" class=\"accordion-content open\" style=\"display: block;\">\n<div class=\"list\">\n<ul>\n \t<li>Factura de compra o documentos de importaci\u00f3n del nuevo motor.<\/li>\n \t<li>Autorizaci\u00f3n del representante legal de la marca del veh\u00edculo.<\/li>\n \t<li>C\u00e9dula y certificado de votaci\u00f3n vigentes.<\/li>\n \t<li>RTV vigente.<\/li>\n<\/ul>\n<\/div>\n<\/div>\n<!-- AUTORIZACI\u00d3N -->\n<h3>Quien Puede realizar el tr\u00e1mite:<\/h3>\n<!-- PERSONA NATURAL -->\n<div class=\"accordion-header active\" data-accordion=\"natural\">Persona Natural<\/div>\n<div id=\"accordion-natural\" class=\"accordion-content open\"style=\"display: block;\">\n<div class=\"list\">\n<ul>\n \t<li>Familiar en primer grado de consanguinidad o afinidad: presentando cedula y papeleta de votaci\u00f3n original .<\/li>\n \t<li>Terceras Personas: Poder especial original.<\/li>\n<\/ul> \n<\/div>\n<\/div>\n<br>\n<!-- PERSONA JUR\u00cdDICA -->\n<div class=\"accordion-header active\" data-accordion=\"juridica\">Persona Jur\u00eddica<\/div>\n<div id=\"accordion-juridica\" class=\"accordion-content open\"style=\"display: block;\">\n<div class=\"list\">\n<ul>\n \t<li>C\u00e9dula y certificado de votaci\u00f3n del representante legal (original o copia).<\/li>\n \t<li>C\u00e9dula y certificado de votaci\u00f3n original de la persona autorizada.<\/li>\n \t<li>RUC de la empresa.<\/li>\n \t<li>Nombramiento del representante legal vigente.<\/li>\n \t<li>Autorizaci\u00f3n simple original emitida por el representante legal.<\/li>\n<\/ul>\n<\/div>\n<\/div>\n<\/div>\n<script>\n(function () {\n\n  function toggleAccordion(id) {\n    const content = document.getElementById('accordion-' + id);\n    const header = document.querySelector('[data-accordion=\"' + id + '\"]');\n\n    if (!content || !header) return;\n\n    header.classList.toggle('active');\n    content.style.display = content.style.display === 'block' ? 'none' : 'block';\n  }\n\n  document.querySelectorAll('.accordion-header').forEach(header => {\n    header.addEventListener('click', () => {\n      toggleAccordion(header.dataset.accordion);\n    });\n  });\n\n})();\n<\/script>\t\t\t\t\t\t\t\t<\/div>\n\t\t\t\t<\/div>\n\t\t\t\t<\/div>\n\t\t","protected":false},"excerpt":{"rendered":"<p>CAMBIO DE CARACTER\u00cdSTICAS DEL VEH\u00cdCULO Pasos a seguir: Cambio de Color, Clase, Tipo de Veh\u00edculo C\u00e9dula y certificado de votaci\u00f3n originales del propietario. Consultar infracciones en MOVIDELNOR y ANT. Cancelar multas en el Banco del Pac\u00edfico, si existen. RTV vigente. Matr\u00edcula original o, en caso de p\u00e9rdida: CUV generado en www.movidelnor.gob.ec Denuncia por p\u00e9rdida o [&hellip;]<\/p>\n","protected":false},"author":3,"featured_media":0,"parent":0,"menu_order":0,"comment_status":"closed","ping_status":"closed","template":"elementor_header_footer","meta":{"footnotes":""},"class_list":["post-4416","page","type-page","status-publish","hentry"],"aioseo_notices":[],"_links":{"self":[{"href":"https:\/\/movidelnor.gob.ec\/web\/webepm\/wp-json\/wp\/v2\/pages\/4416","targetHints":{"allow":["GET"]}}],"collection":[{"href":"https:\/\/movidelnor.gob.ec\/web\/webepm\/wp-json\/wp\/v2\/pages"}],"about":[{"href":"https:\/\/movidelnor.gob.ec\/web\/webepm\/wp-json\/wp\/v2\/types\/page"}],"author":[{"embeddable":true,"href":"https:\/\/movidelnor.gob.ec\/web\/webepm\/wp-json\/wp\/v2\/users\/3"}],"replies":[{"embeddable":true,"href":"https:\/\/movidelnor.gob.ec\/web\/webepm\/wp-json\/wp\/v2\/comments?post=4416"}],"version-history":[{"count":31,"href":"https:\/\/movidelnor.gob.ec\/web\/webepm\/wp-json\/wp\/v2\/pages\/4416\/revisions"}],"predecessor-version":[{"id":5985,"href":"https:\/\/movidelnor.gob.ec\/web\/webepm\/wp-json\/wp\/v2\/pages\/4416\/revisions\/5985"}],"wp:attachment":[{"href":"https:\/\/movidelnor.gob.ec\/web\/webepm\/wp-json\/wp\/v2\/media?parent=4416"}],"curies":[{"name":"wp","href":"https:\/\/api.w.org\/{rel}","templated":true}]}}