{"id":4607,"date":"2026-01-05T14:37:32","date_gmt":"2026-01-05T19:37:32","guid":{"rendered":"https:\/\/www.movidelnor.gob.ec\/web\/webepm\/?page_id=4607"},"modified":"2026-01-14T10:54:17","modified_gmt":"2026-01-14T15:54:17","slug":"desbloqueo-de-vehiculo","status":"publish","type":"page","link":"https:\/\/movidelnor.gob.ec\/web\/webepm\/desbloqueo-de-vehiculo\/","title":{"rendered":"Desbloqueo de Veh\u00edculo"},"content":{"rendered":"\t\t<div data-elementor-type=\"wp-page\" data-elementor-id=\"4607\" class=\"elementor elementor-4607\" data-elementor-post-type=\"page\">\n\t\t\t\t<div class=\"elementor-element elementor-element-01a44f3 e-flex e-con-boxed e-con e-parent\" data-id=\"01a44f3\" data-element_type=\"container\" data-e-type=\"container\" data-settings=\"{&quot;background_background&quot;:&quot;classic&quot;}\">\n\t\t\t\t\t<div class=\"e-con-inner\">\n\t\t<div class=\"elementor-element elementor-element-fd179df e-con-full e-grid e-con e-child\" data-id=\"fd179df\" data-element_type=\"container\" data-e-type=\"container\">\n\t\t\t\t<div class=\"elementor-element elementor-element-868152f elementor-widget elementor-widget-heading\" data-id=\"868152f\" data-element_type=\"widget\" data-e-type=\"widget\" data-widget_type=\"heading.default\">\n\t\t\t\t\t<h2 class=\"elementor-heading-title elementor-size-default\">DESBLOQUEO DE VEH\u00cdCULO - RESERVA DE DOMINIO, PRENDA COMERCIAL O INDUSTRIAL<\/h2>\t\t\t\t<\/div>\n\t\t\t\t<\/div>\n\t\t\t\t\t<\/div>\n\t\t\t\t<\/div>\n\t\t<div class=\"elementor-element elementor-element-7fd84e1 e-con-full e-flex e-con e-parent\" data-id=\"7fd84e1\" data-element_type=\"container\" data-e-type=\"container\" data-settings=\"{&quot;background_background&quot;:&quot;classic&quot;}\">\n\t\t\t\t<div class=\"elementor-element elementor-element-ceb22d1 elementor-widget elementor-widget-elementskit-heading\" data-id=\"ceb22d1\" data-element_type=\"widget\" data-e-type=\"widget\" data-widget_type=\"elementskit-heading.default\">\n\t\t\t\t\t<div class=\"ekit-wid-con\" ><div class=\"ekit-heading elementskit-section-title-wraper text_center   ekit_heading_tablet-   ekit_heading_mobile-\"><h2 class=\"ekit-heading--title elementskit-section-title \">Pasos a seguir:<\/h2><div class=\"ekit_heading_separetor_wraper ekit_heading_elementskit-border-divider elementskit-style-long\"><div class=\"elementskit-border-divider elementskit-style-long\"><\/div><\/div><\/div><\/div>\t\t\t\t<\/div>\n\t\t\t\t<div class=\"elementor-element elementor-element-165f264 elementor-widget elementor-widget-text-editor\" data-id=\"165f264\" data-element_type=\"widget\" data-e-type=\"widget\" data-widget_type=\"text-editor.default\">\n\t\t\t\t\t\t\t\t\t<div class=\"box\">\n\n<!-- PASOS Y REQUISITOS -->\n<div class=\"accordion-header active\">Pasos y requisitos<\/div>\n<div class=\"accordion-content open\" style=\"display:block;\">\n<div class=\"step\">\n<div class=\"step-num\">1<\/div>\n<div>Certificado <strong>original<\/strong> de cancelaci\u00f3n del contrato emitido\npor el Registro Mercantil correspondiente. <strong>Aplica para:<\/strong>\n<ul>\n \t<li>Cancelaci\u00f3n de reserva de dominio<\/li>\n \t<li>Prenda comercial<\/li>\n \t<li>Prenda industrial<\/li>\n<\/ul>\nSi el documento cuenta con <strong>firma electr\u00f3nica<\/strong>, presentar\nel <strong>PDF original<\/strong> enviado al correo por la instituci\u00f3n emisora.\n\nEn caso de disponer \u00fanicamente de versi\u00f3n digital, podr\u00e1 presentarse\n<strong>materializado en una notar\u00eda<\/strong>.\n\n<\/div>\n<\/div>\n<div class=\"step\">\n<div class=\"step-num\">2<\/div>\n<div>\n\nPara el caso de desbloqueos de reserva de dominio adquirido mediante <strong>menaje de migrante<\/strong> <strong>diplom\u00e1tico<\/strong> o <strong>discapacitado<\/strong>\n<ul>\n \t<li>Debera Presentar el documento del servicio nacional de Aduana del Ecuador (SENAE) con la autorizacion correspondiente.<\/li>\n<\/ul>\n<\/div>\n<\/div>\n<div class=\"step\">\n<div class=\"step-num\">2<\/div>\n<div>\n\nPara el caso de desbloqueos de reserva de dominio adquirido mediante <strong>menaje de migrante<\/strong> <strong>diplom\u00e1tico<\/strong> o <strong>discapacitado<\/strong>\n<ul>\n \t<li>Debera Presentar el documento del servicio nacional de Aduana del Ecuador (SENAE) con la autorizacion correspondiente.<\/li>\n<\/ul>\n<\/div>\n<\/div>\n<div class=\"step\">\n<div class=\"step-num\">2<\/div>\n<div>\n\nPara el caso de desbloqueos con <strong>orden judicial<\/strong>\n<ul>\n \t<li>Debera Presentar el respectivo documento de autoridad competente original.<\/li>\n \t<li>Para este caso se omiten los siguientes requisitos mencionados a continuacion.<\/li>\n<\/ul>\n<\/div>\n<\/div>\n<div class=\"step\">\n<div class=\"step-num\">2<\/div>\n<div>Presentar matr\u00edcula original del veh\u00edculo.<\/div>\n<\/div>\n<div class=\"step\">\n<div class=\"step-num\">3<\/div>\n<div>Presentar c\u00e9dula y certificado de votaci\u00f3n\n<strong>originales y vigentes<\/strong> del propietario.<\/div>\n<\/div>\n<div class=\"step\">\n<div class=\"step-num\">4<\/div>\n<div>Consultar infracciones o coactivas en\n<strong>MOVIDELNOR<\/strong> y <strong>ANT<\/strong> utilizando\nc\u00e9dula y placa del veh\u00edculo.En caso de existir valores pendientes, deber\u00e1n ser\n<strong>cancelados en el Banco del Pac\u00edfico<\/strong>.<\/div>\n<\/div>\n<div class=\"step\">\n<div class=\"step-num\">2<\/div>\n<div>Pago del Sismert (Municipio Ibarra)<\/div>\n<\/div>\n<\/div>\n<!-- AUTORIZACI\u00d3N -->\n<h3>Quien Puede realizar el tr\u00e1mite:<\/h3>\n<!-- PERSONA NATURAL -->\n<div class=\"accordion-header active\" data-accordion=\"natural\">Persona Natural<\/div>\n<div id=\"accordion-natural\" class=\"accordion-content open\"style=\"display:block;\">\n<div class=\"list\">\n<ul>\n \t<li>Familiar en primer grado de consanguinidad o afinidad: presentando cedula y papeleta de votaci\u00f3n original .<\/li>\n \t<li>Terceras Personas: Poder especial original.<\/li>\n<\/ul>\n<\/div>\n<\/div>\n<br>\n<!-- PERSONA JUR\u00cdDICA -->\n<div class=\"accordion-header active\" data-accordion=\"juridica\">Persona Jur\u00eddica<\/div>\n<div id=\"accordion-juridica\" class=\"accordion-content open\" style=\"display:block;\">\n<div class=\"list\">\n<ul>\n \t<li>C\u00e9dula y certificado de votaci\u00f3n del representante legal (original o copia).<\/li>\n \t<li>C\u00e9dula y certificado de votaci\u00f3n original de la persona autorizada.<\/li>\n \t<li>RUC de la empresa.<\/li>\n \t<li>Nombramiento del representante legal vigente.<\/li>\n \t<li>Autorizaci\u00f3n simple original emitida por el representante legal.<\/li>\n<\/ul>\n<\/div>\n<\/div>\n<!-- NOTA FINAL -->\n<!-- REQUISITOS -->\n<div class=\"list\">\n<h4>Observaciones<\/h4>\n<ul>\n \t<li>Desbloqueo por cambio de propietario realiza la Agencia Nacional de Transito.<\/li>\n \t<li>Desbloqueo por robo realizar Policia Judicial.<\/li>\n<\/ul>\n<\/div>\n<\/div>\n<script>\n(function () {\n  document.querySelectorAll('.accordion-header').forEach(header => {\n    header.addEventListener('click', () => {\n      header.classList.toggle('active');\n      const content = header.nextElementSibling;\n      if (!content) return;\n      content.style.display =\n        content.style.display === 'block' ? 'none' : 'block';\n    });\n  });\n})();\n<\/script>\t\t\t\t\t\t\t\t<\/div>\n\t\t\t\t<\/div>\n\t\t\t\t<\/div>\n\t\t","protected":false},"excerpt":{"rendered":"<p>DESBLOQUEO DE VEH\u00cdCULO &#8211; RESERVA DE DOMINIO, PRENDA COMERCIAL O INDUSTRIAL Pasos a seguir: Pasos y requisitos 1 Certificado original de cancelaci\u00f3n del contrato emitido por el Registro Mercantil correspondiente. Aplica para: Cancelaci\u00f3n de reserva de dominio Prenda comercial Prenda industrial Si el documento cuenta con firma electr\u00f3nica, presentar el PDF original enviado al correo [&hellip;]<\/p>\n","protected":false},"author":3,"featured_media":0,"parent":0,"menu_order":0,"comment_status":"closed","ping_status":"closed","template":"elementor_header_footer","meta":{"footnotes":""},"class_list":["post-4607","page","type-page","status-publish","hentry"],"aioseo_notices":[],"_links":{"self":[{"href":"https:\/\/movidelnor.gob.ec\/web\/webepm\/wp-json\/wp\/v2\/pages\/4607","targetHints":{"allow":["GET"]}}],"collection":[{"href":"https:\/\/movidelnor.gob.ec\/web\/webepm\/wp-json\/wp\/v2\/pages"}],"about":[{"href":"https:\/\/movidelnor.gob.ec\/web\/webepm\/wp-json\/wp\/v2\/types\/page"}],"author":[{"embeddable":true,"href":"https:\/\/movidelnor.gob.ec\/web\/webepm\/wp-json\/wp\/v2\/users\/3"}],"replies":[{"embeddable":true,"href":"https:\/\/movidelnor.gob.ec\/web\/webepm\/wp-json\/wp\/v2\/comments?post=4607"}],"version-history":[{"count":31,"href":"https:\/\/movidelnor.gob.ec\/web\/webepm\/wp-json\/wp\/v2\/pages\/4607\/revisions"}],"predecessor-version":[{"id":6005,"href":"https:\/\/movidelnor.gob.ec\/web\/webepm\/wp-json\/wp\/v2\/pages\/4607\/revisions\/6005"}],"wp:attachment":[{"href":"https:\/\/movidelnor.gob.ec\/web\/webepm\/wp-json\/wp\/v2\/media?parent=4607"}],"curies":[{"name":"wp","href":"https:\/\/api.w.org\/{rel}","templated":true}]}}