{"id":4618,"date":"2026-01-05T14:57:26","date_gmt":"2026-01-05T19:57:26","guid":{"rendered":"https:\/\/www.movidelnor.gob.ec\/web\/webepm\/?page_id=4618"},"modified":"2026-01-14T10:59:13","modified_gmt":"2026-01-14T15:59:13","slug":"bloqueo-de-vehiculo","status":"publish","type":"page","link":"https:\/\/movidelnor.gob.ec\/web\/webepm\/bloqueo-de-vehiculo\/","title":{"rendered":"Bloqueo de Veh\u00edculo"},"content":{"rendered":"\t\t<div data-elementor-type=\"wp-page\" data-elementor-id=\"4618\" class=\"elementor elementor-4618\" data-elementor-post-type=\"page\">\n\t\t\t\t<div class=\"elementor-element elementor-element-01a44f3 e-flex e-con-boxed e-con e-parent\" data-id=\"01a44f3\" data-element_type=\"container\" data-e-type=\"container\" data-settings=\"{&quot;background_background&quot;:&quot;classic&quot;}\">\n\t\t\t\t\t<div class=\"e-con-inner\">\n\t\t<div class=\"elementor-element elementor-element-fd179df e-con-full e-grid e-con e-child\" data-id=\"fd179df\" data-element_type=\"container\" data-e-type=\"container\">\n\t\t\t\t<div class=\"elementor-element elementor-element-868152f elementor-widget elementor-widget-heading\" data-id=\"868152f\" data-element_type=\"widget\" data-e-type=\"widget\" data-widget_type=\"heading.default\">\n\t\t\t\t\t<h2 class=\"elementor-heading-title elementor-size-default\">BLOQUEO DE VEH\u00cdCULO RESERVA DE DOMINIO, PRENDA COMERCIAL, PRENDA INDUSTRIAL Y\/O CONTRATO DE ADHESI\u00d3N AL FIDEICOMISO\n<\/h2>\t\t\t\t<\/div>\n\t\t\t\t<\/div>\n\t\t\t\t\t<\/div>\n\t\t\t\t<\/div>\n\t\t<div class=\"elementor-element elementor-element-7fd84e1 e-con-full e-flex e-con e-parent\" data-id=\"7fd84e1\" data-element_type=\"container\" data-e-type=\"container\" data-settings=\"{&quot;background_background&quot;:&quot;classic&quot;}\">\n\t\t\t\t<div class=\"elementor-element elementor-element-ceb22d1 elementor-widget elementor-widget-elementskit-heading\" data-id=\"ceb22d1\" data-element_type=\"widget\" data-e-type=\"widget\" data-widget_type=\"elementskit-heading.default\">\n\t\t\t\t\t<div class=\"ekit-wid-con\" ><div class=\"ekit-heading elementskit-section-title-wraper text_center   ekit_heading_tablet-   ekit_heading_mobile-\"><h2 class=\"ekit-heading--title elementskit-section-title \">Pasos a seguir:<\/h2><div class=\"ekit_heading_separetor_wraper ekit_heading_elementskit-border-divider elementskit-style-long\"><div class=\"elementskit-border-divider elementskit-style-long\"><\/div><\/div><\/div><\/div>\t\t\t\t<\/div>\n\t\t\t\t<div class=\"elementor-element elementor-element-165f264 elementor-widget elementor-widget-text-editor\" data-id=\"165f264\" data-element_type=\"widget\" data-e-type=\"widget\" data-widget_type=\"text-editor.default\">\n\t\t\t\t\t\t\t\t\t<div class=\"box\">\n<p><!-- PASOS Y REQUISITOS --><\/p>\n<div class=\"accordion-header active\">Pasos y requisitos<\/div>\n<div class=\"accordion-content open\" style=\"display: block;\">\n<div class=\"step\">\n<div class=\"step-num\">1<\/div>\n<div><p>Certificado <strong>original<\/strong> del Registro Mercantil de inscripci\u00f3n<br>del contrato correspondiente.&nbsp;<strong>Aplica para:<\/strong><\/p>\n<ul>\n<li>Reserva de dominio<\/li>\n<li>Prenda comercial<\/li>\n<li>Prenda industrial<\/li>\n<\/ul>\n<p><strong>Si el documento est\u00e1 firmado electr\u00f3nicamente:<\/strong><\/p>\n<ul>\n<li>Presentar el <strong>PDF original<\/strong> enviado al correo por la instituci\u00f3n emisora.<\/li>\n<li>Solicitar el documento original PDF directamente.<\/li>\n<li>Materializarlo en una notar\u00eda si solo se dispone de versi\u00f3n electr\u00f3nica.<\/li>\n<\/ul>\n<\/div>\n<\/div>\n<div class=\"step\">\n<div class=\"step-num\">2<\/div>\n<div>\n<p>Para el caso de bloqueo bajo la figura de fideicomiso mercantil<\/p>\n<ul>\n<li>Debera presentar el contrato de adhesion fideicomiso mercantil de garant\u00eda original.<\/li>\n<\/ul>\n<\/div>\n<\/div>\n<div class=\"step\">\n<div class=\"step-num\">2<\/div>\n<div>\n<p>Para el caso de bloqueo por menaje de migrante diplomatico o discapacitado.<\/p>\n<ul>\n<li>Debera presentar el documento nacional de Aduana del Ecuador (SENAE) con la autorizacion correspondiente indicando las caracteristicas del vehiculo a bloquear.<\/li>\n<\/ul>\n<\/div>\n<\/div>\n<div class=\"step\">\n<div class=\"step-num\">2<\/div>\n<div>\n<p>Para el caso de bloqueos por <strong>orden judicial<\/strong>.<\/p>\n<ul>\n<li>Debera presentar el respectivo documento original de la autoridad competente.<\/li>\n<li>Para este caso se omiten los siguientes requisitos mencionados a continuacion.<\/li>\n<\/ul>\n<\/div>\n<\/div>\n<div class=\"step\">\n<div class=\"step-num\">2<\/div>\n<div>Presentar matr\u00edcula original del veh\u00edculo.<\/div>\n<\/div>\n<div class=\"step\">\n<div class=\"step-num\">3<\/div>\n<div>Presentar c\u00e9dula y certificado de votaci\u00f3n<br><strong>originales<\/strong> del propietario.<\/div>\n<\/div>\n<div class=\"step\">\n<div class=\"step-num\">4<\/div>\n<div>Verificar infracciones y coactivas de tr\u00e1nsito en<br><strong>MOVIDELNOR<\/strong> y <strong>ANT<\/strong>, utilizando<br>el n\u00famero de c\u00e9dula y la placa del veh\u00edculo.En caso de registrar valores pendientes, deber\u00e1n ser<br><strong>cancelados en el Banco del Pac\u00edfico<\/strong>.<\/div>\n<\/div>\n<\/div>\n<p><!-- REQUISITOS --><\/p>\n<div class=\"list\">\n<h4>Observaciones:<\/h4>\n<ul>\n<li>Bloqueo por robo realiza Policia Judicial.<\/li>\n<li>Bloqueo por cambio de propietario realiza la Agencia Nacional<\/li>\n<\/ul>\n<\/div>\n<p><!-- AUTORIZACI\u00d3N --><\/p>\n<h3>Quien Puede realizar el tr\u00e1mite:<\/h3>\n<p><!-- PERSONA NATURAL --><\/p>\n<div class=\"accordion-header active\" data-accordion=\"natural\">Persona Natural<\/div>\n<div id=\"accordion-natural\" class=\"accordion-content open\"style=\"display:block;\">\n<div class=\"list\">\n<ul>\n<li>Familiar en primer grado de consanguinidad o afinidad: presentando cedula y papeleta de votaci\u00f3n original .<\/li>\n<li>Terceras Personas: Poder especial original.<\/li>\n<\/ul>\n<\/div>\n<\/div>\n<p><!-- PERSONA JUR\u00cdDICA --><\/p>\n<div class=\"accordion-header active\" data-accordion=\"juridica\">Persona Jur\u00eddica<\/div>\n<div id=\"accordion-juridica\" class=\"accordion-content open\" style=\"display:block;\">\n<div class=\"list\">\n<ul>\n<li>C\u00e9dula y certificado de votaci\u00f3n del representante legal (original o copia).<\/li>\n<li>C\u00e9dula y certificado de votaci\u00f3n original de la persona autorizada.<\/li>\n<li>RUC de la empresa.<\/li>\n<li>Nombramiento del representante legal vigente.<\/li>\n<li>Autorizaci\u00f3n simple original emitida por el representante legal.<\/li>\n<\/ul>\n<\/div>\n<\/div>\n<\/div>\n<p><script>\n(function () {\n  document.querySelectorAll('.accordion-header').forEach(header => {\n    header.addEventListener('click', () => {\n      header.classList.toggle('active');\n      const content = header.nextElementSibling;\n      if (!content) return;\n      content.style.display =\n        content.style.display === 'block' ? 'none' : 'block';\n    });\n  });\n})();\n<\/script><\/p>\t\t\t\t\t\t\t\t<\/div>\n\t\t\t\t<\/div>\n\t\t\t\t<\/div>\n\t\t","protected":false},"excerpt":{"rendered":"<p>BLOQUEO DE VEH\u00cdCULO RESERVA DE DOMINIO, PRENDA COMERCIAL, PRENDA INDUSTRIAL Y\/O CONTRATO DE ADHESI\u00d3N AL FIDEICOMISO Pasos a seguir: Pasos y requisitos 1 Certificado original del Registro Mercantil de inscripci\u00f3ndel contrato correspondiente.&nbsp;Aplica para: Reserva de dominio Prenda comercial Prenda industrial Si el documento est\u00e1 firmado electr\u00f3nicamente: Presentar el PDF original enviado al correo por la [&hellip;]<\/p>\n","protected":false},"author":3,"featured_media":0,"parent":0,"menu_order":0,"comment_status":"closed","ping_status":"closed","template":"elementor_header_footer","meta":{"footnotes":""},"class_list":["post-4618","page","type-page","status-publish","hentry"],"aioseo_notices":[],"_links":{"self":[{"href":"https:\/\/movidelnor.gob.ec\/web\/webepm\/wp-json\/wp\/v2\/pages\/4618","targetHints":{"allow":["GET"]}}],"collection":[{"href":"https:\/\/movidelnor.gob.ec\/web\/webepm\/wp-json\/wp\/v2\/pages"}],"about":[{"href":"https:\/\/movidelnor.gob.ec\/web\/webepm\/wp-json\/wp\/v2\/types\/page"}],"author":[{"embeddable":true,"href":"https:\/\/movidelnor.gob.ec\/web\/webepm\/wp-json\/wp\/v2\/users\/3"}],"replies":[{"embeddable":true,"href":"https:\/\/movidelnor.gob.ec\/web\/webepm\/wp-json\/wp\/v2\/comments?post=4618"}],"version-history":[{"count":16,"href":"https:\/\/movidelnor.gob.ec\/web\/webepm\/wp-json\/wp\/v2\/pages\/4618\/revisions"}],"predecessor-version":[{"id":6008,"href":"https:\/\/movidelnor.gob.ec\/web\/webepm\/wp-json\/wp\/v2\/pages\/4618\/revisions\/6008"}],"wp:attachment":[{"href":"https:\/\/movidelnor.gob.ec\/web\/webepm\/wp-json\/wp\/v2\/media?parent=4618"}],"curies":[{"name":"wp","href":"https:\/\/api.w.org\/{rel}","templated":true}]}}