{"id":4635,"date":"2026-01-05T15:26:11","date_gmt":"2026-01-05T20:26:11","guid":{"rendered":"https:\/\/www.movidelnor.gob.ec\/web\/webepm\/?page_id=4635"},"modified":"2026-01-14T11:03:06","modified_gmt":"2026-01-14T16:03:06","slug":"emision-primera-vez-automotores-municipales-estatales","status":"publish","type":"page","link":"https:\/\/movidelnor.gob.ec\/web\/webepm\/emision-primera-vez-automotores-municipales-estatales\/","title":{"rendered":"Emisi\u00f3n Primera vez Automotores Municipales o Estatales"},"content":{"rendered":"\t\t<div data-elementor-type=\"wp-page\" data-elementor-id=\"4635\" class=\"elementor elementor-4635\" data-elementor-post-type=\"page\">\n\t\t\t\t<div class=\"elementor-element elementor-element-01a44f3 e-flex e-con-boxed e-con e-parent\" data-id=\"01a44f3\" data-element_type=\"container\" data-e-type=\"container\" data-settings=\"{&quot;background_background&quot;:&quot;classic&quot;}\">\n\t\t\t\t\t<div class=\"e-con-inner\">\n\t\t<div class=\"elementor-element elementor-element-fd179df e-con-full e-grid e-con e-child\" data-id=\"fd179df\" data-element_type=\"container\" data-e-type=\"container\">\n\t\t\t\t<div class=\"elementor-element elementor-element-868152f elementor-widget elementor-widget-heading\" data-id=\"868152f\" data-element_type=\"widget\" data-e-type=\"widget\" data-widget_type=\"heading.default\">\n\t\t\t\t\t<h2 class=\"elementor-heading-title elementor-size-default\">EMISI\u00d3N POR PRIMERA VEZ\nVEH\u00cdCULOS Y MOTOS DE INSTITUCIONES ESTATALES O MUNICIPALES<\/h2>\t\t\t\t<\/div>\n\t\t\t\t<\/div>\n\t\t\t\t\t<\/div>\n\t\t\t\t<\/div>\n\t\t<div class=\"elementor-element elementor-element-7fd84e1 e-con-full e-flex e-con e-parent\" data-id=\"7fd84e1\" data-element_type=\"container\" data-e-type=\"container\" data-settings=\"{&quot;background_background&quot;:&quot;classic&quot;}\">\n\t\t\t\t<div class=\"elementor-element elementor-element-ceb22d1 elementor-widget elementor-widget-elementskit-heading\" data-id=\"ceb22d1\" data-element_type=\"widget\" data-e-type=\"widget\" data-widget_type=\"elementskit-heading.default\">\n\t\t\t\t\t<div class=\"ekit-wid-con\" ><div class=\"ekit-heading elementskit-section-title-wraper text_center   ekit_heading_tablet-   ekit_heading_mobile-\"><h2 class=\"ekit-heading--title elementskit-section-title \">Pasos a seguir:<\/h2><div class=\"ekit_heading_separetor_wraper ekit_heading_elementskit-border-divider elementskit-style-long\"><div class=\"elementskit-border-divider elementskit-style-long\"><\/div><\/div><\/div><\/div>\t\t\t\t<\/div>\n\t\t\t\t<div class=\"elementor-element elementor-element-165f264 elementor-widget elementor-widget-text-editor\" data-id=\"165f264\" data-element_type=\"widget\" data-e-type=\"widget\" data-widget_type=\"text-editor.default\">\n\t\t\t\t\t\t\t\t\t<div class=\"box\">\n<div class=\"accordion-header active\">Detalle del tr\u00e1mite<\/div>\n<div class=\"accordion-content\">\n<div class=\"step\">\n<div class=\"step-num\">1<\/div>\n<div>Emitir orden de pago,\n<a href=\"https:\/\/servicios.axiscloud.ec\/SVT\/paginas\/portal\/svf_solicitar_servicio.jsp?ps_param_tip_serv=CEW&amp;ps_id_empresa=02\" target=\"_blank\" rel=\"noopener\">\nGENERAR AQU\u00cd ORDEN DE PAGO\n<\/a>\npor el proceso de\n<strong>Emision por Primera Vez<\/strong>.<\/div>\n<\/div>\n<div class=\"step\">\n<div class=\"step-num\">1<\/div>\n<div>Factura comercial certificada por el concesionario autorizado.<\/div>\n<\/div>\n<div class=\"step\">\n<div class=\"step-num\">1<\/div>\n<div>Orden de pago y comprobante original de placas (23$ vehiculos) (13$ motos).<\/div>\n<\/div>\n<div class=\"step\">\n<div class=\"step-num\">2<\/div>\n<div>Actualizaci\u00f3n de datos del propietario\n(persona juridica) en las oficinas de atenci\u00f3n\nal cliente de <strong>MOVIDELNOR<\/strong>.<\/div>\n<\/div>\n<div class=\"step\">\n<div class=\"step-num\">3<\/div>\n<div>Improntas certificadas por la casa comercial del veh\u00edculo\no motocicleta.<\/div>\n<\/div>\n<div class=\"step\">\n<div class=\"step-num\">4<\/div>\n<div>Pago de matr\u00edcula <strong>SRI<\/strong> original\n(realizar el pago en el <strong>Banco del Pac\u00edfico<\/strong>).<\/div>\n<\/div>\n<div class=\"step\">\n<div class=\"step-num\">3<\/div>\n<div>Homologacion ANT solo para motos.<\/div>\n<\/div>\n<div class=\"step\">\n<div class=\"step-num\">5<\/div>\n<div>\n\nPagos municipales seg\u00fan el cant\u00f3n:\n<ul>\n \t<li><strong>Ibarra:<\/strong> Certificado de no adeudar al SISMERT.<\/li>\n \t<li><strong>Mont\u00fafar:<\/strong> Pago al cuerpo de bomberos.<\/li>\n<\/ul>\n<\/div>\n<\/div>\n<div class=\"step\">\n<div class=\"step-num\">6<\/div>\n<div>\n\nDocumentaci\u00f3n requerida:\n<ul>\n \t<li>C\u00e9dula de identidad y papeleta de votacion del representante legal (copia a color)<\/li>\n \t<li>RUC de la Institucion<\/li>\n \t<li>Nombramiento Vigente del Representante Legal<\/li>\n \t<li>Autorizacion simple Original<\/li>\n \t<li>Cedula y Papeleta de votacion original de la persona autorizada<\/li>\n<\/ul>\n<\/div>\n<\/div>\n<div class=\"step\">\n<div class=\"step-num\">8<\/div>\n<div>\n\nEn caso que el vehiculo haya sido adquirido con reserva de dominio, prenda comercial, prenda industrial debera presentar el contrato original inscrito en el registro mercantil donde se indique que existe el respectivo gravamen\n\n<\/div>\n<\/div>\n<\/div>\n<div class=\"importante-box\">Importante sobre documentos electr\u00f3nicos:\nTodo documento con firma electr\u00f3nica debe enviarse al correo\n<strong>digitacion@reviplus.com<\/strong><\/div>\n<\/div>\n<script>\ndocument.addEventListener('DOMContentLoaded', function () {\n\n  document.querySelectorAll('.accordion-header').forEach(header => {\n    const content = header.nextElementSibling;\n\n    \/* === ABIERTO POR DEFECTO === *\/\n    header.classList.add('active');\n    content.style.display = 'block';\n\n    \/* === TOGGLE AL CLICK === *\/\n    header.addEventListener('click', function () {\n      const isOpen = content.style.display === 'block';\n\n      header.classList.toggle('active', !isOpen);\n      content.style.display = isOpen ? 'none' : 'block';\n\n      \/* Forzar recalculo Elementor *\/\n      setTimeout(() => {\n        window.dispatchEvent(new Event('resize'));\n      }, 100);\n    });\n  });\n\n});\n<\/script>\t\t\t\t\t\t\t\t<\/div>\n\t\t\t\t<\/div>\n\t\t\t\t<\/div>\n\t\t","protected":false},"excerpt":{"rendered":"<p>EMISI\u00d3N POR PRIMERA VEZ VEH\u00cdCULOS Y MOTOS DE INSTITUCIONES ESTATALES O MUNICIPALES Pasos a seguir: Detalle del tr\u00e1mite 1 Emitir orden de pago, GENERAR AQU\u00cd ORDEN DE PAGO por el proceso de Emision por Primera Vez. 1 Factura comercial certificada por el concesionario autorizado. 1 Orden de pago y comprobante original de placas (23$ vehiculos) [&hellip;]<\/p>\n","protected":false},"author":3,"featured_media":0,"parent":0,"menu_order":0,"comment_status":"closed","ping_status":"closed","template":"elementor_header_footer","meta":{"footnotes":""},"class_list":["post-4635","page","type-page","status-publish","hentry"],"aioseo_notices":[],"_links":{"self":[{"href":"https:\/\/movidelnor.gob.ec\/web\/webepm\/wp-json\/wp\/v2\/pages\/4635","targetHints":{"allow":["GET"]}}],"collection":[{"href":"https:\/\/movidelnor.gob.ec\/web\/webepm\/wp-json\/wp\/v2\/pages"}],"about":[{"href":"https:\/\/movidelnor.gob.ec\/web\/webepm\/wp-json\/wp\/v2\/types\/page"}],"author":[{"embeddable":true,"href":"https:\/\/movidelnor.gob.ec\/web\/webepm\/wp-json\/wp\/v2\/users\/3"}],"replies":[{"embeddable":true,"href":"https:\/\/movidelnor.gob.ec\/web\/webepm\/wp-json\/wp\/v2\/comments?post=4635"}],"version-history":[{"count":151,"href":"https:\/\/movidelnor.gob.ec\/web\/webepm\/wp-json\/wp\/v2\/pages\/4635\/revisions"}],"predecessor-version":[{"id":6014,"href":"https:\/\/movidelnor.gob.ec\/web\/webepm\/wp-json\/wp\/v2\/pages\/4635\/revisions\/6014"}],"wp:attachment":[{"href":"https:\/\/movidelnor.gob.ec\/web\/webepm\/wp-json\/wp\/v2\/media?parent=4635"}],"curies":[{"name":"wp","href":"https:\/\/api.w.org\/{rel}","templated":true}]}}