{"id":4645,"date":"2026-01-05T15:38:31","date_gmt":"2026-01-05T20:38:31","guid":{"rendered":"https:\/\/www.movidelnor.gob.ec\/web\/webepm\/?page_id=4645"},"modified":"2026-01-14T11:15:32","modified_gmt":"2026-01-14T16:15:32","slug":"emision-primera-vez-vehiculos-motocicletas-particulares","status":"publish","type":"page","link":"https:\/\/movidelnor.gob.ec\/web\/webepm\/emision-primera-vez-vehiculos-motocicletas-particulares\/","title":{"rendered":"Emisi\u00f3n Primera vez Veh\u00edculos y Motocicletas Particulares"},"content":{"rendered":"\t\t<div data-elementor-type=\"wp-page\" data-elementor-id=\"4645\" class=\"elementor elementor-4645\" data-elementor-post-type=\"page\">\n\t\t\t\t<div class=\"elementor-element elementor-element-01a44f3 e-flex e-con-boxed e-con e-parent\" data-id=\"01a44f3\" data-element_type=\"container\" data-e-type=\"container\" data-settings=\"{&quot;background_background&quot;:&quot;classic&quot;}\">\n\t\t\t\t\t<div class=\"e-con-inner\">\n\t\t<div class=\"elementor-element elementor-element-fd179df e-con-full e-grid e-con e-child\" data-id=\"fd179df\" data-element_type=\"container\" data-e-type=\"container\">\n\t\t\t\t<div class=\"elementor-element elementor-element-868152f elementor-widget elementor-widget-heading\" data-id=\"868152f\" data-element_type=\"widget\" data-e-type=\"widget\" data-widget_type=\"heading.default\">\n\t\t\t\t\t<h2 class=\"elementor-heading-title elementor-size-default\">EMISI\u00d3N POR PRIMERA VEZ \u2013 VEH\u00cdCULOS Y MOTOCICLETAS PARTICULARES\n<\/h2>\t\t\t\t<\/div>\n\t\t\t\t<\/div>\n\t\t\t\t\t<\/div>\n\t\t\t\t<\/div>\n\t\t<div class=\"elementor-element elementor-element-7fd84e1 e-con-full e-flex e-con e-parent\" data-id=\"7fd84e1\" data-element_type=\"container\" data-e-type=\"container\" data-settings=\"{&quot;background_background&quot;:&quot;classic&quot;}\">\n\t\t\t\t<div class=\"elementor-element elementor-element-ceb22d1 elementor-widget elementor-widget-elementskit-heading\" data-id=\"ceb22d1\" data-element_type=\"widget\" data-e-type=\"widget\" data-widget_type=\"elementskit-heading.default\">\n\t\t\t\t\t<div class=\"ekit-wid-con\" ><div class=\"ekit-heading elementskit-section-title-wraper text_center   ekit_heading_tablet-   ekit_heading_mobile-\"><h2 class=\"ekit-heading--title elementskit-section-title \">Pasos a seguir:<\/h2><div class=\"ekit_heading_separetor_wraper ekit_heading_elementskit-border-divider elementskit-style-long\"><div class=\"elementskit-border-divider elementskit-style-long\"><\/div><\/div><\/div><\/div>\t\t\t\t<\/div>\n\t\t\t\t<div class=\"elementor-element elementor-element-165f264 elementor-widget elementor-widget-text-editor\" data-id=\"165f264\" data-element_type=\"widget\" data-e-type=\"widget\" data-widget_type=\"text-editor.default\">\n\t\t\t\t\t\t\t\t\t<div class=\"box\">\n<div class=\"accordion-header active\">Detalle del tr\u00e1mite<\/div>\n<div class=\"accordion-content\">\n<div class=\"step\">\n<div class=\"step-num\">1<\/div>\n<div>Factura comercial certificada por el concesionario autorizado.<\/div>\n<\/div>\n<div class=\"step\">\n<div class=\"step-num\">2<\/div>\n<div>Actualizaci\u00f3n de datos del propietario\n(persona natural o jur\u00eddica) en las oficinas de atenci\u00f3n\nal cliente de <strong>MOVIDELNOR<\/strong>.<\/div>\n<\/div>\n<div class=\"step\">\n<div class=\"step-num\">3<\/div>\n<div>Improntas certificadas por la casa comercial.<\/div>\n<\/div>\n<div class=\"step\">\n<div class=\"step-num\">4<\/div>\n<div>Pago de matr\u00edcula original\n(realizar el pago en el <strong>Banco del Pac\u00edfico<\/strong>).<\/div>\n<\/div>\n<div class=\"step\">\n<div class=\"step-num\">5<\/div>\n<div>\n\nPagos municipales seg\u00fan el cant\u00f3n:\n<ul>\n \t<li><strong>Ibarra:<\/strong> Certificado de no adeudar al SISMERT.<\/li>\n \t<li><strong>Mont\u00fafar:<\/strong> Pago al cuerpo de bomberos.<\/li>\n<\/ul>\n<\/div>\n<\/div>\n<div class=\"step\">\n<div class=\"step-num\">6<\/div>\n<div>\n\nDocumentaci\u00f3n persona natural (copia a color):\n<ul>\n \t<li>C\u00e9dula de identidad<\/li>\n \t<li>Papeleta de votaci\u00f3n<\/li>\n<\/ul>\n<\/div>\n<\/div>\n<div class=\"step\">\n<div class=\"step-num\">7<\/div>\n<div>\n\nEn caso de empresas:\n<ul>\n \t<li>Copia del RUC<\/li>\n \t<li>Nombramiento vigente del representante legal<\/li>\n \t<li>C\u00e9dula y papeleta del representante legal (copia a color)<\/li>\n \t<li>Autorizacion simple original<\/li>\n<\/ul>\n<\/div>\n<\/div>\n<div class=\"step\">\n<div class=\"step-num\">8<\/div>\n<div>\nFormularios 1 y 2 firmados\n\n<\/div>\n<\/div>\n<div class=\"step\">\n<div class=\"step-num\">8<\/div>\n<div>\n\n \tCarnet de gestor (si aplica).\n\n<\/div>\n<\/div>\n<div class=\"step\">\n<div class=\"step-num\">8<\/div>\n<div>\n\nPago por placas:\n<ul>\n \t<li><strong>$23<\/strong> veh\u00edculos<\/li>\n \t<li><strong>$13<\/strong> motocicletas<\/li>\n<\/ul>\n<\/div>\n<\/div>\n<div class=\"step\">\n<div class=\"step-num\">9<\/div>\n<div>Orden de pago por emisi\u00f3n por primera vez\ncon comprobante original.<\/div>\n<\/div>\n<div class=\"step\">\n<div class=\"step-num\">10<\/div>\n<div>Homologaci\u00f3n en <strong>ANT<\/strong>\n(aplica para motos y camiones).<\/div>\n<\/div>\n<div class=\"step\">\n<div class=\"step-num\">11<\/div>\n<div>Para camiones: presentar factura espec\u00edfica\npara veh\u00edculo tipo cami\u00f3n.<\/div>\n<\/div>\n<div class=\"step\">\n<div class=\"step-num\">11<\/div>\n<div>\n<li>\n<strong>Vehiculos desde 3.5 toneladas<\/strong><\/li>\n<ul>\n \t<li style=\"list-style-type: none;\">\n<ul>\n \t<li>Cuenta Propia: Ruc del propietario (excepto transporte publico)<\/li>\n \t<li>Particular: Declaracion juramentada uso particular sin fines de lucro<\/li>\n<\/ul>\n<\/li>\n<\/ul>\n<li><strong>Vehiculos desde 12 pasajeros<\/strong><\/li>\n<ul>\n<li style=\"list-style-type: none;\">\n<ul>\n \t<li>Particular: Declaracion juramentada uso particular sin fines de lucro<\/li>\n<\/ul>\n<\/ul>\n<\/div>\n<\/div>\n<div class=\"step\">\n<div class=\"step-num\">8<\/div>\n<div>\n\nEn caso que el vehiculo haya sido adquirido con reserva de dominio, prenda comercial, prenda industrial debera presentar el contrato original inscrito en el registro mercantil donde se indique que existe el respectivo gravamen\n\n<\/div>\n<\/div>\n<\/div>\n<div class=\"importante-box\">Sobre documentos con firma electr\u00f3nica:\nTodo documento debe enviarse a\n<strong>digitacion@reviplus.com<\/strong><\/div>\n<\/div>\n<script>\ndocument.addEventListener('DOMContentLoaded', function () {\n\n  document.querySelectorAll('.accordion-header').forEach(header => {\n    const content = header.nextElementSibling;\n\n    \/* === ABIERTO POR DEFECTO === *\/\n    header.classList.add('active');\n    content.style.display = 'block';\n\n    \/* === TOGGLE AL CLICK === *\/\n    header.addEventListener('click', function () {\n      const isOpen = content.style.display === 'block';\n\n      header.classList.toggle('active', !isOpen);\n      content.style.display = isOpen ? 'none' : 'block';\n\n      \/* Forzar recalculo Elementor *\/\n      setTimeout(() => {\n        window.dispatchEvent(new Event('resize'));\n      }, 100);\n    });\n  });\n\n});\n<\/script>\t\t\t\t\t\t\t\t<\/div>\n\t\t\t\t<\/div>\n\t\t\t\t<\/div>\n\t\t","protected":false},"excerpt":{"rendered":"<p>EMISI\u00d3N POR PRIMERA VEZ \u2013 VEH\u00cdCULOS Y MOTOCICLETAS PARTICULARES Pasos a seguir: Detalle del tr\u00e1mite 1 Factura comercial certificada por el concesionario autorizado. 2 Actualizaci\u00f3n de datos del propietario (persona natural o jur\u00eddica) en las oficinas de atenci\u00f3n al cliente de MOVIDELNOR. 3 Improntas certificadas por la casa comercial. 4 Pago de matr\u00edcula original (realizar [&hellip;]<\/p>\n","protected":false},"author":3,"featured_media":0,"parent":0,"menu_order":0,"comment_status":"closed","ping_status":"closed","template":"elementor_header_footer","meta":{"footnotes":""},"class_list":["post-4645","page","type-page","status-publish","hentry"],"aioseo_notices":[],"_links":{"self":[{"href":"https:\/\/movidelnor.gob.ec\/web\/webepm\/wp-json\/wp\/v2\/pages\/4645","targetHints":{"allow":["GET"]}}],"collection":[{"href":"https:\/\/movidelnor.gob.ec\/web\/webepm\/wp-json\/wp\/v2\/pages"}],"about":[{"href":"https:\/\/movidelnor.gob.ec\/web\/webepm\/wp-json\/wp\/v2\/types\/page"}],"author":[{"embeddable":true,"href":"https:\/\/movidelnor.gob.ec\/web\/webepm\/wp-json\/wp\/v2\/users\/3"}],"replies":[{"embeddable":true,"href":"https:\/\/movidelnor.gob.ec\/web\/webepm\/wp-json\/wp\/v2\/comments?post=4645"}],"version-history":[{"count":58,"href":"https:\/\/movidelnor.gob.ec\/web\/webepm\/wp-json\/wp\/v2\/pages\/4645\/revisions"}],"predecessor-version":[{"id":6032,"href":"https:\/\/movidelnor.gob.ec\/web\/webepm\/wp-json\/wp\/v2\/pages\/4645\/revisions\/6032"}],"wp:attachment":[{"href":"https:\/\/movidelnor.gob.ec\/web\/webepm\/wp-json\/wp\/v2\/media?parent=4645"}],"curies":[{"name":"wp","href":"https:\/\/api.w.org\/{rel}","templated":true}]}}