{"id":4660,"date":"2026-01-05T15:51:42","date_gmt":"2026-01-05T20:51:42","guid":{"rendered":"https:\/\/www.movidelnor.gob.ec\/web\/webepm\/?page_id=4660"},"modified":"2026-01-14T11:29:03","modified_gmt":"2026-01-14T16:29:03","slug":"emision-primera-vez-vehiculos-publicos-taxis-camiones-furgonetas","status":"publish","type":"page","link":"https:\/\/movidelnor.gob.ec\/web\/webepm\/emision-primera-vez-vehiculos-publicos-taxis-camiones-furgonetas\/","title":{"rendered":"Emisi\u00f3n Primera vez Veh\u00edculos P\u00fablicos Taxis, Camiones, Furgonetas"},"content":{"rendered":"\t\t<div data-elementor-type=\"wp-page\" data-elementor-id=\"4660\" class=\"elementor elementor-4660\" data-elementor-post-type=\"page\">\n\t\t\t\t<div class=\"elementor-element elementor-element-01a44f3 e-flex e-con-boxed e-con e-parent\" data-id=\"01a44f3\" data-element_type=\"container\" data-e-type=\"container\" data-settings=\"{&quot;background_background&quot;:&quot;classic&quot;}\">\n\t\t\t\t\t<div class=\"e-con-inner\">\n\t\t<div class=\"elementor-element elementor-element-fd179df e-con-full e-grid e-con e-child\" data-id=\"fd179df\" data-element_type=\"container\" data-e-type=\"container\">\n\t\t\t\t<div class=\"elementor-element elementor-element-868152f elementor-widget elementor-widget-heading\" data-id=\"868152f\" data-element_type=\"widget\" data-e-type=\"widget\" data-widget_type=\"heading.default\">\n\t\t\t\t\t<h2 class=\"elementor-heading-title elementor-size-default\">EMISI\u00d3N POR PRIMERA VEZ \u2013 VEH\u00cdCULOS P\u00daBLICOS, TAXIS, CAMIONES, FURGONETAS\n<\/h2>\t\t\t\t<\/div>\n\t\t\t\t<\/div>\n\t\t\t\t\t<\/div>\n\t\t\t\t<\/div>\n\t\t<div class=\"elementor-element elementor-element-7fd84e1 e-con-full e-flex e-con e-parent\" data-id=\"7fd84e1\" data-element_type=\"container\" data-e-type=\"container\" data-settings=\"{&quot;background_background&quot;:&quot;classic&quot;}\">\n\t\t\t\t<div class=\"elementor-element elementor-element-ceb22d1 elementor-widget elementor-widget-elementskit-heading\" data-id=\"ceb22d1\" data-element_type=\"widget\" data-e-type=\"widget\" data-widget_type=\"elementskit-heading.default\">\n\t\t\t\t\t<div class=\"ekit-wid-con\" ><div class=\"ekit-heading elementskit-section-title-wraper text_center   ekit_heading_tablet-   ekit_heading_mobile-\"><h2 class=\"ekit-heading--title elementskit-section-title \">Pasos a seguir:<\/h2><div class=\"ekit_heading_separetor_wraper ekit_heading_elementskit-border-divider elementskit-style-long\"><div class=\"elementskit-border-divider elementskit-style-long\"><\/div><\/div><\/div><\/div>\t\t\t\t<\/div>\n\t\t\t\t<div class=\"elementor-element elementor-element-165f264 elementor-widget elementor-widget-text-editor\" data-id=\"165f264\" data-element_type=\"widget\" data-e-type=\"widget\" data-widget_type=\"text-editor.default\">\n\t\t\t\t\t\t\t\t\t<div class=\"box\">\n<div class=\"accordion-header\">Detalle del tr\u00e1mite<\/div>\n<div class=\"accordion-content\">\n<div class=\"step\">\n<div class=\"step-num\">1<\/div>\n<div>Factura comercial certificada por el concesionario autorizado.<\/div>\n<\/div>\n<div class=\"step\">\n<div class=\"step-num\">2<\/div>\n<div>Actualizaci\u00f3n de datos del solicitante o representante\nen las oficinas de atenci\u00f3n al cliente de\n<strong>MOVIDELNOR<\/strong>.<\/div>\n<\/div>\n<div class=\"step\">\n<div class=\"step-num\">3<\/div>\n<div>Improntas certificadas por la casa comercial del veh\u00edculo.<\/div>\n<\/div>\n<div class=\"step\">\n<div class=\"step-num\">4<\/div>\n<div>\n\nPagos municipales seg\u00fan el cant\u00f3n:\n<ul>\n \t<li><strong>Ibarra:<\/strong> Pago del certificado de no adeudar al SISMERT (Municipio de Ibarra).<\/li>\n \t<li><strong>Mont\u00fafar:<\/strong> Pago al cuerpo de bomberos (validaci\u00f3n f\u00edsica, no electr\u00f3nica).<\/li>\n<\/ul>\n<\/div>\n<\/div>\n<div class=\"step\">\n<div class=\"step-num\">5<\/div>\n<div><strong>Documentacion Persona Natural:<\/strong>\n<ul>\n \t<li>C\u00e9dula de identidad y papeleta de votaci\u00f3n del propietario<\/li>\n<\/ul>\n<\/div>\n<\/div>\n<div class=\"step\">\n<div class=\"step-num\">5<\/div>\n<div><strong>Documentacion Persona Juridica:<\/strong>\n<ul>\n \t<li>C\u00e9dula de identidad y papeleta de votaci\u00f3n del propietario<\/li>\n \t<li>Nombramiento vigente del representante legal<\/li>\n \t<li>RUC de la cooperativa o compa\u00f1ia<\/li>\n<\/ul>\n<\/div>\n<\/div>\n<div class=\"step\">\n<div class=\"step-num\">6<\/div>\n<div>\n\nDocumento de habilitaci\u00f3n del veh\u00edculo, seg\u00fan corresponda:\n<ul>\n \t<li>Habilitaci\u00f3n inicial<\/li>\n \t<li>Cambio de socio<\/li>\n \t<li>Incremento de cupo<\/li>\n<\/ul>\n<\/div>\n<\/div>\n<div class=\"step\">\n<div class=\"step-num\">7<\/div>\n<div>Permiso de operaci\u00f3n vigente emitido por la\n<strong>Agencia Nacional de Tr\u00e1nsito (ANT)<\/strong>\no autoridad competente.<\/div>\n<\/div>\n<div class=\"step\">\n<div class=\"step-num\">8<\/div>\n<div>Ajuste de 5$ por servicio publico.<\/div>\n<\/div>\n<div class=\"step\">\n<div class=\"step-num\">9<\/div>\n<div>Certificado de socio emitido por la cooperativa o compa\u00f1\u00eda,\nindicando el n\u00famero de disco asignado.<\/div>\n<\/div>\n<div class=\"step\">\n<div class=\"step-num\">10<\/div>\n<div>Factura por cambio de tipo de carrocer\u00eda\n(caj\u00f3n, furg\u00f3n, plataforma, etc.), si corresponde.<\/div>\n<\/div>\n<div class=\"step\">\n<div class=\"step-num\">11<\/div>\n<div>Orden de pago por placas por un valor de\n<strong>$23,00<\/strong>,\ncon comprobante original de pago\n(cuenta de la ANT).<\/div>\n<\/div>\n<div class=\"step\">\n<div class=\"step-num\">12<\/div>\n<div>Orden de pago por emisi\u00f3n por primera vez generada en\n<strong>MOVIDELNOR<\/strong>,\njunto con el comprobante original de pago.<\/div>\n<\/div>\n<div class=\"step\">\n<div class=\"step-num\">8<\/div>\n<div>\n\nEn caso que el vehiculo haya sido adquirido con reserva de dominio, prenda comercial, prenda industrial debera presentar el contrato original inscrito en el registro mercantil donde se indique que existe el respectivo gravamen\n\n<\/div>\n<\/div>\n<\/div>\n<div class=\"note\"><strong>Documentos con firma electr\u00f3nica:<\/strong>\nTodos los documentos firmados electr\u00f3nicamente deben enviarse a:\n<strong>digitacion@reviplus.com<\/strong><\/div>\n<\/div>\n<script>\ndocument.addEventListener('DOMContentLoaded', function () {\n\n  document.querySelectorAll('.accordion-header').forEach(header => {\n    const content = header.nextElementSibling;\n\n    \/* === ABIERTO POR DEFECTO === *\/\n    header.classList.add('active');\n    content.style.display = 'block';\n\n    \/* === TOGGLE AL CLICK === *\/\n    header.addEventListener('click', function () {\n      const isOpen = content.style.display === 'block';\n\n      header.classList.toggle('active', !isOpen);\n      content.style.display = isOpen ? 'none' : 'block';\n\n      \/* Forzar recalculo Elementor *\/\n      setTimeout(() => {\n        window.dispatchEvent(new Event('resize'));\n      }, 100);\n    });\n  });\n\n});\n<\/script>\t\t\t\t\t\t\t\t<\/div>\n\t\t\t\t<\/div>\n\t\t\t\t<\/div>\n\t\t","protected":false},"excerpt":{"rendered":"<p>EMISI\u00d3N POR PRIMERA VEZ \u2013 VEH\u00cdCULOS P\u00daBLICOS, TAXIS, CAMIONES, FURGONETAS Pasos a seguir: Detalle del tr\u00e1mite 1 Factura comercial certificada por el concesionario autorizado. 2 Actualizaci\u00f3n de datos del solicitante o representante en las oficinas de atenci\u00f3n al cliente de MOVIDELNOR. 3 Improntas certificadas por la casa comercial del veh\u00edculo. 4 Pagos municipales seg\u00fan el [&hellip;]<\/p>\n","protected":false},"author":3,"featured_media":0,"parent":0,"menu_order":0,"comment_status":"closed","ping_status":"closed","template":"elementor_header_footer","meta":{"footnotes":""},"class_list":["post-4660","page","type-page","status-publish","hentry"],"aioseo_notices":[],"_links":{"self":[{"href":"https:\/\/movidelnor.gob.ec\/web\/webepm\/wp-json\/wp\/v2\/pages\/4660","targetHints":{"allow":["GET"]}}],"collection":[{"href":"https:\/\/movidelnor.gob.ec\/web\/webepm\/wp-json\/wp\/v2\/pages"}],"about":[{"href":"https:\/\/movidelnor.gob.ec\/web\/webepm\/wp-json\/wp\/v2\/types\/page"}],"author":[{"embeddable":true,"href":"https:\/\/movidelnor.gob.ec\/web\/webepm\/wp-json\/wp\/v2\/users\/3"}],"replies":[{"embeddable":true,"href":"https:\/\/movidelnor.gob.ec\/web\/webepm\/wp-json\/wp\/v2\/comments?post=4660"}],"version-history":[{"count":28,"href":"https:\/\/movidelnor.gob.ec\/web\/webepm\/wp-json\/wp\/v2\/pages\/4660\/revisions"}],"predecessor-version":[{"id":6038,"href":"https:\/\/movidelnor.gob.ec\/web\/webepm\/wp-json\/wp\/v2\/pages\/4660\/revisions\/6038"}],"wp:attachment":[{"href":"https:\/\/movidelnor.gob.ec\/web\/webepm\/wp-json\/wp\/v2\/media?parent=4660"}],"curies":[{"name":"wp","href":"https:\/\/api.w.org\/{rel}","templated":true}]}}