{"id":5053,"date":"2026-01-07T13:59:11","date_gmt":"2026-01-07T18:59:11","guid":{"rendered":"https:\/\/www.movidelnor.gob.ec\/web\/webepm\/?page_id=5053"},"modified":"2026-01-19T12:29:45","modified_gmt":"2026-01-19T17:29:45","slug":"devolucion-radares-huaca","status":"publish","type":"page","link":"https:\/\/movidelnor.gob.ec\/web\/webepm\/devolucion-radares-huaca\/","title":{"rendered":"Devoluci\u00f3n Por Radares de Huaca"},"content":{"rendered":"\t\t<div data-elementor-type=\"wp-page\" data-elementor-id=\"5053\" class=\"elementor elementor-5053\" data-elementor-post-type=\"page\">\n\t\t\t\t<div class=\"elementor-element elementor-element-01a44f3 e-flex e-con-boxed e-con e-parent\" data-id=\"01a44f3\" data-element_type=\"container\" data-e-type=\"container\" data-settings=\"{&quot;background_background&quot;:&quot;classic&quot;}\">\n\t\t\t\t\t<div class=\"e-con-inner\">\n\t\t<div class=\"elementor-element elementor-element-fd179df e-con-full e-grid e-con e-child\" data-id=\"fd179df\" data-element_type=\"container\" data-e-type=\"container\">\n\t\t\t\t<div class=\"elementor-element elementor-element-868152f elementor-widget elementor-widget-heading\" data-id=\"868152f\" data-element_type=\"widget\" data-e-type=\"widget\" data-widget_type=\"heading.default\">\n\t\t\t\t\t<h2 class=\"elementor-heading-title elementor-size-default\">DEVOLUCI\u00d3N POR RADARES<\/h2>\t\t\t\t<\/div>\n\t\t\t\t<\/div>\n\t\t\t\t\t<\/div>\n\t\t\t\t<\/div>\n\t\t<div class=\"elementor-element elementor-element-7fd84e1 e-con-full e-flex e-con e-parent\" data-id=\"7fd84e1\" data-element_type=\"container\" data-e-type=\"container\" data-settings=\"{&quot;background_background&quot;:&quot;classic&quot;}\">\n\t\t\t\t<div class=\"elementor-element elementor-element-9f22c3b elementor-widget__width-initial elementor-widget-tablet__width-inherit elementor-widget-mobile__width-inherit elementor-widget elementor-widget-heading\" data-id=\"9f22c3b\" data-element_type=\"widget\" data-e-type=\"widget\" data-widget_type=\"heading.default\">\n\t\t\t\t\t<h2 class=\"elementor-heading-title elementor-size-default\">Sistema de Consulta de usuarios que no han realizado el proceso<\/h2>\t\t\t\t<\/div>\n\t\t\t\t<div class=\"elementor-element elementor-element-308a697 elementor-view-stacked elementor-shape-circle elementor-mobile-position-block-start elementor-widget elementor-widget-icon-box\" data-id=\"308a697\" data-element_type=\"widget\" data-e-type=\"widget\" data-widget_type=\"icon-box.default\">\n\t\t\t\t\t\t\t<div class=\"elementor-icon-box-wrapper\">\n\n\t\t\t\t\t\t<div class=\"elementor-icon-box-icon\">\n\t\t\t\t<a href=\"https:\/\/webserver1.movidelnor.gob.ec\/radareshuaca\/consulta\/index.html\" class=\"elementor-icon elementor-animation-grow\" tabindex=\"-1\" aria-label=\"Ingrese AQU\u00cd\">\n\t\t\t\t<i aria-hidden=\"true\" class=\"icon icon-save-money\"><\/i>\t\t\t\t<\/a>\n\t\t\t<\/div>\n\t\t\t\n\t\t\t\t\t\t<div class=\"elementor-icon-box-content\">\n\n\t\t\t\t\t\t\t\t\t<h3 class=\"elementor-icon-box-title\">\n\t\t\t\t\t\t<a href=\"https:\/\/webserver1.movidelnor.gob.ec\/radareshuaca\/consulta\/index.html\" >\n\t\t\t\t\t\t\tIngrese AQU\u00cd\t\t\t\t\t\t<\/a>\n\t\t\t\t\t<\/h3>\n\t\t\t\t\n\t\t\t\t\n\t\t\t<\/div>\n\t\t\t\n\t\t<\/div>\n\t\t\t\t\t\t<\/div>\n\t\t\t\t<div class=\"elementor-element elementor-element-c3db011 elementor-widget__width-initial elementor-widget elementor-widget-video\" data-id=\"c3db011\" data-element_type=\"widget\" data-e-type=\"widget\" data-settings=\"{&quot;youtube_url&quot;:&quot;https:\\\/\\\/www.youtube.com\\\/watch?v=ix_26yDIIaw&quot;,&quot;lazy_load&quot;:&quot;yes&quot;,&quot;video_type&quot;:&quot;youtube&quot;,&quot;controls&quot;:&quot;yes&quot;}\" data-widget_type=\"video.default\">\n\t\t\t\t\t\t\t<div class=\"elementor-wrapper elementor-open-inline\">\n\t\t\t<div class=\"elementor-video\"><\/div>\t\t<\/div>\n\t\t\t\t\t\t<\/div>\n\t\t\t\t<div class=\"elementor-element elementor-element-ced6704 elementor-widget-mobile__width-auto elementor-widget elementor-widget-text-editor\" data-id=\"ced6704\" data-element_type=\"widget\" data-e-type=\"widget\" data-widget_type=\"text-editor.default\">\n\t\t\t\t\t\t\t\t\t\n<div class=\"devolucion-container\"><!-- T\u00cdTULO PRINCIPAL -->\n<h1 class=\"devolucion-title\">DOCUMENTOS PARA SOLICITAR LA DEVOLUCI\u00d3N DE VALORES POR CONCEPTO DE MULTAS DEL RADAR DE SAN PEDRO DE HUACA<\/h1>\n<!-- INTRODUCCI\u00d3N -->\n<div class=\"devolucion-intro\">La <strong>Empresa P\u00fablica de Movilidad (EPM)<\/strong> dando cumplimiento a la sentencia emitida por el Tribunal de Garant\u00edas Penales con sede en el cant\u00f3n Tulc\u00e1n provincia del Carchi, con <strong>n\u00famero de proceso Judicial 04243-2019-00004<\/strong>, presenta los requisitos para la solicitud, para aquellas personas que no pudieron realizar el tr\u00e1mite establecido en el cronograma para la devoluci\u00f3n de valores por concepto de multas generadas por los radares de Huaca.<\/div>\n<!-- SECCI\u00d3N DE INGRESO -->\n<h2 class=\"devolucion-subtitle\">INGRESO O ENV\u00cdO DE DOCUMENTACI\u00d3N<\/h2>\n<div class=\"devolucion-importante\">\u26a0\ufe0f IMPORTANTE: Toda la documentaci\u00f3n debe ser ingresada en el Balc\u00f3n de Servicios de la Matriz o en las agencias autorizadas<\/div>\n<!-- DESCARGA DE DOCUMENTOS -->\n<h2 class=\"devolucion-subtitle\">DOCUMENTOS A IMPRIMIR NECESARIOS PARA LA DEVOLUCI\u00d3N<\/h2>\n<div class=\"devolucion-download-section\">\n<h3 class=\"devolucion-section-title\">Descargue el formato oficial:<\/h3>\n<a class=\"devolucion-download-btn\" href=\"https:\/\/www.movidelnor.gob.ec\/webepm\/uniportalepm\/wp-content\/uploads\/radar_huaca\/solicitud_.pdf\">FORMATO SOLICITUD DE DEVOLUCI\u00d3N DE DINERO<\/a>\n\n<\/div>\n<!-- REQUISITOS PERSONAS NATURALES -->\n<div class=\"devolucion-requisitos-card\">\n<h3>REQUISITOS PERSONAS NATURALES<\/h3>\n<div class=\"devolucion-requisito-item\">\n<div class=\"devolucion-requisito-num\">1<\/div>\n<div class=\"devolucion-requisito-text\"><strong>Solicitud del titular del pago<\/strong>, dirigida a Empresa P\u00fablica de Movilidad del Norte (descargue el formato en el enlace superior)<\/div>\n<\/div>\n<div class=\"devolucion-requisito-item\">\n<div class=\"devolucion-requisito-num\">2<\/div>\n<div class=\"devolucion-requisito-text\"><strong>Papeleta o papeletas de dep\u00f3sito original<\/strong>. En caso de que el documento original se hubiera extraviado se recibir\u00e1 una copia legible y a color del certificado emitido por la entidad financiera.<\/div>\n<\/div>\n<div class=\"devolucion-requisito-item\">\n<div class=\"devolucion-requisito-num\">3<\/div>\n<div class=\"devolucion-requisito-text\"><strong>Copia simple del n\u00famero de cuenta<\/strong> (ahorro o corriente) e instituci\u00f3n financiera a la cual se debe realizar la devoluci\u00f3n.<\/div>\n<\/div>\n<div class=\"devolucion-requisito-item\">\n<div class=\"devolucion-requisito-num\">4<\/div>\n<div class=\"devolucion-requisito-text\"><strong>Ingresar toda la documentaci\u00f3n<\/strong> en el Balc\u00f3n de Servicios de la Matriz (Ibarra \u2013 Av. Eloy Alfaro y Julio Zaldumbide) o en las diferentes agencias de la Mancomunidad de Tr\u00e1nsito Norte.<\/div>\n<\/div>\n<\/div>\n<!-- REQUISITOS PERSONAS JUR\u00cdDICAS -->\n<div class=\"devolucion-requisitos-card juridica\">\n<h3>REQUISITOS PERSONAS JUR\u00cdDICAS<\/h3>\n<div class=\"devolucion-requisito-item\">\n<div class=\"devolucion-requisito-num\">1<\/div>\n<div class=\"devolucion-requisito-text\"><strong>Solicitud del representante legal<\/strong> de la Instituci\u00f3n\/Empresa, dirigida a Empresa P\u00fablica de Movilidad del Norte (descargue el formato en el enlace superior)<\/div>\n<\/div>\n<div class=\"devolucion-requisito-item\">\n<div class=\"devolucion-requisito-num\">2<\/div>\n<div class=\"devolucion-requisito-text\"><strong>Papeleta de Dep\u00f3sito original<\/strong>. En caso de que el documento original se hubiera extraviado se recibir\u00e1 una copia legible y a color del certificado emitido por la entidad financiera.<\/div>\n<\/div>\n<div class=\"devolucion-requisito-item\">\n<div class=\"devolucion-requisito-num\">3<\/div>\n<div class=\"devolucion-requisito-text\"><strong>Copia de RUC<\/strong> de la instituci\u00f3n.<\/div>\n<\/div>\n<div class=\"devolucion-requisito-item\">\n<div class=\"devolucion-requisito-num\">4<\/div>\n<div class=\"devolucion-requisito-text\"><strong>Copia de la designaci\u00f3n<\/strong> del representante legal.<\/div>\n<\/div>\n<div class=\"devolucion-requisito-item\">\n<div class=\"devolucion-requisito-num\">5<\/div>\n<div class=\"devolucion-requisito-text\"><strong>Copia de c\u00e9dula de ciudadan\u00eda<\/strong> del representante legal.<\/div>\n<\/div>\n<div class=\"devolucion-requisito-item\">\n<div class=\"devolucion-requisito-num\">6<\/div>\n<div class=\"devolucion-requisito-text\"><strong>Ingresar toda la documentaci\u00f3n<\/strong> en el Balc\u00f3n de Servicios de la Matriz (Ibarra \u2013 Av. Eloy Alfaro y Julio Zaldumbide) o en las diferentes agencias de la Mancomunidad de Tr\u00e1nsito Norte.<\/div>\n<\/div>\n<\/div>\n<!-- UBICACIONES -->\n<div class=\"devolucion-ubicacion-box\">\n<h4>Lugares de Atenci\u00f3n<\/h4>\n<div class=\"devolucion-ubicacion-item\"><strong>Balc\u00f3n de Servicios Matriz:<\/strong> Ibarra \u2013 Av. Eloy Alfaro y Julio Zaldumbide<\/div>\n<div class=\"devolucion-ubicacion-item\"><strong>Agencias:<\/strong> Diferentes agencias de la Mancomunidad de Tr\u00e1nsito Norte<\/div>\n<\/div>\n<!-- NOTA ADICIONAL -->\n<div class=\"devolucion-nota\">\n<div class=\"devolucion-nota-text\"><strong>Nota:<\/strong> Para mayor informaci\u00f3n sobre el proceso de devoluci\u00f3n, puede comunicarse directamente con la Empresa P\u00fablica de Movilidad del Norte o acercarse personalmente a las oficinas mencionadas durante el horario de atenci\u00f3n.<\/div>\n<\/div>\n<\/div>\t\t\t\t\t\t\t\t<\/div>\n\t\t\t\t<\/div>\n\t\t\t\t<\/div>\n\t\t","protected":false},"excerpt":{"rendered":"<p>DEVOLUCI\u00d3N POR RADARES Sistema de Consulta de usuarios que no han realizado el proceso Ingrese AQU\u00cd DOCUMENTOS PARA SOLICITAR LA DEVOLUCI\u00d3N DE VALORES POR CONCEPTO DE MULTAS DEL RADAR DE SAN PEDRO DE HUACA La Empresa P\u00fablica de Movilidad (EPM) dando cumplimiento a la sentencia emitida por el Tribunal de Garant\u00edas Penales con sede en [&hellip;]<\/p>\n","protected":false},"author":3,"featured_media":0,"parent":0,"menu_order":0,"comment_status":"closed","ping_status":"closed","template":"elementor_header_footer","meta":{"footnotes":""},"class_list":["post-5053","page","type-page","status-publish","hentry"],"aioseo_notices":[],"_links":{"self":[{"href":"https:\/\/movidelnor.gob.ec\/web\/webepm\/wp-json\/wp\/v2\/pages\/5053","targetHints":{"allow":["GET"]}}],"collection":[{"href":"https:\/\/movidelnor.gob.ec\/web\/webepm\/wp-json\/wp\/v2\/pages"}],"about":[{"href":"https:\/\/movidelnor.gob.ec\/web\/webepm\/wp-json\/wp\/v2\/types\/page"}],"author":[{"embeddable":true,"href":"https:\/\/movidelnor.gob.ec\/web\/webepm\/wp-json\/wp\/v2\/users\/3"}],"replies":[{"embeddable":true,"href":"https:\/\/movidelnor.gob.ec\/web\/webepm\/wp-json\/wp\/v2\/comments?post=5053"}],"version-history":[{"count":41,"href":"https:\/\/movidelnor.gob.ec\/web\/webepm\/wp-json\/wp\/v2\/pages\/5053\/revisions"}],"predecessor-version":[{"id":7435,"href":"https:\/\/movidelnor.gob.ec\/web\/webepm\/wp-json\/wp\/v2\/pages\/5053\/revisions\/7435"}],"wp:attachment":[{"href":"https:\/\/movidelnor.gob.ec\/web\/webepm\/wp-json\/wp\/v2\/media?parent=5053"}],"curies":[{"name":"wp","href":"https:\/\/api.w.org\/{rel}","templated":true}]}}