{"id":5328,"date":"2026-01-08T16:53:04","date_gmt":"2026-01-08T21:53:04","guid":{"rendered":"https:\/\/www.movidelnor.gob.ec\/web\/webepm\/?page_id=5328"},"modified":"2026-01-19T12:37:48","modified_gmt":"2026-01-19T17:37:48","slug":"rendicion-cuentas","status":"publish","type":"page","link":"https:\/\/movidelnor.gob.ec\/web\/webepm\/rendicion-cuentas\/","title":{"rendered":"Rendici\u00f3n de Cuentas"},"content":{"rendered":"\t\t<div data-elementor-type=\"wp-page\" data-elementor-id=\"5328\" class=\"elementor elementor-5328\" data-elementor-post-type=\"page\">\n\t\t\t\t<div class=\"elementor-element elementor-element-01a44f3 e-flex e-con-boxed e-con e-parent\" data-id=\"01a44f3\" data-element_type=\"container\" data-e-type=\"container\" data-settings=\"{&quot;background_background&quot;:&quot;classic&quot;}\">\n\t\t\t\t\t<div class=\"e-con-inner\">\n\t\t<div class=\"elementor-element elementor-element-fd179df e-con-full e-grid e-con e-child\" data-id=\"fd179df\" data-element_type=\"container\" data-e-type=\"container\">\n\t\t\t\t<div class=\"elementor-element elementor-element-868152f elementor-widget elementor-widget-heading\" data-id=\"868152f\" data-element_type=\"widget\" data-e-type=\"widget\" data-widget_type=\"heading.default\">\n\t\t\t\t\t<h2 class=\"elementor-heading-title elementor-size-default\">RENDICI\u00d3N DE CUENTAS<\/h2>\t\t\t\t<\/div>\n\t\t\t\t<\/div>\n\t\t\t\t\t<\/div>\n\t\t\t\t<\/div>\n\t\t<div class=\"elementor-element elementor-element-53c1bc9 e-flex e-con-boxed e-con e-parent\" data-id=\"53c1bc9\" data-element_type=\"container\" data-e-type=\"container\">\n\t\t\t\t\t<div class=\"e-con-inner\">\n\t\t\t\t<div class=\"elementor-element elementor-element-1c60d3e elementor-widget__width-initial elementor-widget-mobile__width-inherit elementor-widget elementor-widget-elementskit-heading\" data-id=\"1c60d3e\" data-element_type=\"widget\" data-e-type=\"widget\" data-widget_type=\"elementskit-heading.default\">\n\t\t\t\t\t<div class=\"ekit-wid-con\" ><div class=\"ekit-heading elementskit-section-title-wraper text_left   ekit_heading_tablet-   ekit_heading_mobile-\"><h2 class=\"ekit-heading--title elementskit-section-title  ekit-heading__title-has-border start\">\u00bfPOR QU\u00c9 RENDIR CUENTAS?<\/h2>\t\t\t\t<div class='ekit-heading__description'>\n\t\t\t\t\t<p>En base a la resoluci\u00f3n No. -CPCCS-041-29-12-2015 considerando la ley org\u00e1nica de Participaci\u00f3n Ciudadana en su Art. 88 establece que \u201cLos ciudadanos y ciudadanas en forma individual y colectiva, comunas, comunidades, pueblos y dem\u00e1s podr\u00e1n solicitar una vez al a\u00f1o la rendici\u00f3n de cuentas a las instituciones p\u00fablicas privadas que presenten servicios p\u00fablicos o desarrollen actividades de inter\u00e9s p\u00fablico, as\u00ed como a los medios de comunicaci\u00f3n social, siempre que tal rendici\u00f3n de cuentas no est\u00e9 contemplada mediante otro procedimiento en la Construcci\u00f3n y las leyes\u201d.<\/p>\n<p>Art. 89. \u201cSe concibe a la rendici\u00f3n de cuentas como un proceso sistem\u00e1tico, deliberado, interactivo y universal, que involucra a autoridades, funcionarias y funcionarios o sus representantes legales, seg\u00fan sea el caso, que est\u00e9n obligadas y obligados a informar y someterse a evaluaci\u00f3n de la ciudadan\u00eda por las acciones u omisiones en el ejercicio de su gesti\u00f3n y en la administraci\u00f3n de los recursos p\u00fablicos\u201d.<\/p>\n\t\t\t\t<\/div>\n\t\t\t<\/div><\/div>\t\t\t\t<\/div>\n\t\t\t\t\t<\/div>\n\t\t\t\t<\/div>\n\t\t<div class=\"elementor-element elementor-element-e6ab833 e-flex e-con-boxed e-con e-parent\" data-id=\"e6ab833\" data-element_type=\"container\" data-e-type=\"container\">\n\t\t\t\t\t<div class=\"e-con-inner\">\n\t\t\t\t<div class=\"elementor-element elementor-element-98c1678 elementor-widget__width-inherit elementor-widget elementor-widget-heading\" data-id=\"98c1678\" data-element_type=\"widget\" data-e-type=\"widget\" data-widget_type=\"heading.default\">\n\t\t\t\t\t<h2 class=\"elementor-heading-title elementor-size-default\">Documentos por a\u00f1os<\/h2>\t\t\t\t<\/div>\n\t\t\t\t<div class=\"elementor-element elementor-element-34e0ab2 elementor-widget__width-initial elementor-widget-mobile__width-inherit elementor-widget-tablet__width-inherit elementor-widget elementor-widget-elementskit-accordion\" data-id=\"34e0ab2\" data-element_type=\"widget\" data-e-type=\"widget\" data-widget_type=\"elementskit-accordion.default\">\n\t\t\t\t\t<div class=\"ekit-wid-con\" >\n        <div class=\"elementskit-accordion accordion-4\" id=\"accordion-69d59daadb0c5\">\n\n            \n                <div class=\"elementskit-card \">\n                    <div class=\"elementskit-card-header\" id=\"primaryHeading-0-34e0ab2\">\n                        <a href=\"#collapse-bc2283069d59daadb0c5\" class=\"ekit-accordion--toggler elementskit-btn-link collapsed\" data-ekit-toggle=\"collapse\" data-target=\"#Collapse-bc2283069d59daadb0c5\" aria-expanded=\"false\" aria-controls=\"Collapse-bc2283069d59daadb0c5\">\n                                                            <div class=\"ekit_accordion_icon_left_group\">\n                                    <div class=\"ekit_accordion_normal_icon\">\n                                        <!-- Normal Icon -->\n                                        <svg class=\"e-font-icon-svg e-fas-angle-double-right\" viewBox=\"0 0 448 512\" xmlns=\"http:\/\/www.w3.org\/2000\/svg\"><path d=\"M224.3 273l-136 136c-9.4 9.4-24.6 9.4-33.9 0l-22.6-22.6c-9.4-9.4-9.4-24.6 0-33.9l96.4-96.4-96.4-96.4c-9.4-9.4-9.4-24.6 0-33.9L54.3 103c9.4-9.4 24.6-9.4 33.9 0l136 136c9.5 9.4 9.5 24.6.1 34zm192-34l-136-136c-9.4-9.4-24.6-9.4-33.9 0l-22.6 22.6c-9.4 9.4-9.4 24.6 0 33.9l96.4 96.4-96.4 96.4c-9.4 9.4-9.4 24.6 0 33.9l22.6 22.6c9.4 9.4 24.6 9.4 33.9 0l136-136c9.4-9.2 9.4-24.4 0-33.8z\"><\/path><\/svg>                                    <\/div>\n\n                                    <div class=\"ekit_accordion_active_icon\">\n                                        <!-- Active Icon -->\n\t\t\t\t\t\t\t\t\t\t<svg class=\"e-font-icon-svg e-fas-angle-double-down\" viewBox=\"0 0 320 512\" xmlns=\"http:\/\/www.w3.org\/2000\/svg\"><path d=\"M143 256.3L7 120.3c-9.4-9.4-9.4-24.6 0-33.9l22.6-22.6c9.4-9.4 24.6-9.4 33.9 0l96.4 96.4 96.4-96.4c9.4-9.4 24.6-9.4 33.9 0L313 86.3c9.4 9.4 9.4 24.6 0 33.9l-136 136c-9.4 9.5-24.6 9.5-34 .1zm34 192l136-136c9.4-9.4 9.4-24.6 0-33.9l-22.6-22.6c-9.4-9.4-24.6-9.4-33.9 0L160 352.1l-96.4-96.4c-9.4-9.4-24.6-9.4-33.9 0L7 278.3c-9.4 9.4-9.4 24.6 0 33.9l136 136c9.4 9.5 24.6 9.5 34 .1z\"><\/path><\/svg>                                    <\/div>\n                                <\/div>\n\n                            \n                            <span class=\"ekit-accordion-title\">2024<\/span>\n\n                            \n                                                    <\/a>\n                    <\/div>\n\n                    <div id=\"Collapse-bc2283069d59daadb0c5\" class=\" collapse\" aria-labelledby=\"primaryHeading-0-34e0ab2\" data-parent=\"#accordion-69d59daadb0c5\">\n\n                        <div class=\"elementskit-card-body ekit-accordion--content\">\n                            <div style=\"max-width: 720px;font-family: Arial, Helvetica, sans-serif;line-height: 1.6\">\n \n<!-- BLOQUE 1 -->\n<div style=\"margin-bottom: 14px\">\n<div style=\"color: #0053a0;font-weight: 600;font-size: 16px;margin-bottom: 6px\">Empresa P\u00fablica de Movilidad del Norte<\/div>\n<div style=\"padding-left: 14px\">\n<div style=\"align-items: center;gap: 8px;margin-bottom: 6px\">\ud83d\udcc4\n<a style=\"color: #000;text-decoration: none;font-size: 14px\" href=\"https:\/\/www.movidelnor.gob.ec\/webepm\/uniportalepm\/wp-content\/uploads\/2025\/Documentos%202025\/RDC2024\/2025%20RDC24.pdf\" target=\"_blank\" rel=\"noopener\">\nInforme Rendici\u00f3n de Cuentas Movidelnor EP\n<\/a><\/div>\n<div style=\"align-items: center;gap: 8px\">\ud83d\udcc4\n<a style=\"color: #000;text-decoration: none;font-size: 14px\" href=\"https:\/\/www.movidelnor.gob.ec\/webepm\/uniportalepm\/wp-content\/uploads\/2025\/Documentos%202025\/RDC2024\/Formulario%20Rendicion%20de%20Cuentas%202024%20Final.pdf\" target=\"_blank\" rel=\"noopener\">\nFormulario Rendici\u00f3n de Cuentas Movidelnor EP\n<\/a><\/div>\n<\/div>\n<\/div>\n<!-- BLOQUE 2 -->\n<div>\n<div style=\"color: #0053a0;font-weight: 600;font-size: 16px;margin-bottom: 6px\">Mancomunidad de Tr\u00e1nsito Regi\u00f3n Norte<\/div>\n<div style=\"padding-left: 14px\">\n<div style=\"align-items: center;gap: 8px;margin-bottom: 6px\">\ud83d\udcc4\n<a style=\"color: #000;text-decoration: none;font-size: 14px\" href=\"https:\/\/www.movidelnor.gob.ec\/webepm\/uniportalepm\/wp-content\/uploads\/2025\/Documentos%202025\/RDC2024\/MANCOMUNIDAD\/informe_de_rendiciO%CC%81n_de_cuentas_2024-signed-signed-signed-signed_(3).pdf\" target=\"_blank\" rel=\"noopener\">\nInforme Rendici\u00f3n de Cuentas\n<\/a><\/div>\n<div style=\"align-items: center;gap: 8px\">\ud83d\udcc4\n<a style=\"color: #000;text-decoration: none;font-size: 14px\" href=\"https:\/\/www.movidelnor.gob.ec\/webepm\/uniportalepm\/wp-content\/uploads\/2025\/Documentos%202025\/RDC2024\/MANCOMUNIDAD\/formulario_informe_de_rendiciO%CC%81n_de_cuentas_aN%CC%83o_2024-1.pdf\" target=\"_blank\" rel=\"noopener\">\nBorrador Formulario Rendici\u00f3n de Cuentas Mancomunidad\n<\/a><\/div>\n<\/div>\n<\/div>\n<\/div>                        <\/div>\n\n                    <\/div>\n\n                <\/div><!-- .elementskit-card END -->\n\n                \n                <div class=\"elementskit-card \">\n                    <div class=\"elementskit-card-header\" id=\"primaryHeading-1-34e0ab2\">\n                        <a href=\"#collapse-df27d0469d59daadb0c5\" class=\"ekit-accordion--toggler elementskit-btn-link collapsed\" data-ekit-toggle=\"collapse\" data-target=\"#Collapse-df27d0469d59daadb0c5\" aria-expanded=\"false\" aria-controls=\"Collapse-df27d0469d59daadb0c5\">\n                                                            <div class=\"ekit_accordion_icon_left_group\">\n                                    <div class=\"ekit_accordion_normal_icon\">\n                                        <!-- Normal Icon -->\n                                        <svg class=\"e-font-icon-svg e-fas-angle-double-right\" viewBox=\"0 0 448 512\" xmlns=\"http:\/\/www.w3.org\/2000\/svg\"><path d=\"M224.3 273l-136 136c-9.4 9.4-24.6 9.4-33.9 0l-22.6-22.6c-9.4-9.4-9.4-24.6 0-33.9l96.4-96.4-96.4-96.4c-9.4-9.4-9.4-24.6 0-33.9L54.3 103c9.4-9.4 24.6-9.4 33.9 0l136 136c9.5 9.4 9.5 24.6.1 34zm192-34l-136-136c-9.4-9.4-24.6-9.4-33.9 0l-22.6 22.6c-9.4 9.4-9.4 24.6 0 33.9l96.4 96.4-96.4 96.4c-9.4 9.4-9.4 24.6 0 33.9l22.6 22.6c9.4 9.4 24.6 9.4 33.9 0l136-136c9.4-9.2 9.4-24.4 0-33.8z\"><\/path><\/svg>                                    <\/div>\n\n                                    <div class=\"ekit_accordion_active_icon\">\n                                        <!-- Active Icon -->\n\t\t\t\t\t\t\t\t\t\t<svg class=\"e-font-icon-svg e-fas-angle-double-down\" viewBox=\"0 0 320 512\" xmlns=\"http:\/\/www.w3.org\/2000\/svg\"><path d=\"M143 256.3L7 120.3c-9.4-9.4-9.4-24.6 0-33.9l22.6-22.6c9.4-9.4 24.6-9.4 33.9 0l96.4 96.4 96.4-96.4c9.4-9.4 24.6-9.4 33.9 0L313 86.3c9.4 9.4 9.4 24.6 0 33.9l-136 136c-9.4 9.5-24.6 9.5-34 .1zm34 192l136-136c9.4-9.4 9.4-24.6 0-33.9l-22.6-22.6c-9.4-9.4-24.6-9.4-33.9 0L160 352.1l-96.4-96.4c-9.4-9.4-24.6-9.4-33.9 0L7 278.3c-9.4 9.4-9.4 24.6 0 33.9l136 136c9.4 9.5 24.6 9.5 34 .1z\"><\/path><\/svg>                                    <\/div>\n                                <\/div>\n\n                            \n                            <span class=\"ekit-accordion-title\">2023<\/span>\n\n                            \n                                                    <\/a>\n                    <\/div>\n\n                    <div id=\"Collapse-df27d0469d59daadb0c5\" class=\" collapse\" aria-labelledby=\"primaryHeading-1-34e0ab2\" data-parent=\"#accordion-69d59daadb0c5\">\n\n                        <div class=\"elementskit-card-body ekit-accordion--content\">\n                            <div style=\"max-width: 720px;font-family: Arial, Helvetica, sans-serif;line-height: 1.6\">\n \n<!-- BLOQUE 1 -->\n<div style=\"margin-bottom: 14px\">\n<div style=\"color: #0053a0;font-weight: 600;font-size: 16px;margin-bottom: 6px\">Empresa P\u00fablica de Movilidad del Norte<\/div>\n<div style=\"padding-left: 14px\">\n<div style=\"align-items: center;gap: 8px;margin-bottom: 6px\">\ud83d\udcc4\n<a style=\"color: #000;text-decoration: none;font-size: 14px\" href=\"https:\/\/www.movidelnor.gob.ec\/webepm\/uniportalepm\/wp-content\/uploads\/2024\/DOCUMENTOS%202024\/RDC%202023\/Informe%20RDC2023.pdf\" target=\"_blank\" rel=\"noopener\">\nInforme Final Rendici\u00f3n de Cuentas\n<\/a><\/div>\n<div style=\"align-items: center;gap: 8px;margin-bottom: 6px\">\ud83d\udcc4\n<a style=\"color: #000;text-decoration: none;font-size: 14px\" href=\"https:\/\/www.movidelnor.gob.ec\/webepm\/uniportalepm\/wp-content\/uploads\/2024\/DOCUMENTOS%202024\/RDC%202023\/informerc2023.pdf\" target=\"_blank\" rel=\"noopener\">\nFormulario Rendici\u00f3n de Cuentas Movidelnor EP\n<\/a><\/div>\n<div style=\"align-items: center;gap: 8px;margin-bottom: 6px\">\ud83d\udcc4\n<a style=\"color: #000;text-decoration: none;font-size: 14px\" href=\"https:\/\/www.movidelnor.gob.ec\/webepm\/uniportalepm\/wp-content\/uploads\/2024\/DOCUMENTOS%202024\/RDC%202023\/PLAN%20DE%20TRABAJO%20INSTITUCIONAL%20RC%202023.pdf\" target=\"_blank\" rel=\"noopener\">\nPlan de Trabajo Institucional\n<\/a><\/div>\n<\/div>\n<\/div>\n<!-- BLOQUE 2 -->\n<div>\n<div style=\"color: #0053a0;font-weight: 600;font-size: 16px;margin-bottom: 6px\">Mancomunidad de Tr\u00e1nsito Regi\u00f3n Norte<\/div>\n<div style=\"padding-left: 14px\">\n<div style=\"align-items: center;gap: 8px;margin-bottom: 6px\">\ud83d\udcc4\n<a style=\"color: #000;text-decoration: none;font-size: 14px\" href=\"https:\/\/www.movidelnor.gob.ec\/webepm\/uniportalepm\/wp-content\/uploads\/2024\/DOCUMENTOS%202024\/RDC%202023\/RDC%202023%20MDTN.pdf\" target=\"_blank\" rel=\"noopener\">\nInforme Rendici\u00f3n de Cuentas\n<\/a><\/div>\n<div style=\"align-items: center;gap: 8px\">\ud83d\udcc4\n<a style=\"color: #000;text-decoration: none;font-size: 14px\" href=\"https:\/\/www.movidelnor.gob.ec\/webepm\/uniportalepm\/wp-content\/uploads\/2024\/DOCUMENTOS%202024\/RDC%202023\/FORMULARIO%20RDC%202023%20MDTN.pdf\" target=\"_blank\" rel=\"noopener\">\nBorrador Formulario Rendici\u00f3n de Cuentas Mancomunidad\n<\/a><\/div>\n<\/div>\n<\/div>\n<\/div>                        <\/div>\n\n                    <\/div>\n\n                <\/div><!-- .elementskit-card END -->\n\n                \n                <div class=\"elementskit-card \">\n                    <div class=\"elementskit-card-header\" id=\"primaryHeading-2-34e0ab2\">\n                        <a href=\"#collapse-8f6a8e269d59daadb0c5\" class=\"ekit-accordion--toggler elementskit-btn-link collapsed\" data-ekit-toggle=\"collapse\" data-target=\"#Collapse-8f6a8e269d59daadb0c5\" aria-expanded=\"false\" aria-controls=\"Collapse-8f6a8e269d59daadb0c5\">\n                                                            <div class=\"ekit_accordion_icon_left_group\">\n                                    <div class=\"ekit_accordion_normal_icon\">\n                                        <!-- Normal Icon -->\n                                        <svg class=\"e-font-icon-svg e-fas-angle-double-right\" viewBox=\"0 0 448 512\" xmlns=\"http:\/\/www.w3.org\/2000\/svg\"><path d=\"M224.3 273l-136 136c-9.4 9.4-24.6 9.4-33.9 0l-22.6-22.6c-9.4-9.4-9.4-24.6 0-33.9l96.4-96.4-96.4-96.4c-9.4-9.4-9.4-24.6 0-33.9L54.3 103c9.4-9.4 24.6-9.4 33.9 0l136 136c9.5 9.4 9.5 24.6.1 34zm192-34l-136-136c-9.4-9.4-24.6-9.4-33.9 0l-22.6 22.6c-9.4 9.4-9.4 24.6 0 33.9l96.4 96.4-96.4 96.4c-9.4 9.4-9.4 24.6 0 33.9l22.6 22.6c9.4 9.4 24.6 9.4 33.9 0l136-136c9.4-9.2 9.4-24.4 0-33.8z\"><\/path><\/svg>                                    <\/div>\n\n                                    <div class=\"ekit_accordion_active_icon\">\n                                        <!-- Active Icon -->\n\t\t\t\t\t\t\t\t\t\t<svg class=\"e-font-icon-svg e-fas-angle-double-down\" viewBox=\"0 0 320 512\" xmlns=\"http:\/\/www.w3.org\/2000\/svg\"><path d=\"M143 256.3L7 120.3c-9.4-9.4-9.4-24.6 0-33.9l22.6-22.6c9.4-9.4 24.6-9.4 33.9 0l96.4 96.4 96.4-96.4c9.4-9.4 24.6-9.4 33.9 0L313 86.3c9.4 9.4 9.4 24.6 0 33.9l-136 136c-9.4 9.5-24.6 9.5-34 .1zm34 192l136-136c9.4-9.4 9.4-24.6 0-33.9l-22.6-22.6c-9.4-9.4-24.6-9.4-33.9 0L160 352.1l-96.4-96.4c-9.4-9.4-24.6-9.4-33.9 0L7 278.3c-9.4 9.4-9.4 24.6 0 33.9l136 136c9.4 9.5 24.6 9.5 34 .1z\"><\/path><\/svg>                                    <\/div>\n                                <\/div>\n\n                            \n                            <span class=\"ekit-accordion-title\">2022<\/span>\n\n                            \n                                                    <\/a>\n                    <\/div>\n\n                    <div id=\"Collapse-8f6a8e269d59daadb0c5\" class=\" collapse\" aria-labelledby=\"primaryHeading-2-34e0ab2\" data-parent=\"#accordion-69d59daadb0c5\">\n\n                        <div class=\"elementskit-card-body ekit-accordion--content\">\n                            <div style=\"max-width: 720px;font-family: Arial, Helvetica, sans-serif;line-height: 1.6\">\n \n<!-- BLOQUE 1 -->\n<div style=\"margin-bottom: 14px\">\n<div style=\"color: #0053a0;font-weight: 600;font-size: 16px;margin-bottom: 6px\">Empresa P\u00fablica de Movilidad del Norte<\/div>\n<div style=\"padding-left: 14px\">\n<div style=\"align-items: center;gap: 8px;margin-bottom: 6px\">\ud83d\udcc4\n<a style=\"color: #000;text-decoration: none;font-size: 14px\" href=\"https:\/\/www.movidelnor.gob.ec\/webepm\/uniportalepm\/wp-content\/uploads\/2023\/informe_rendicion_cuentas2022.pdf\" target=\"_blank\" rel=\"noopener\">\nInforme Rendici\u00f3n de Cuentas 2022\n<\/a><\/div>\n<div style=\"align-items: center;gap: 8px;margin-bottom: 6px\">\ud83d\udcc4\n<a style=\"color: #000;text-decoration: none;font-size: 14px\" href=\"https:\/\/www.movidelnor.gob.ec\/webepm\/uniportalepm\/wp-content\/uploads\/2023\/preguntas_rdc_2022.pdf\" target=\"_blank\" rel=\"noopener\">\nPreguntas Ciudadanas Rendici\u00f3n de Cuentas 2022\n<\/a><\/div>\n<div style=\"align-items: center;gap: 8px;margin-bottom: 6px\">\ud83d\udcc4\n<a style=\"color: #000;text-decoration: none;font-size: 14px\" href=\"https:\/\/www.movidelnor.gob.ec\/webepm\/uniportalepm\/wp-content\/uploads\/2023\/formulario_de-rendicion_de_cuentas_2022_finalizado.pdf\" target=\"_blank\" rel=\"noopener\">\nFormulario Rendici\u00f3n de Cuentas 2022\n<\/a><\/div>\n<\/div>\n<\/div>\n<\/div>                        <\/div>\n\n                    <\/div>\n\n                <\/div><!-- .elementskit-card END -->\n\n                \n                <div class=\"elementskit-card \">\n                    <div class=\"elementskit-card-header\" id=\"primaryHeading-3-34e0ab2\">\n                        <a href=\"#collapse-ebf97a869d59daadb0c5\" class=\"ekit-accordion--toggler elementskit-btn-link collapsed\" data-ekit-toggle=\"collapse\" data-target=\"#Collapse-ebf97a869d59daadb0c5\" aria-expanded=\"false\" aria-controls=\"Collapse-ebf97a869d59daadb0c5\">\n                                                            <div class=\"ekit_accordion_icon_left_group\">\n                                    <div class=\"ekit_accordion_normal_icon\">\n                                        <!-- Normal Icon -->\n                                        <svg class=\"e-font-icon-svg e-fas-angle-double-right\" viewBox=\"0 0 448 512\" xmlns=\"http:\/\/www.w3.org\/2000\/svg\"><path d=\"M224.3 273l-136 136c-9.4 9.4-24.6 9.4-33.9 0l-22.6-22.6c-9.4-9.4-9.4-24.6 0-33.9l96.4-96.4-96.4-96.4c-9.4-9.4-9.4-24.6 0-33.9L54.3 103c9.4-9.4 24.6-9.4 33.9 0l136 136c9.5 9.4 9.5 24.6.1 34zm192-34l-136-136c-9.4-9.4-24.6-9.4-33.9 0l-22.6 22.6c-9.4 9.4-9.4 24.6 0 33.9l96.4 96.4-96.4 96.4c-9.4 9.4-9.4 24.6 0 33.9l22.6 22.6c9.4 9.4 24.6 9.4 33.9 0l136-136c9.4-9.2 9.4-24.4 0-33.8z\"><\/path><\/svg>                                    <\/div>\n\n                                    <div class=\"ekit_accordion_active_icon\">\n                                        <!-- Active Icon -->\n\t\t\t\t\t\t\t\t\t\t<svg class=\"e-font-icon-svg e-fas-angle-double-down\" viewBox=\"0 0 320 512\" xmlns=\"http:\/\/www.w3.org\/2000\/svg\"><path d=\"M143 256.3L7 120.3c-9.4-9.4-9.4-24.6 0-33.9l22.6-22.6c9.4-9.4 24.6-9.4 33.9 0l96.4 96.4 96.4-96.4c9.4-9.4 24.6-9.4 33.9 0L313 86.3c9.4 9.4 9.4 24.6 0 33.9l-136 136c-9.4 9.5-24.6 9.5-34 .1zm34 192l136-136c9.4-9.4 9.4-24.6 0-33.9l-22.6-22.6c-9.4-9.4-24.6-9.4-33.9 0L160 352.1l-96.4-96.4c-9.4-9.4-24.6-9.4-33.9 0L7 278.3c-9.4 9.4-9.4 24.6 0 33.9l136 136c9.4 9.5 24.6 9.5 34 .1z\"><\/path><\/svg>                                    <\/div>\n                                <\/div>\n\n                            \n                            <span class=\"ekit-accordion-title\">2021<\/span>\n\n                            \n                                                    <\/a>\n                    <\/div>\n\n                    <div id=\"Collapse-ebf97a869d59daadb0c5\" class=\" collapse\" aria-labelledby=\"primaryHeading-3-34e0ab2\" data-parent=\"#accordion-69d59daadb0c5\">\n\n                        <div class=\"elementskit-card-body ekit-accordion--content\">\n                            <div style=\"max-width: 720px;font-family: Arial, Helvetica, sans-serif;line-height: 1.6\">\n \n<!-- BLOQUE 1 -->\n<div style=\"margin-bottom: 14px\">\n<div style=\"color: #0053a0;font-weight: 600;font-size: 16px;margin-bottom: 6px\">Empresa P\u00fablica de Movilidad del Norte<\/div>\n<div style=\"padding-left: 14px\">\n<div style=\"align-items: center;gap: 8px;margin-bottom: 6px\">\ud83d\udcc4\n<a style=\"color: #000;text-decoration: none;font-size: 14px\" href=\"https:\/\/www.movidelnor.gob.ec\/webepm\/uniportalepm\/wp-content\/uploads\/2021\/rc_2021\/informe_rendicion_de_%20cuentas_%20mancomunidad.pdf\" target=\"_blank\" rel=\"noopener\">\nInforme Rendici\u00f3n de Cuentas\n<\/a><\/div>\n<div style=\"align-items: center;gap: 8px;margin-bottom: 6px\">\ud83d\udcc4\n<a style=\"color: #000;text-decoration: none;font-size: 14px\" href=\"https:\/\/www.movidelnor.gob.ec\/webepm\/uniportalepm\/wp-content\/uploads\/2021\/rc_2021\/formulario_rendicion_de_cuentas_movidelnor2021.pdf\" target=\"_blank\" rel=\"noopener\">\nFormulario Rendici\u00f3n de Cuentas Movidelnor\n<\/a><\/div>\n<div style=\"align-items: center;gap: 8px;margin-bottom: 6px\">\ud83d\udcc4\n<a style=\"color: #000;text-decoration: none;font-size: 14px\" href=\"https:\/\/www.movidelnor.gob.ec\/webepm\/uniportalepm\/wp-content\/uploads\/2021\/rc_2021\/entrega_informe_rendicion_de_cuentas2021.pdf\" target=\"_blank\" rel=\"noopener\">\nEntrega Informe de Rendici\u00f3n de Cuentas\n<\/a><\/div>\n<\/div>\n<\/div>\n<!-- BLOQUE 2 -->\n<div>\n<div style=\"color: #0053a0;font-weight: 600;font-size: 16px;margin-bottom: 6px\">Mancomunidad de Tr\u00e1nsito Regi\u00f3n Norte<\/div>\n<div style=\"padding-left: 14px\">\n<div style=\"align-items: center;gap: 8px;margin-bottom: 6px\">\ud83d\udcc4\n<a style=\"color: #000;text-decoration: none;font-size: 14px\" href=\"https:\/\/www.movidelnor.gob.ec\/webepm\/uniportalepm\/wp-content\/uploads\/2021\/rc_2021\/informe_rendicion_de_%20cuentas_%20mancomunidad.pdf\" target=\"_blank\" rel=\"noopener\">\nInforme final Rendici\u00f3n de Cuentas\n<\/a><\/div>\n<div style=\"align-items: center;gap: 8px;margin-bottom: 6px\">\ud83d\udcc4\n<a style=\"color: #000;text-decoration: none;font-size: 14px\" href=\"https:\/\/www.movidelnor.gob.ec\/webepm\/uniportalepm\/wp-content\/uploads\/2021\/rc_2021\/formulario_rendicion_de_cuentas_mancomunidad_2021.pdf\" target=\"_blank\" rel=\"noopener\">\nFormulario Rendici\u00f3n de Cuentas Mancomunidad\n<\/a><\/div>\n<div style=\"align-items: center;gap: 8px\">\ud83d\udcc4\n<a style=\"color: #000;text-decoration: none;font-size: 14px\" href=\"https:\/\/www.movidelnor.gob.ec\/webepm\/uniportalepm\/wp-content\/uploads\/2021\/rc_2021\/entrega_informe_rendicion_de_cuentas2021.pdf\" target=\"_blank\" rel=\"noopener\">\nEntrega Informe de Rendici\u00f3n de Cuentas\n<\/a><\/div>\n<\/div>\n<\/div>\n<\/div>                        <\/div>\n\n                    <\/div>\n\n                <\/div><!-- .elementskit-card END -->\n\n                                        <\/div>\n    <\/div>\t\t\t\t<\/div>\n\t\t\t\t\t<\/div>\n\t\t\t\t<\/div>\n\t\t\t\t<\/div>\n\t\t","protected":false},"excerpt":{"rendered":"<p>RENDICI\u00d3N DE CUENTAS \u00bfPOR QU\u00c9 RENDIR CUENTAS? En base a la resoluci\u00f3n No. -CPCCS-041-29-12-2015 considerando la ley org\u00e1nica de Participaci\u00f3n Ciudadana en su Art. 88 establece que \u201cLos ciudadanos y ciudadanas en forma individual y colectiva, comunas, comunidades, pueblos y dem\u00e1s podr\u00e1n solicitar una vez al a\u00f1o la rendici\u00f3n de cuentas a las instituciones p\u00fablicas [&hellip;]<\/p>\n","protected":false},"author":3,"featured_media":0,"parent":0,"menu_order":0,"comment_status":"closed","ping_status":"closed","template":"elementor_header_footer","meta":{"footnotes":""},"class_list":["post-5328","page","type-page","status-publish","hentry"],"aioseo_notices":[],"_links":{"self":[{"href":"https:\/\/movidelnor.gob.ec\/web\/webepm\/wp-json\/wp\/v2\/pages\/5328","targetHints":{"allow":["GET"]}}],"collection":[{"href":"https:\/\/movidelnor.gob.ec\/web\/webepm\/wp-json\/wp\/v2\/pages"}],"about":[{"href":"https:\/\/movidelnor.gob.ec\/web\/webepm\/wp-json\/wp\/v2\/types\/page"}],"author":[{"embeddable":true,"href":"https:\/\/movidelnor.gob.ec\/web\/webepm\/wp-json\/wp\/v2\/users\/3"}],"replies":[{"embeddable":true,"href":"https:\/\/movidelnor.gob.ec\/web\/webepm\/wp-json\/wp\/v2\/comments?post=5328"}],"version-history":[{"count":100,"href":"https:\/\/movidelnor.gob.ec\/web\/webepm\/wp-json\/wp\/v2\/pages\/5328\/revisions"}],"predecessor-version":[{"id":6675,"href":"https:\/\/movidelnor.gob.ec\/web\/webepm\/wp-json\/wp\/v2\/pages\/5328\/revisions\/6675"}],"wp:attachment":[{"href":"https:\/\/movidelnor.gob.ec\/web\/webepm\/wp-json\/wp\/v2\/media?parent=5328"}],"curies":[{"name":"wp","href":"https:\/\/api.w.org\/{rel}","templated":true}]}}