{"id":6040,"date":"2026-01-14T11:41:30","date_gmt":"2026-01-14T16:41:30","guid":{"rendered":"https:\/\/www.movidelnor.gob.ec\/web\/webepm\/?page_id=6040"},"modified":"2026-01-14T12:27:01","modified_gmt":"2026-01-14T17:27:01","slug":"facilidades-de-pago","status":"publish","type":"page","link":"https:\/\/movidelnor.gob.ec\/web\/webepm\/facilidades-de-pago\/","title":{"rendered":"Facilidades de Pago"},"content":{"rendered":"\t\t<div data-elementor-type=\"wp-page\" data-elementor-id=\"6040\" class=\"elementor elementor-6040\" data-elementor-post-type=\"page\">\n\t\t\t\t<div class=\"elementor-element elementor-element-01a44f3 e-flex e-con-boxed e-con e-parent\" data-id=\"01a44f3\" data-element_type=\"container\" data-e-type=\"container\" data-settings=\"{&quot;background_background&quot;:&quot;classic&quot;}\">\n\t\t\t\t\t<div class=\"e-con-inner\">\n\t\t<div class=\"elementor-element elementor-element-fd179df e-con-full e-grid e-con e-child\" data-id=\"fd179df\" data-element_type=\"container\" data-e-type=\"container\">\n\t\t\t\t<div class=\"elementor-element elementor-element-868152f elementor-widget elementor-widget-heading\" data-id=\"868152f\" data-element_type=\"widget\" data-e-type=\"widget\" data-widget_type=\"heading.default\">\n\t\t\t\t\t<h2 class=\"elementor-heading-title elementor-size-default\">Facilidades de Pago<\/h2>\t\t\t\t<\/div>\n\t\t\t\t<\/div>\n\t\t\t\t\t<\/div>\n\t\t\t\t<\/div>\n\t\t<div class=\"elementor-element elementor-element-ee351cb e-flex e-con-boxed e-con e-parent\" data-id=\"ee351cb\" data-element_type=\"container\" data-e-type=\"container\">\n\t\t\t\t\t<div class=\"e-con-inner\">\n\t\t\t\t<div class=\"elementor-element elementor-element-cee09d2 elementor-widget elementor-widget-text-editor\" data-id=\"cee09d2\" data-element_type=\"widget\" data-e-type=\"widget\" data-widget_type=\"text-editor.default\">\n\t\t\t\t\t\t\t\t\t<div class=\"facilidad-pago-box\">\n    <p>Estimado Usuario, ahora tiene la posibilidad de realizar pagos por concepto de infracciones de tr\u00e1nsito, servicios de matriculaci\u00f3n y retenci\u00f3n de un automotor en patios, realizando un pago en l\u00ednea mediante tarjetas de cr\u00e9dito. Hemos habilitado la opci\u00f3n de pago con tarjetas a trav\u00e9s de nuestro portal web: www.movidelnor.gob.ec<\/p>\n    \n    <h3>El proceso es sencillo<\/h3>\n    \n    <div class=\"facilidad-pago-step\">\n        <div class=\"facilidad-pago-step-num\">1<\/div>\n        <div>\n            Ingrese a nuestro portal web, valores de infracciones y seleccione la opci\u00f3n actualizar datos, o ingrese al siguiente link: <br>\n            <a href=\"https:\/\/servicios.axiscloud.ec\/AutoServicio\/inicio.jsp?ps_empresa=02&#038;ps_accion=P55\" target=\"_blank\" class=\"facilidad-pago-btn\">ACCEDER AL PORTAL DE PAGOS<\/a>\n        <\/div>\n    <\/div>\n\n    <div class=\"facilidad-pago-step\">\n        <div class=\"facilidad-pago-step-num\">2<\/div>\n        <div>Posterior ingrese en la parte superior derecha en el bot\u00f3n login su n\u00famero de c\u00e9dula e ingrese el c\u00f3digo que llega a su correo electr\u00f3nico.<\/div>\n    <\/div>\n\n    <div class=\"facilidad-pago-step\">\n        <div class=\"facilidad-pago-step-num\">3<\/div>\n        <div>Una vez que se encuentre dentro de su usuario, podr\u00e1 proceder a realizar el pago haciendo clic en el bot\u00f3n \u00abPagar\u00bb.<\/div>\n    <\/div>\n\n    <div class=\"facilidad-pago-note\">\n        NOTA: Es importante indicar si el pago es por servicios de matriculaci\u00f3n o liberaciones previo a este proceso se debe generar la orden de pago respectiva y si el pago es de infracciones de tr\u00e1nsito \u00fanicamente ingresando su n\u00famero de cedula.\n    <\/div>\n\n    <div class=\"facilidad-pago-list\">\n        <strong>PAGOS CON TARJETA DE CR\u00c9DITO &#8211; EN LINEA<\/strong>\n        <ul>\n            <li>DINERS CLUB<\/li>\n            <li>TITANIUM<\/li>\n            <li>VISA (BANCO PICHINCHA, PRODUBANCO, GENERAL RUMI\u00d1AHUI)<\/li>\n            <li>MASTERCARD (BANCO PICHINCHA, PRODUBANCO, GENERAL RUMI\u00d1AHUI)<\/li>\n            <li>DISCOVER<\/li>\n        <\/ul>\n    <\/div>\n\n    <p>Si utiliza tarjetas de otros bancos, tambi\u00e9n tiene la opci\u00f3n de realizar el pago, pero de manera presencial. Para ello, puede utilizar nuestro sistema de procesamiento de pagos DataFast, que garantiza seguridad y eficiencia en sus transacciones. Con esta opci\u00f3n de pago puede completar sus transacciones de manera segura, utilizando su tarjeta de cr\u00e9dito. Ahora tiene la posibilidad de optar por pagos diferidos. Puede seleccionar el plazo que mejor se adapte a su capacidad financiera y necesidades.<\/p>\n\n    <div class=\"facilidad-pago-list\">\n        <strong>PAGOS CON TARJETA DE CR\u00c9DITO \u2013 OFICINAS EPM<\/strong>\n        <ul>\n            <li>BANCO AMAZONAS<\/li>\n            <li>BBPBANK<\/li>\n            <li>BANCO BOLIVARIANO<\/li>\n            <li>PRODUBANCO<\/li>\n            <li>BANCO DE MACHALA<\/li>\n            <li>BANCO INTERNACIONAL<\/li>\n            <li>BANCO SOLIDARIO<\/li>\n            <li>COOPERATIVA 29 DE OCTUBRE<\/li>\n            <li>COOPERATIVA JEP<\/li>\n            <li>COOPERATIVA COOPROGRESO<\/li>\n            <li>MUTUALISTA AZUAY<\/li>\n            <li>MUTUALISTA IMBABURA<\/li>\n            <li>MUTUALISTA PICHINCHA<\/li>\n        <\/ul>\n    <\/div>\n\n    <p>Estamos comprometidos en brindarle opciones de pago convenientes y seguras. Si tiene alguna pregunta o necesita asistencia adicional, no dude en acercarse a nuestras oficinas y ponerse en contacto con nuestro equipo de soporte. Agradecemos su confianza.<\/p>\n<\/div>\t\t\t\t\t\t\t\t<\/div>\n\t\t\t\t\t<\/div>\n\t\t\t\t<\/div>\n\t\t\t\t<\/div>\n\t\t","protected":false},"excerpt":{"rendered":"<p>Facilidades de Pago Estimado Usuario, ahora tiene la posibilidad de realizar pagos por concepto de infracciones de tr\u00e1nsito, servicios de matriculaci\u00f3n y retenci\u00f3n de un automotor en patios, realizando un pago en l\u00ednea mediante tarjetas de cr\u00e9dito. Hemos habilitado la opci\u00f3n de pago con tarjetas a trav\u00e9s de nuestro portal web: www.movidelnor.gob.ec El proceso es [&hellip;]<\/p>\n","protected":false},"author":3,"featured_media":0,"parent":0,"menu_order":0,"comment_status":"closed","ping_status":"closed","template":"elementor_header_footer","meta":{"footnotes":""},"class_list":["post-6040","page","type-page","status-publish","hentry"],"aioseo_notices":[],"_links":{"self":[{"href":"https:\/\/movidelnor.gob.ec\/web\/webepm\/wp-json\/wp\/v2\/pages\/6040","targetHints":{"allow":["GET"]}}],"collection":[{"href":"https:\/\/movidelnor.gob.ec\/web\/webepm\/wp-json\/wp\/v2\/pages"}],"about":[{"href":"https:\/\/movidelnor.gob.ec\/web\/webepm\/wp-json\/wp\/v2\/types\/page"}],"author":[{"embeddable":true,"href":"https:\/\/movidelnor.gob.ec\/web\/webepm\/wp-json\/wp\/v2\/users\/3"}],"replies":[{"embeddable":true,"href":"https:\/\/movidelnor.gob.ec\/web\/webepm\/wp-json\/wp\/v2\/comments?post=6040"}],"version-history":[{"count":14,"href":"https:\/\/movidelnor.gob.ec\/web\/webepm\/wp-json\/wp\/v2\/pages\/6040\/revisions"}],"predecessor-version":[{"id":7434,"href":"https:\/\/movidelnor.gob.ec\/web\/webepm\/wp-json\/wp\/v2\/pages\/6040\/revisions\/7434"}],"wp:attachment":[{"href":"https:\/\/movidelnor.gob.ec\/web\/webepm\/wp-json\/wp\/v2\/media?parent=6040"}],"curies":[{"name":"wp","href":"https:\/\/api.w.org\/{rel}","templated":true}]}}