{"id":6135,"date":"2026-01-14T15:30:45","date_gmt":"2026-01-14T20:30:45","guid":{"rendered":"https:\/\/www.movidelnor.gob.ec\/web\/webepm\/?page_id=6135"},"modified":"2026-01-14T16:04:33","modified_gmt":"2026-01-14T21:04:33","slug":"estructura-operativa-movidelnor","status":"publish","type":"page","link":"https:\/\/movidelnor.gob.ec\/web\/webepm\/estructura-operativa-movidelnor\/","title":{"rendered":"Estructura Operativa Movidelnor"},"content":{"rendered":"\t\t<div data-elementor-type=\"wp-page\" data-elementor-id=\"6135\" class=\"elementor elementor-6135\" data-elementor-post-type=\"page\">\n\t\t\t\t<div class=\"elementor-element elementor-element-01a44f3 e-flex e-con-boxed e-con e-parent\" data-id=\"01a44f3\" data-element_type=\"container\" data-e-type=\"container\" data-settings=\"{&quot;background_background&quot;:&quot;classic&quot;}\">\n\t\t\t\t\t<div class=\"e-con-inner\">\n\t\t<div class=\"elementor-element elementor-element-fd179df e-con-full e-grid e-con e-child\" data-id=\"fd179df\" data-element_type=\"container\" data-e-type=\"container\">\n\t\t\t\t<div class=\"elementor-element elementor-element-868152f elementor-widget elementor-widget-heading\" data-id=\"868152f\" data-element_type=\"widget\" data-e-type=\"widget\" data-widget_type=\"heading.default\">\n\t\t\t\t\t<h2 class=\"elementor-heading-title elementor-size-default\">Estructura Operativa - Movidelnor<\/h2>\t\t\t\t<\/div>\n\t\t\t\t<\/div>\n\t\t\t\t\t<\/div>\n\t\t\t\t<\/div>\n\t\t<div class=\"elementor-element elementor-element-b63ebb3 e-flex e-con-boxed e-con e-parent\" data-id=\"b63ebb3\" data-element_type=\"container\" data-e-type=\"container\">\n\t\t\t\t\t<div class=\"e-con-inner\">\n\t\t<div class=\"elementor-element elementor-element-7480c53 e-con-full e-flex e-con e-child\" data-id=\"7480c53\" data-element_type=\"container\" data-e-type=\"container\">\n\t\t\t\t<div class=\"elementor-element elementor-element-ae261e6 e-transform elementor-widget elementor-widget-image\" data-id=\"ae261e6\" data-element_type=\"widget\" data-e-type=\"widget\" data-settings=\"{&quot;_transform_scale_effect_hover&quot;:{&quot;unit&quot;:&quot;px&quot;,&quot;size&quot;:0.90000000000000002220446049250313080847263336181640625,&quot;sizes&quot;:[]},&quot;_transform_scale_effect_hover_tablet&quot;:{&quot;unit&quot;:&quot;px&quot;,&quot;size&quot;:&quot;&quot;,&quot;sizes&quot;:[]},&quot;_transform_scale_effect_hover_mobile&quot;:{&quot;unit&quot;:&quot;px&quot;,&quot;size&quot;:&quot;&quot;,&quot;sizes&quot;:[]}}\" data-widget_type=\"image.default\">\n\t\t\t\t\t\t\t\t\t\t\t\t\t\t\t<img fetchpriority=\"high\" decoding=\"async\" width=\"800\" height=\"566\" src=\"https:\/\/movidelnor.gob.ec\/web\/webepm\/wp-content\/uploads\/2026\/01\/mapa-politico-scaled-1-1024x724.jpg\" class=\"attachment-large size-large wp-image-6137\" alt=\"\" srcset=\"https:\/\/movidelnor.gob.ec\/web\/webepm\/wp-content\/uploads\/2026\/01\/mapa-politico-scaled-1-1024x724.jpg 1024w, https:\/\/movidelnor.gob.ec\/web\/webepm\/wp-content\/uploads\/2026\/01\/mapa-politico-scaled-1-300x212.jpg 300w, https:\/\/movidelnor.gob.ec\/web\/webepm\/wp-content\/uploads\/2026\/01\/mapa-politico-scaled-1-768x543.jpg 768w, https:\/\/movidelnor.gob.ec\/web\/webepm\/wp-content\/uploads\/2026\/01\/mapa-politico-scaled-1-1536x1085.jpg 1536w, https:\/\/movidelnor.gob.ec\/web\/webepm\/wp-content\/uploads\/2026\/01\/mapa-politico-scaled-1-2048x1447.jpg 2048w\" sizes=\"(max-width: 800px) 100vw, 800px\" \/>\t\t\t\t\t\t\t\t\t\t\t\t\t\t\t<\/div>\n\t\t\t\t<\/div>\n\t\t<div class=\"elementor-element elementor-element-46bfec8 e-con-full e-flex e-con e-child\" data-id=\"46bfec8\" data-element_type=\"container\" data-e-type=\"container\">\n\t\t\t\t<div class=\"elementor-element elementor-element-c65f15d elementor-widget elementor-widget-elementskit-heading\" data-id=\"c65f15d\" data-element_type=\"widget\" data-e-type=\"widget\" data-widget_type=\"elementskit-heading.default\">\n\t\t\t\t\t<div class=\"ekit-wid-con\" ><div class=\"ekit-heading elementskit-section-title-wraper text_center   ekit_heading_tablet-   ekit_heading_mobile-\"><h2 class=\"ekit-heading--title elementskit-section-title \">Mapa Pol\u00edtico<\/h2><div class=\"ekit_heading_separetor_wraper ekit_heading_elementskit-border-divider elementskit-style-long\"><div class=\"elementskit-border-divider elementskit-style-long\"><\/div><\/div><\/div><\/div>\t\t\t\t<\/div>\n\t\t\t\t<div class=\"elementor-element elementor-element-c79c15a elementor-widget elementor-widget-text-editor\" data-id=\"c79c15a\" data-element_type=\"widget\" data-e-type=\"widget\" data-widget_type=\"text-editor.default\">\n\t\t\t\t\t\t\t\t\t<style>.info-map-container {\n  background: #f9fbfd;\n  border: 1px solid #f0b37e;\n  border-radius: 12px;\n  padding: 24px;\n  max-width: 900px;\n}\n\n.info-map-title {\n  background: #f39205;\n  color: #ffffff;\n  font-weight: bold;\n  font-size: 18px;\n  padding: 10px 16px;\n  border-radius: 8px;\n  margin-bottom: 16px;\n  letter-spacing: 0.5px;\n}\n\n.info-map-text {\n  color: #333333;\n  font-size: 15px;\n  line-height: 1.7;\n  margin-bottom: 16px;\n}\n\n.info-map-highlight {\n  background: #fff4e5;\n  border-left: 5px solid #f39205;\n  padding: 14px 16px;\n  border-radius: 6px;\n  font-size: 14px;\n  color: #333333;\n  line-height: 1.6;\n}\n@media (max-width: 768px) {\n  .info-map-container.compact {\n    padding: 18px 16px;   \/* \u2b05 m\u00e1s aire lateral *\/\n    margin: 12px;         \/* \u2b05 separa del borde de la pantalla *\/\n  }\n}\n<\/style>\n<div class=\"info-map-container\">\n<div class=\"info-map-text\">La <strong>Mancomunidad de Tr\u00e1nsito Norte<\/strong> tiene presencia geogr\u00e1fica\nen cuatro provincias de la regi\u00f3n Norte del Ecuador:\n<strong>Carchi, Esmeraldas, Imbabura y Pichincha<\/strong>.Es la <strong>mancomunidad m\u00e1s grande del pa\u00eds<\/strong>, al estar conformada\npor <strong>15 cantones miembros<\/strong>, lo que permite una gesti\u00f3n\narticulada y coordinada del tr\u00e1nsito y transporte terrestre.<\/div>\n<div class=\"info-map-highlight\">El mapa pol\u00edtico permite visualizar con mayor precisi\u00f3n el territorio de\nlos cantones que conforman la mancomunidad. Cada cant\u00f3n se encuentra\ndelimitado por l\u00edneas que representan sus l\u00edmites administrativos, y su\nespacio interior se distingue mediante un color espec\u00edfico para facilitar\nsu identificaci\u00f3n.<\/div>\n<\/div>\t\t\t\t\t\t\t\t<\/div>\n\t\t\t\t<\/div>\n\t\t\t\t\t<\/div>\n\t\t\t\t<\/div>\n\t\t<div class=\"elementor-element elementor-element-4b5227b e-flex e-con-boxed e-con e-parent\" data-id=\"4b5227b\" data-element_type=\"container\" data-e-type=\"container\">\n\t\t\t\t\t<div class=\"e-con-inner\">\n\t\t<div class=\"elementor-element elementor-element-845b46d e-con-full e-flex e-con e-child\" data-id=\"845b46d\" data-element_type=\"container\" data-e-type=\"container\">\n\t\t\t\t<div class=\"elementor-element elementor-element-bdbf2b7 elementor-widget elementor-widget-elementskit-heading\" data-id=\"bdbf2b7\" data-element_type=\"widget\" data-e-type=\"widget\" data-widget_type=\"elementskit-heading.default\">\n\t\t\t\t\t<div class=\"ekit-wid-con\" ><div class=\"ekit-heading elementskit-section-title-wraper text_center   ekit_heading_tablet-   ekit_heading_mobile-\"><h2 class=\"ekit-heading--title elementskit-section-title \">Distritos<\/h2><div class=\"ekit_heading_separetor_wraper ekit_heading_elementskit-border-divider elementskit-style-long\"><div class=\"elementskit-border-divider elementskit-style-long\"><\/div><\/div><\/div><\/div>\t\t\t\t<\/div>\n\t\t\t\t<div class=\"elementor-element elementor-element-4616973 elementor-widget elementor-widget-text-editor\" data-id=\"4616973\" data-element_type=\"widget\" data-e-type=\"widget\" data-widget_type=\"text-editor.default\">\n\t\t\t\t\t\t\t\t\t<style> .info-map-container.compact {\n  background: #ffffff;\n  border: 1px solid #cfe2f3;\n  border-radius: 8px;\n  padding: 14px;\n  max-width: 760px;\n}\n\n\/* TITULO *\/\n.info-map-container.compact .info-map-title {\n  background: #1f4fd8;\n  color: #ffffff;\n  font-weight: 600;\n  font-size: 15px; \/* \u2b06 m\u00e1s grande *\/\n  padding: 8px 12px;\n  border-radius: 6px;\n  margin-bottom: 10px;\n}\n\n\/* TEXTO *\/\n.info-map-container.compact .info-map-text {\n  font-size: 14px; \/* \u2b06 m\u00e1s grande *\/\n  line-height: 1.6;\n  margin-bottom: 12px;\n  color: #2c3e50;\n}\n\n\/* DISTRITOS *\/\n.info-map-container.compact .districts-container {\n  display: flex;\n  flex-direction: column;\n  gap: 8px;\n}\n\n.info-map-container.compact .district-box {\n  background: #f5f9ff;\n  border: 1px solid #d6e4ff;\n  border-radius: 6px;\n  padding: 8px 10px;\n}\n\n.info-map-container.compact .district-title {\n  font-size: 14px; \/* \u2b06 m\u00e1s grande *\/\n  font-weight: 600;\n  color: #1f4fd8;\n  margin-bottom: 3px;\n}\n\n.info-map-container.compact .district-text {\n  font-size: 13px; \/* \u2b06 m\u00e1s grande *\/\n  line-height: 1.5;\n  color: #34495e;\n}\n@media (max-width: 768px) {\n  .info-map-container.compact {\n    padding: 18px 16px;   \/* \u2b05 m\u00e1s aire lateral *\/\n    margin: 12px;         \/* \u2b05 separa del borde de la pantalla *\/\n  }\n}\n<\/style>\n<div class=\"info-map-container compact\">\n<div class=\"info-map-text\">La <strong>Mancomunidad de Tr\u00e1nsito Norte<\/strong> organiza su territorio mediante\nun <strong>modelo distrital<\/strong>, respetando la divisi\u00f3n pol\u00edtico-administrativa\npara optimizar recursos y planificaci\u00f3n territorial.<\/div>\n<div class=\"districts-container\">\n<div class=\"district-box\">\n<div class=\"district-title\">Distrito Norte<\/div>\n<div class=\"district-text\">Huaca, Mont\u00fafar, Bol\u00edvar, Espejo y Mira.<\/div>\n<\/div>\n<div class=\"district-box\">\n<div class=\"district-title\">Distrito Pac\u00edfico<\/div>\n<div class=\"district-text\">San Lorenzo, Eloy Alfaro y Rioverde.<\/div>\n<\/div>\n<div class=\"district-box\">\n<div class=\"district-title\">Distrito Centro<\/div>\n<div class=\"district-text\">Ibarra, Urcuqu\u00ed y Pimampiro.<\/div>\n<\/div>\n<div class=\"district-box\">\n<div class=\"district-title\">Distrito Sur<\/div>\n<div class=\"district-text\">Antonio Ante, Cotacachi, Otavalo y Pedro Moncayo.<\/div>\n<\/div>\n<\/div>\n<\/div>\t\t\t\t\t\t\t\t<\/div>\n\t\t\t\t<\/div>\n\t\t<div class=\"elementor-element elementor-element-52a31f3 e-con-full e-flex e-con e-child\" data-id=\"52a31f3\" data-element_type=\"container\" data-e-type=\"container\">\n\t\t\t\t<div class=\"elementor-element elementor-element-9b6fd12 e-transform elementor-widget elementor-widget-image\" data-id=\"9b6fd12\" data-element_type=\"widget\" data-e-type=\"widget\" data-settings=\"{&quot;_transform_scale_effect_hover&quot;:{&quot;unit&quot;:&quot;px&quot;,&quot;size&quot;:0.90000000000000002220446049250313080847263336181640625,&quot;sizes&quot;:[]},&quot;_transform_scale_effect_hover_tablet&quot;:{&quot;unit&quot;:&quot;px&quot;,&quot;size&quot;:&quot;&quot;,&quot;sizes&quot;:[]},&quot;_transform_scale_effect_hover_mobile&quot;:{&quot;unit&quot;:&quot;px&quot;,&quot;size&quot;:&quot;&quot;,&quot;sizes&quot;:[]}}\" data-widget_type=\"image.default\">\n\t\t\t\t\t\t\t\t\t\t\t\t\t\t\t<img decoding=\"async\" width=\"800\" height=\"566\" src=\"https:\/\/movidelnor.gob.ec\/web\/webepm\/wp-content\/uploads\/2026\/01\/Mapa-Distritos-scaled-1-1024x724.jpg\" class=\"attachment-large size-large wp-image-6138\" alt=\"\" srcset=\"https:\/\/movidelnor.gob.ec\/web\/webepm\/wp-content\/uploads\/2026\/01\/Mapa-Distritos-scaled-1-1024x724.jpg 1024w, https:\/\/movidelnor.gob.ec\/web\/webepm\/wp-content\/uploads\/2026\/01\/Mapa-Distritos-scaled-1-300x212.jpg 300w, https:\/\/movidelnor.gob.ec\/web\/webepm\/wp-content\/uploads\/2026\/01\/Mapa-Distritos-scaled-1-768x543.jpg 768w, https:\/\/movidelnor.gob.ec\/web\/webepm\/wp-content\/uploads\/2026\/01\/Mapa-Distritos-scaled-1-1536x1085.jpg 1536w, https:\/\/movidelnor.gob.ec\/web\/webepm\/wp-content\/uploads\/2026\/01\/Mapa-Distritos-scaled-1-2048x1447.jpg 2048w\" sizes=\"(max-width: 800px) 100vw, 800px\" \/>\t\t\t\t\t\t\t\t\t\t\t\t\t\t\t<\/div>\n\t\t\t\t<\/div>\n\t\t\t\t\t<\/div>\n\t\t\t\t<\/div>\n\t\t\t\t<\/div>\n\t\t","protected":false},"excerpt":{"rendered":"<p>Estructura Operativa &#8211; Movidelnor Mapa Pol\u00edtico La Mancomunidad de Tr\u00e1nsito Norte tiene presencia geogr\u00e1fica en cuatro provincias de la regi\u00f3n Norte del Ecuador: Carchi, Esmeraldas, Imbabura y Pichincha.Es la mancomunidad m\u00e1s grande del pa\u00eds, al estar conformada por 15 cantones miembros, lo que permite una gesti\u00f3n articulada y coordinada del tr\u00e1nsito y transporte terrestre. El [&hellip;]<\/p>\n","protected":false},"author":3,"featured_media":0,"parent":0,"menu_order":0,"comment_status":"closed","ping_status":"closed","template":"elementor_header_footer","meta":{"footnotes":""},"class_list":["post-6135","page","type-page","status-publish","hentry"],"aioseo_notices":[],"_links":{"self":[{"href":"https:\/\/movidelnor.gob.ec\/web\/webepm\/wp-json\/wp\/v2\/pages\/6135","targetHints":{"allow":["GET"]}}],"collection":[{"href":"https:\/\/movidelnor.gob.ec\/web\/webepm\/wp-json\/wp\/v2\/pages"}],"about":[{"href":"https:\/\/movidelnor.gob.ec\/web\/webepm\/wp-json\/wp\/v2\/types\/page"}],"author":[{"embeddable":true,"href":"https:\/\/movidelnor.gob.ec\/web\/webepm\/wp-json\/wp\/v2\/users\/3"}],"replies":[{"embeddable":true,"href":"https:\/\/movidelnor.gob.ec\/web\/webepm\/wp-json\/wp\/v2\/comments?post=6135"}],"version-history":[{"count":43,"href":"https:\/\/movidelnor.gob.ec\/web\/webepm\/wp-json\/wp\/v2\/pages\/6135\/revisions"}],"predecessor-version":[{"id":6183,"href":"https:\/\/movidelnor.gob.ec\/web\/webepm\/wp-json\/wp\/v2\/pages\/6135\/revisions\/6183"}],"wp:attachment":[{"href":"https:\/\/movidelnor.gob.ec\/web\/webepm\/wp-json\/wp\/v2\/media?parent=6135"}],"curies":[{"name":"wp","href":"https:\/\/api.w.org\/{rel}","templated":true}]}}