{"id":6187,"date":"2026-01-14T19:56:24","date_gmt":"2026-01-15T00:56:24","guid":{"rendered":"https:\/\/www.movidelnor.gob.ec\/web\/webepm\/?page_id=6187"},"modified":"2026-01-23T11:26:31","modified_gmt":"2026-01-23T16:26:31","slug":"estructura-organica-movidelnor","status":"publish","type":"page","link":"https:\/\/movidelnor.gob.ec\/web\/webepm\/estructura-organica-movidelnor\/","title":{"rendered":"Estructura Org\u00e1nica"},"content":{"rendered":"\t\t<div data-elementor-type=\"wp-page\" data-elementor-id=\"6187\" class=\"elementor elementor-6187\" data-elementor-post-type=\"page\">\n\t\t\t\t<div class=\"elementor-element elementor-element-01a44f3 e-flex e-con-boxed e-con e-parent\" data-id=\"01a44f3\" data-element_type=\"container\" data-e-type=\"container\" data-settings=\"{&quot;background_background&quot;:&quot;classic&quot;}\">\n\t\t\t\t\t<div class=\"e-con-inner\">\n\t\t<div class=\"elementor-element elementor-element-fd179df e-con-full e-grid e-con e-child\" data-id=\"fd179df\" data-element_type=\"container\" data-e-type=\"container\">\n\t\t\t\t<div class=\"elementor-element elementor-element-868152f elementor-widget elementor-widget-heading\" data-id=\"868152f\" data-element_type=\"widget\" data-e-type=\"widget\" data-widget_type=\"heading.default\">\n\t\t\t\t\t<h2 class=\"elementor-heading-title elementor-size-default\">estructura organica - movidelnor<\/h2>\t\t\t\t<\/div>\n\t\t\t\t<\/div>\n\t\t\t\t\t<\/div>\n\t\t\t\t<\/div>\n\t\t<div class=\"elementor-element elementor-element-2760643 e-flex e-con-boxed e-con e-parent\" data-id=\"2760643\" data-element_type=\"container\" data-e-type=\"container\">\n\t\t\t\t\t<div class=\"e-con-inner\">\n\t\t\t\t<div class=\"elementor-element elementor-element-c86ddd5 elementor-widget elementor-widget-text-editor\" data-id=\"c86ddd5\" data-element_type=\"widget\" data-e-type=\"widget\" data-widget_type=\"text-editor.default\">\n\t\t\t\t\t\t\t\t\t<div class=\"box\">\nBasado en el principio de jerarqu\u00eda institucional, se establecen\ngrados de responsabilidad y control. Este instrumento de gesti\u00f3n permite definir\ncon claridad las distintas unidades administrativas de la instituci\u00f3n y su relaci\u00f3n\nestructural,estableciendo procesos gobernantes,\nagregadores de valor, de asesor\u00eda y\nhabilitantes de apoyo.\n<\/div>\t\t\t\t\t\t\t\t<\/div>\n\t\t\t\t<div class=\"elementor-element elementor-element-f21ab05 elementor-widget elementor-widget-image\" data-id=\"f21ab05\" data-element_type=\"widget\" data-e-type=\"widget\" data-widget_type=\"image.default\">\n\t\t\t\t\t\t\t\t\t\t\t\t\t\t\t<img fetchpriority=\"high\" decoding=\"async\" width=\"1593\" height=\"935\" src=\"https:\/\/movidelnor.gob.ec\/web\/webepm\/wp-content\/uploads\/2026\/01\/Organigrama-VGTE-2025.png\" class=\"attachment-full size-full wp-image-6190\" alt=\"\" srcset=\"https:\/\/movidelnor.gob.ec\/web\/webepm\/wp-content\/uploads\/2026\/01\/Organigrama-VGTE-2025.png 1593w, https:\/\/movidelnor.gob.ec\/web\/webepm\/wp-content\/uploads\/2026\/01\/Organigrama-VGTE-2025-300x176.png 300w, https:\/\/movidelnor.gob.ec\/web\/webepm\/wp-content\/uploads\/2026\/01\/Organigrama-VGTE-2025-1024x601.png 1024w, https:\/\/movidelnor.gob.ec\/web\/webepm\/wp-content\/uploads\/2026\/01\/Organigrama-VGTE-2025-768x451.png 768w, https:\/\/movidelnor.gob.ec\/web\/webepm\/wp-content\/uploads\/2026\/01\/Organigrama-VGTE-2025-1536x902.png 1536w\" sizes=\"(max-width: 1593px) 100vw, 1593px\" \/>\t\t\t\t\t\t\t\t\t\t\t\t\t\t\t<\/div>\n\t\t\t\t\t<\/div>\n\t\t\t\t<\/div>\n\t\t\t\t<\/div>\n\t\t","protected":false},"excerpt":{"rendered":"<p>estructura organica &#8211; movidelnor Basado en el principio de jerarqu\u00eda institucional, se establecen grados de responsabilidad y control. Este instrumento de gesti\u00f3n permite definir con claridad las distintas unidades administrativas de la instituci\u00f3n y su relaci\u00f3n estructural,estableciendo procesos gobernantes, agregadores de valor, de asesor\u00eda y habilitantes de apoyo.<\/p>\n","protected":false},"author":3,"featured_media":0,"parent":0,"menu_order":0,"comment_status":"closed","ping_status":"closed","template":"elementor_header_footer","meta":{"footnotes":""},"class_list":["post-6187","page","type-page","status-publish","hentry"],"aioseo_notices":[],"_links":{"self":[{"href":"https:\/\/movidelnor.gob.ec\/web\/webepm\/wp-json\/wp\/v2\/pages\/6187","targetHints":{"allow":["GET"]}}],"collection":[{"href":"https:\/\/movidelnor.gob.ec\/web\/webepm\/wp-json\/wp\/v2\/pages"}],"about":[{"href":"https:\/\/movidelnor.gob.ec\/web\/webepm\/wp-json\/wp\/v2\/types\/page"}],"author":[{"embeddable":true,"href":"https:\/\/movidelnor.gob.ec\/web\/webepm\/wp-json\/wp\/v2\/users\/3"}],"replies":[{"embeddable":true,"href":"https:\/\/movidelnor.gob.ec\/web\/webepm\/wp-json\/wp\/v2\/comments?post=6187"}],"version-history":[{"count":20,"href":"https:\/\/movidelnor.gob.ec\/web\/webepm\/wp-json\/wp\/v2\/pages\/6187\/revisions"}],"predecessor-version":[{"id":7134,"href":"https:\/\/movidelnor.gob.ec\/web\/webepm\/wp-json\/wp\/v2\/pages\/6187\/revisions\/7134"}],"wp:attachment":[{"href":"https:\/\/movidelnor.gob.ec\/web\/webepm\/wp-json\/wp\/v2\/media?parent=6187"}],"curies":[{"name":"wp","href":"https:\/\/api.w.org\/{rel}","templated":true}]}}