{"id":6396,"date":"2026-01-15T15:45:09","date_gmt":"2026-01-15T20:45:09","guid":{"rendered":"https:\/\/www.movidelnor.gob.ec\/web\/webepm\/?page_id=6396"},"modified":"2026-01-15T15:55:04","modified_gmt":"2026-01-15T20:55:04","slug":"formulario-acceso-informacion-publica","status":"publish","type":"page","link":"https:\/\/movidelnor.gob.ec\/web\/webepm\/formulario-acceso-informacion-publica\/","title":{"rendered":"Formulario de Solicitud de Acceso a la Informaci\u00f3n Publica"},"content":{"rendered":"\t\t<div data-elementor-type=\"wp-page\" data-elementor-id=\"6396\" class=\"elementor elementor-6396\" data-elementor-post-type=\"page\">\n\t\t\t\t<div class=\"elementor-element elementor-element-01a44f3 e-flex e-con-boxed e-con e-parent\" data-id=\"01a44f3\" data-element_type=\"container\" data-e-type=\"container\" data-settings=\"{&quot;background_background&quot;:&quot;classic&quot;}\">\n\t\t\t\t\t<div class=\"e-con-inner\">\n\t\t<div class=\"elementor-element elementor-element-fd179df e-con-full e-grid e-con e-child\" data-id=\"fd179df\" data-element_type=\"container\" data-e-type=\"container\">\n\t\t\t\t<div class=\"elementor-element elementor-element-868152f elementor-widget elementor-widget-heading\" data-id=\"868152f\" data-element_type=\"widget\" data-e-type=\"widget\" data-widget_type=\"heading.default\">\n\t\t\t\t\t<h2 class=\"elementor-heading-title elementor-size-default\">Formulario de Solicitud de Acceso a la Informaci\u00f3n Publica<\/h2>\t\t\t\t<\/div>\n\t\t\t\t<\/div>\n\t\t\t\t\t<\/div>\n\t\t\t\t<\/div>\n\t\t<div class=\"elementor-element elementor-element-faf8470 e-flex e-con-boxed e-con e-parent\" data-id=\"faf8470\" data-element_type=\"container\" data-e-type=\"container\">\n\t\t\t\t\t<div class=\"e-con-inner\">\n\t\t\t\t<div class=\"elementor-element elementor-element-36609cb elementor-widget elementor-widget-text-editor\" data-id=\"36609cb\" data-element_type=\"widget\" data-e-type=\"widget\" data-widget_type=\"text-editor.default\">\n\t\t\t\t\t\t\t\t\t<div class=\"box\">\n\nEn cumplimiento de los principios de <strong>transparencia<\/strong> y\n<strong>acceso a la informaci\u00f3n p\u00fablica<\/strong>, la Empresa P\u00fablica de Movilidad\ndel Norte, <strong>Movidelnor EP<\/strong>, pone a disposici\u00f3n de la ciudadan\u00eda el\nformulario de solicitud de acceso a la informaci\u00f3n p\u00fablica, conforme a lo\nestablecido en la normativa vigente.\n\nEste formulario permite a las personas naturales o jur\u00eddicas realizar solicitudes\nformales de informaci\u00f3n que repose en la instituci\u00f3n, garantizando el ejercicio\ndel derecho ciudadano de acceso a la informaci\u00f3n p\u00fablica. \n<div class=\"box-download\"><a class=\"box-download-btn\" href=\"https:\/\/www.movidelnor.gob.ec\/web\/webepm\/wp-content\/uploads\/2026\/01\/Formulario-InfoPublica.pdf\" target=\"_blank\" rel=\"noopener\">\n<i class=\"fas fa-file-download\"><\/i>\nDescargar formulario de solicitud\n<\/a><\/div>\n<\/div>\t\t\t\t\t\t\t\t<\/div>\n\t\t\t\t\t<\/div>\n\t\t\t\t<\/div>\n\t\t\t\t<\/div>\n\t\t","protected":false},"excerpt":{"rendered":"<p>Formulario de Solicitud de Acceso a la Informaci\u00f3n Publica En cumplimiento de los principios de transparencia y acceso a la informaci\u00f3n p\u00fablica, la Empresa P\u00fablica de Movilidad del Norte, Movidelnor EP, pone a disposici\u00f3n de la ciudadan\u00eda el formulario de solicitud de acceso a la informaci\u00f3n p\u00fablica, conforme a lo establecido en la normativa vigente. [&hellip;]<\/p>\n","protected":false},"author":3,"featured_media":0,"parent":0,"menu_order":0,"comment_status":"closed","ping_status":"closed","template":"elementor_header_footer","meta":{"footnotes":""},"class_list":["post-6396","page","type-page","status-publish","hentry"],"aioseo_notices":[],"_links":{"self":[{"href":"https:\/\/movidelnor.gob.ec\/web\/webepm\/wp-json\/wp\/v2\/pages\/6396","targetHints":{"allow":["GET"]}}],"collection":[{"href":"https:\/\/movidelnor.gob.ec\/web\/webepm\/wp-json\/wp\/v2\/pages"}],"about":[{"href":"https:\/\/movidelnor.gob.ec\/web\/webepm\/wp-json\/wp\/v2\/types\/page"}],"author":[{"embeddable":true,"href":"https:\/\/movidelnor.gob.ec\/web\/webepm\/wp-json\/wp\/v2\/users\/3"}],"replies":[{"embeddable":true,"href":"https:\/\/movidelnor.gob.ec\/web\/webepm\/wp-json\/wp\/v2\/comments?post=6396"}],"version-history":[{"count":13,"href":"https:\/\/movidelnor.gob.ec\/web\/webepm\/wp-json\/wp\/v2\/pages\/6396\/revisions"}],"predecessor-version":[{"id":6422,"href":"https:\/\/movidelnor.gob.ec\/web\/webepm\/wp-json\/wp\/v2\/pages\/6396\/revisions\/6422"}],"wp:attachment":[{"href":"https:\/\/movidelnor.gob.ec\/web\/webepm\/wp-json\/wp\/v2\/media?parent=6396"}],"curies":[{"name":"wp","href":"https:\/\/api.w.org\/{rel}","templated":true}]}}