{"id":6511,"date":"2026-01-16T11:17:47","date_gmt":"2026-01-16T16:17:47","guid":{"rendered":"https:\/\/www.movidelnor.gob.ec\/web\/webepm\/?page_id=6511"},"modified":"2026-01-20T16:54:18","modified_gmt":"2026-01-20T21:54:18","slug":"politica-proteccion-datos-personales","status":"publish","type":"page","link":"https:\/\/movidelnor.gob.ec\/web\/webepm\/politica-proteccion-datos-personales\/","title":{"rendered":"Pol\u00edtica de Protecci\u00f3n de Datos Personales"},"content":{"rendered":"\t\t<div data-elementor-type=\"wp-page\" data-elementor-id=\"6511\" class=\"elementor elementor-6511\" data-elementor-post-type=\"page\">\n\t\t\t\t<div class=\"elementor-element elementor-element-01a44f3 e-flex e-con-boxed e-con e-parent\" data-id=\"01a44f3\" data-element_type=\"container\" data-e-type=\"container\" data-settings=\"{&quot;background_background&quot;:&quot;classic&quot;}\">\n\t\t\t\t\t<div class=\"e-con-inner\">\n\t\t<div class=\"elementor-element elementor-element-fd179df e-con-full e-grid e-con e-child\" data-id=\"fd179df\" data-element_type=\"container\" data-e-type=\"container\">\n\t\t\t\t<div class=\"elementor-element elementor-element-868152f elementor-widget elementor-widget-heading\" data-id=\"868152f\" data-element_type=\"widget\" data-e-type=\"widget\" data-widget_type=\"heading.default\">\n\t\t\t\t\t<h2 class=\"elementor-heading-title elementor-size-default\">Pol\u00edtica de Protecci\u00f3n de Datos Personales<\/h2>\t\t\t\t<\/div>\n\t\t\t\t<\/div>\n\t\t\t\t\t<\/div>\n\t\t\t\t<\/div>\n\t\t<div class=\"elementor-element elementor-element-faf8470 e-flex e-con-boxed e-con e-parent\" data-id=\"faf8470\" data-element_type=\"container\" data-e-type=\"container\">\n\t\t\t\t\t<div class=\"e-con-inner\">\n\t\t\t\t<div class=\"elementor-element elementor-element-36609cb elementor-widget elementor-widget-text-editor\" data-id=\"36609cb\" data-element_type=\"widget\" data-e-type=\"widget\" data-widget_type=\"text-editor.default\">\n\t\t\t\t\t\t\t\t\t<div class=\"box\">En cumplimiento de los principios de <strong>protecci\u00f3n de datos personales<\/strong>,\n<strong>confidencialidad<\/strong> y <strong>seguridad de la informaci\u00f3n<\/strong>, la\nEmpresa P\u00fablica de Movilidad del Norte, <strong>Movidelnor EP<\/strong>, pone a\ndisposici\u00f3n de la ciudadan\u00eda su <strong>Pol\u00edtica de Protecci\u00f3n de Datos\nPersonales<\/strong>, conforme a lo establecido en la normativa vigente.Este documento establece los lineamientos para el tratamiento responsable de los\ndatos personales que administra la instituci\u00f3n, garantizando los derechos de los\ntitulares, la transparencia en el uso de la informaci\u00f3n y la adopci\u00f3n de medidas\nt\u00e9cnicas y organizativas para su protecci\u00f3n.\n<div class=\"box-download\"><a class=\"box-download-btn\" href=\"https:\/\/www.movidelnor.gob.ec\/web\/webepm\/wp-content\/uploads\/2026\/01\/GAJ-POL-001-Politica-LOPDP-V00-signed.pdf\" target=\"_blank\" rel=\"noopener\">\n<i class=\"fas fa-user-shield\"><\/i>\nDescargar Pol\u00edtica de Protecci\u00f3n de Datos Personales\n<\/a><\/div>\n<br>\n<a href=\"https:\/\/www.movidelnor.gob.ec\/web\/webepm\/wp-content\/uploads\/2026\/01\/GAJ-POL-001-Politica-LOPDP-V00-signed_removed.pdf\" class=\"pdfemb-viewer\" style=\"\" data-width=\"max\" data-height=\"max\" data-toolbar=\"bottom\" data-toolbar-fixed=\"off\">GAJ-POL-001-Pol\u00edtica LOPDP V00-signed<\/a>\n\n\n\n<\/div>\t\t\t\t\t\t\t\t<\/div>\n\t\t\t\t\t<\/div>\n\t\t\t\t<\/div>\n\t\t\t\t<\/div>\n\t\t","protected":false},"excerpt":{"rendered":"<p>Pol\u00edtica de Protecci\u00f3n de Datos Personales En cumplimiento de los principios de protecci\u00f3n de datos personales, confidencialidad y seguridad de la informaci\u00f3n, la Empresa P\u00fablica de Movilidad del Norte, Movidelnor EP, pone a disposici\u00f3n de la ciudadan\u00eda su Pol\u00edtica de Protecci\u00f3n de Datos Personales, conforme a lo establecido en la normativa vigente.Este documento establece los [&hellip;]<\/p>\n","protected":false},"author":3,"featured_media":0,"parent":0,"menu_order":0,"comment_status":"closed","ping_status":"closed","template":"elementor_header_footer","meta":{"footnotes":""},"class_list":["post-6511","page","type-page","status-publish","hentry"],"aioseo_notices":[],"_links":{"self":[{"href":"https:\/\/movidelnor.gob.ec\/web\/webepm\/wp-json\/wp\/v2\/pages\/6511","targetHints":{"allow":["GET"]}}],"collection":[{"href":"https:\/\/movidelnor.gob.ec\/web\/webepm\/wp-json\/wp\/v2\/pages"}],"about":[{"href":"https:\/\/movidelnor.gob.ec\/web\/webepm\/wp-json\/wp\/v2\/types\/page"}],"author":[{"embeddable":true,"href":"https:\/\/movidelnor.gob.ec\/web\/webepm\/wp-json\/wp\/v2\/users\/3"}],"replies":[{"embeddable":true,"href":"https:\/\/movidelnor.gob.ec\/web\/webepm\/wp-json\/wp\/v2\/comments?post=6511"}],"version-history":[{"count":26,"href":"https:\/\/movidelnor.gob.ec\/web\/webepm\/wp-json\/wp\/v2\/pages\/6511\/revisions"}],"predecessor-version":[{"id":7432,"href":"https:\/\/movidelnor.gob.ec\/web\/webepm\/wp-json\/wp\/v2\/pages\/6511\/revisions\/7432"}],"wp:attachment":[{"href":"https:\/\/movidelnor.gob.ec\/web\/webepm\/wp-json\/wp\/v2\/media?parent=6511"}],"curies":[{"name":"wp","href":"https:\/\/api.w.org\/{rel}","templated":true}]}}