{"id":7020,"date":"2026-01-21T14:38:34","date_gmt":"2026-01-21T19:38:34","guid":{"rendered":"https:\/\/www.movidelnor.gob.ec\/web\/webepm\/?page_id=7020"},"modified":"2026-01-21T14:40:37","modified_gmt":"2026-01-21T19:40:37","slug":"liberacion-vehicular","status":"publish","type":"page","link":"https:\/\/movidelnor.gob.ec\/web\/webepm\/liberacion-vehicular\/","title":{"rendered":"Liberaci\u00f3n Vehicular"},"content":{"rendered":"\t\t<div data-elementor-type=\"wp-page\" data-elementor-id=\"7020\" class=\"elementor elementor-7020\" data-elementor-post-type=\"page\">\n\t\t\t\t<div class=\"elementor-element elementor-element-01a44f3 e-flex e-con-boxed e-con e-parent\" data-id=\"01a44f3\" data-element_type=\"container\" data-e-type=\"container\" data-settings=\"{&quot;background_background&quot;:&quot;classic&quot;}\">\n\t\t\t\t\t<div class=\"e-con-inner\">\n\t\t<div class=\"elementor-element elementor-element-fd179df e-con-full e-grid e-con e-child\" data-id=\"fd179df\" data-element_type=\"container\" data-e-type=\"container\">\n\t\t\t\t<div class=\"elementor-element elementor-element-868152f elementor-widget elementor-widget-heading\" data-id=\"868152f\" data-element_type=\"widget\" data-e-type=\"widget\" data-widget_type=\"heading.default\">\n\t\t\t\t\t<h2 class=\"elementor-heading-title elementor-size-default\">LIBERACI\u00d3N VEHICULAR<\/h2>\t\t\t\t<\/div>\n\t\t\t\t<\/div>\n\t\t\t\t\t<\/div>\n\t\t\t\t<\/div>\n\t\t<div class=\"elementor-element elementor-element-7fd84e1 e-con-full e-flex e-con e-parent\" data-id=\"7fd84e1\" data-element_type=\"container\" data-e-type=\"container\" data-settings=\"{&quot;background_background&quot;:&quot;classic&quot;}\">\n\t\t\t\t<div class=\"elementor-element elementor-element-ceb22d1 elementor-widget elementor-widget-elementskit-heading\" data-id=\"ceb22d1\" data-element_type=\"widget\" data-e-type=\"widget\" data-widget_type=\"elementskit-heading.default\">\n\t\t\t\t\t<div class=\"ekit-wid-con\" ><div class=\"ekit-heading elementskit-section-title-wraper text_center   ekit_heading_tablet-   ekit_heading_mobile-\"><h2 class=\"ekit-heading--title elementskit-section-title \">Pasos a seguir:<\/h2><div class=\"ekit_heading_separetor_wraper ekit_heading_elementskit-border-divider elementskit-style-long\"><div class=\"elementskit-border-divider elementskit-style-long\"><\/div><\/div><\/div><\/div>\t\t\t\t<\/div>\n\t\t\t\t<div class=\"elementor-element elementor-element-165f264 elementor-widget elementor-widget-text-editor\" data-id=\"165f264\" data-element_type=\"widget\" data-e-type=\"widget\" data-widget_type=\"text-editor.default\">\n\t\t\t\t\t\t\t\t\t<div class=\"box\">\n\n  <div class=\"importante-box\">\n    \u26a0\ufe0f <strong>Importante:<\/strong> El tr\u00e1mite deber\u00e1 ser realizado por el propietario o su delegado debidamente autorizado.\n  <\/div>\n\n  <!-- PERSONA NATURAL -->\n  <div class=\"step\">\n    <div class=\"step-num\">1<\/div>\n    <div>\n      <strong>Persona Natural<\/strong><br>\n      Los propietarios o apoderados legalmente autorizados deber\u00e1n presentar:\n    <\/div>\n  <\/div>\n\n  <div class=\"list\">\n    <ul>\n      <li>C\u00e9dula de identidad del propietario y\/o apoderado.<\/li>\n      <li>En caso de ciudadano extranjero no residente, pasaporte.<\/li>\n      <li>Documento notarizado de designaci\u00f3n de apoderado, de ser el caso.<\/li>\n      <li>En caso de extrav\u00edo de la c\u00e9dula, denuncia por p\u00e9rdida y certificado de identidad correspondiente.<\/li>\n      <li>Matr\u00edcula del veh\u00edculo y revisi\u00f3n t\u00e9cnica vehicular vigente, emitida por un Centro de Revisi\u00f3n T\u00e9cnica Vehicular autorizado y acreditado por la Agencia Nacional de Tr\u00e1nsito.<\/li>\n    <\/ul>\n  <\/div>\n<br>\n  <!-- PERSONA JUR\u00cdDICA -->\n  <div class=\"step\">\n    <div class=\"step-num\">2<\/div>\n    <div>\n      <strong>Persona Jur\u00eddica<\/strong><br>\n      Cuando el automotor se encuentre a nombre de una persona jur\u00eddica, se deber\u00e1 presentar:\n    <\/div>\n  <\/div>\n\n  <div class=\"list\">\n    <ul>\n      <li>Documentos habilitantes que acrediten legalmente a la entidad solicitante.<\/li>\n      <li>Documento de delegaci\u00f3n a un tercero para el retiro del automotor del Centro de Retenci\u00f3n Vehicular.<\/li>\n    <\/ul>\n  <\/div>\n<br>\n  <!-- TRANSPORTE P\u00daBLICO -->\n  <div class=\"step\">\n    <div class=\"step-num\">3<\/div>\n    <div>\n      <strong>Propietario o delegado de transporte p\u00fablico<\/strong>\n    <\/div>\n  <\/div>\n\n  <div class=\"list\">\n    <ul>\n      <li>\n        Si el propietario realiza el retiro del automotor, deber\u00e1 adjuntar el permiso de operaci\u00f3n vigente,\n        debidamente certificado en una notar\u00eda.\n      <\/li>\n      <li>\n        En caso de compraventa, se deber\u00e1 presentar la documentaci\u00f3n correspondiente al cambio de socio,\n        habilitaci\u00f3n o deshabilitaci\u00f3n del veh\u00edculo, certificado de disco y permiso de operaci\u00f3n emitido por\n        la Agencia Nacional de Tr\u00e1nsito o por <strong>MOVIDELNOR EP<\/strong>, seg\u00fan corresponda.\n      <\/li>\n    <\/ul>\n  <\/div>\n<br>\n  <!-- VEH\u00cdCULO EXTRANJERO -->\n  <div class=\"step\">\n    <div class=\"step-num\">4<\/div>\n    <div>\n      <strong>Propietario o delegado de automotor extranjero<\/strong>\n    <\/div>\n  <\/div>\n\n  <div class=\"list\">\n    <ul>\n      <li>Matr\u00edcula y revisi\u00f3n vehicular vigentes en el pa\u00eds de origen.<\/li>\n      <li>Comprobante de pago de los valores administrativos correspondientes.<\/li>\n    <\/ul>\n  <\/div>\n\n<\/div>\n\t\t\t\t\t\t\t\t<\/div>\n\t\t\t\t<\/div>\n\t\t\t\t<\/div>\n\t\t","protected":false},"excerpt":{"rendered":"<p>LIBERACI\u00d3N VEHICULAR Pasos a seguir: \u26a0\ufe0f Importante: El tr\u00e1mite deber\u00e1 ser realizado por el propietario o su delegado debidamente autorizado. 1 Persona Natural Los propietarios o apoderados legalmente autorizados deber\u00e1n presentar: C\u00e9dula de identidad del propietario y\/o apoderado. En caso de ciudadano extranjero no residente, pasaporte. Documento notarizado de designaci\u00f3n de apoderado, de ser el [&hellip;]<\/p>\n","protected":false},"author":3,"featured_media":0,"parent":0,"menu_order":0,"comment_status":"closed","ping_status":"closed","template":"elementor_header_footer","meta":{"footnotes":""},"class_list":["post-7020","page","type-page","status-publish","hentry"],"aioseo_notices":[],"_links":{"self":[{"href":"https:\/\/movidelnor.gob.ec\/web\/webepm\/wp-json\/wp\/v2\/pages\/7020","targetHints":{"allow":["GET"]}}],"collection":[{"href":"https:\/\/movidelnor.gob.ec\/web\/webepm\/wp-json\/wp\/v2\/pages"}],"about":[{"href":"https:\/\/movidelnor.gob.ec\/web\/webepm\/wp-json\/wp\/v2\/types\/page"}],"author":[{"embeddable":true,"href":"https:\/\/movidelnor.gob.ec\/web\/webepm\/wp-json\/wp\/v2\/users\/3"}],"replies":[{"embeddable":true,"href":"https:\/\/movidelnor.gob.ec\/web\/webepm\/wp-json\/wp\/v2\/comments?post=7020"}],"version-history":[{"count":4,"href":"https:\/\/movidelnor.gob.ec\/web\/webepm\/wp-json\/wp\/v2\/pages\/7020\/revisions"}],"predecessor-version":[{"id":7024,"href":"https:\/\/movidelnor.gob.ec\/web\/webepm\/wp-json\/wp\/v2\/pages\/7020\/revisions\/7024"}],"wp:attachment":[{"href":"https:\/\/movidelnor.gob.ec\/web\/webepm\/wp-json\/wp\/v2\/media?parent=7020"}],"curies":[{"name":"wp","href":"https:\/\/api.w.org\/{rel}","templated":true}]}}