{"id":7785,"date":"2026-02-22T10:56:23","date_gmt":"2026-02-22T15:56:23","guid":{"rendered":"https:\/\/www.movidelnor.gob.ec\/web\/webepm\/?page_id=7785"},"modified":"2026-03-18T08:08:38","modified_gmt":"2026-03-18T13:08:38","slug":"concurso-publico","status":"publish","type":"page","link":"https:\/\/movidelnor.gob.ec\/web\/webepm\/concurso-publico\/","title":{"rendered":"Concurso P\u00fablico"},"content":{"rendered":"\t\t<div data-elementor-type=\"wp-page\" data-elementor-id=\"7785\" class=\"elementor elementor-7785\" data-elementor-post-type=\"page\">\n\t\t\t\t<div class=\"elementor-element elementor-element-01a44f3 e-flex e-con-boxed e-con e-parent\" data-id=\"01a44f3\" data-element_type=\"container\" data-e-type=\"container\" data-settings=\"{&quot;background_background&quot;:&quot;classic&quot;}\">\n\t\t\t\t\t<div class=\"e-con-inner\">\n\t\t<div class=\"elementor-element elementor-element-fd179df e-con-full e-grid e-con e-child\" data-id=\"fd179df\" data-element_type=\"container\" data-e-type=\"container\">\n\t\t\t\t<div class=\"elementor-element elementor-element-868152f elementor-widget elementor-widget-heading\" data-id=\"868152f\" data-element_type=\"widget\" data-e-type=\"widget\" data-widget_type=\"heading.default\">\n\t\t\t\t\t<h2 class=\"elementor-heading-title elementor-size-default\">CONCURSOS P\u00daBLICOS<\/h2>\t\t\t\t<\/div>\n\t\t\t\t<\/div>\n\t\t\t\t\t<\/div>\n\t\t\t\t<\/div>\n\t\t<div class=\"elementor-element elementor-element-53c1bc9 e-flex e-con-boxed e-con e-parent\" data-id=\"53c1bc9\" data-element_type=\"container\" data-e-type=\"container\">\n\t\t\t\t\t<div class=\"e-con-inner\">\n\t\t\t\t<div class=\"elementor-element elementor-element-1c60d3e elementor-widget__width-initial elementor-widget-mobile__width-inherit elementor-widget elementor-widget-elementskit-heading\" data-id=\"1c60d3e\" data-element_type=\"widget\" data-e-type=\"widget\" data-widget_type=\"elementskit-heading.default\">\n\t\t\t\t\t<div class=\"ekit-wid-con\" ><div class=\"ekit-heading elementskit-section-title-wraper text_left   ekit_heading_tablet-   ekit_heading_mobile-\"><h2 class=\"ekit-heading--title elementskit-section-title  ekit-heading__title-has-border start\">CONCURSO P\u00daBLICO Nro. CP-EMP-2026-001<\/h2><h3 class=\"ekit-heading--subtitle elementskit-section-subtitle  \">\n\t\t\t\t\t\tImplantaci\u00f3n y ejecuci\u00f3n de un modelo de recuperaci\u00f3n de cartera vencida para MOVIDELNOR E.P.\n\t\t\t\t\t<\/h3>\t\t\t\t<div class='ekit-heading__description'>\n\t\t\t\t\t<p>La Empresa P\u00fablica de Movilidad del Norte, invita a las personas naturales o jur\u00eddicas interesadas a participar en el Concurso P\u00fablico Nro. CP-EMP-2026-001, cuyo objeto es la implantaci\u00f3n y ejecuci\u00f3n de un modelo de recuperaci\u00f3n de cartera vencida, conforme a la Resoluci\u00f3n de Inicio emitida por la Gerencia General.<\/p>\n\t\t\t\t<\/div>\n\t\t\t<\/div><\/div>\t\t\t\t<\/div>\n\t\t\t\t\t<\/div>\n\t\t\t\t<\/div>\n\t\t<div class=\"elementor-element elementor-element-e6ab833 e-flex e-con-boxed e-con e-parent\" data-id=\"e6ab833\" data-element_type=\"container\" data-e-type=\"container\">\n\t\t\t\t\t<div class=\"e-con-inner\">\n\t\t\t\t<div class=\"elementor-element elementor-element-203ef93 elementor-widget__width-initial elementor-widget-mobile__width-inherit elementor-widget elementor-widget-elementskit-heading\" data-id=\"203ef93\" data-element_type=\"widget\" data-e-type=\"widget\" data-widget_type=\"elementskit-heading.default\">\n\t\t\t\t\t<div class=\"ekit-wid-con\" ><div class=\"ekit-heading elementskit-section-title-wraper text_left   ekit_heading_tablet-   ekit_heading_mobile-\"><h2 class=\"ekit-heading--title elementskit-section-title \">BASE LEGAL Y DOCUMENTOS OFICIALES<\/h2>\t\t\t\t<div class='ekit-heading__description'>\n\t\t\t\t\t<ul>\n<li>\n<p><a href=\"https:\/\/www.movidelnor.gob.ec\/web\/webepm\/wp-content\/documents\/CONCURSO%20GESTION%20CARTERA\/06_RESOLUCI%C3%93N%2BDE%2BINICIO.pdf\">\ud83d\udcc4 <strong>Resoluci\u00f3n de Inicio del Proceso<\/strong> (PDF descargable)<\/a><\/p>\n<\/li>\n<li>\n<p><a href=\"https:\/\/www.movidelnor.gob.ec\/web\/webepm\/wp-content\/documents\/CONCURSO%20GESTION%20CARTERA\/07_PLIEGOS.pdf\">\ud83d\udcc4 <strong>Pliegos del Concurso P\u00fablico<\/strong> (PDF descargable)<\/a><\/p>\n<\/li>\n<\/ul>\n\t\t\t\t<\/div>\n\t\t\t<\/div><\/div>\t\t\t\t<\/div>\n\t\t\t\t\t<\/div>\n\t\t\t\t<\/div>\n\t\t<div class=\"elementor-element elementor-element-0b9f5f8 e-flex e-con-boxed e-con e-parent\" data-id=\"0b9f5f8\" data-element_type=\"container\" data-e-type=\"container\">\n\t\t\t\t\t<div class=\"e-con-inner\">\n\t\t\t\t<div class=\"elementor-element elementor-element-98c1678 elementor-widget__width-initial elementor-widget elementor-widget-heading\" data-id=\"98c1678\" data-element_type=\"widget\" data-e-type=\"widget\" data-widget_type=\"heading.default\">\n\t\t\t\t\t<h2 class=\"elementor-heading-title elementor-size-default\">CRONOGRAMA<\/h2>\t\t\t\t<\/div>\n\t\t\t\t<div class=\"elementor-element elementor-element-c43ecab elementor-widget elementor-widget-shortcode\" data-id=\"c43ecab\" data-element_type=\"widget\" data-e-type=\"widget\" data-widget_type=\"shortcode.default\">\n\t\t\t\t\t\t\t<div class=\"elementor-shortcode\">\n<table id=\"tablepress-2\" class=\"tablepress tablepress-id-2\">\n<thead>\n<tr class=\"row-1\">\n\t<th class=\"column-1\">ACTIVIDAD<\/th><th class=\"column-2\">FECHA<\/th><th class=\"column-3\">HORA<\/th>\n<\/tr>\n<\/thead>\n<tbody class=\"row-striping row-hover\">\n<tr class=\"row-2\">\n\t<td class=\"column-1\">Publicaci\u00f3n del proceso<\/td><td class=\"column-2\">23\/02\/2026<\/td><td class=\"column-3\">10h00<\/td>\n<\/tr>\n<tr class=\"row-3\">\n\t<td class=\"column-1\">Fecha l\u00edmite de preguntas<\/td><td class=\"column-2\">25\/02\/2026<\/td><td class=\"column-3\">17h00<\/td>\n<\/tr>\n<tr class=\"row-4\">\n\t<td class=\"column-1\">Respuestas y aclaraciones<\/td><td class=\"column-2\">27\/02\/2026<\/td><td class=\"column-3\">17h00<\/td>\n<\/tr>\n<tr class=\"row-5\">\n\t<td class=\"column-1\">Entrega de ofertas (T\u00e9cnica y Econ\u00f3mica)<\/td><td class=\"column-2\">05\/03\/2026<\/td><td class=\"column-3\">15h00<\/td>\n<\/tr>\n<tr class=\"row-6\">\n\t<td class=\"column-1\">Apertura de ofertas<\/td><td class=\"column-2\">05\/03\/2026<\/td><td class=\"column-3\">16h00<\/td>\n<\/tr>\n<tr class=\"row-7\">\n\t<td class=\"column-1\">Inicio de evaluaci\u00f3n<\/td><td class=\"column-2\">06\/03\/2026<\/td><td class=\"column-3\">10h00<\/td>\n<\/tr>\n<tr class=\"row-8\">\n\t<td class=\"column-1\">Resultados finales<\/td><td class=\"column-2\">10\/03\/2026<\/td><td class=\"column-3\">15h00<\/td>\n<\/tr>\n<tr class=\"row-9\">\n\t<td class=\"column-1\">Adjudicaci\u00f3n estimada<\/td><td class=\"column-2\">13\/03\/2026<\/td><td class=\"column-3\">15h00<\/td>\n<\/tr>\n<\/tbody>\n<\/table>\n<!-- #tablepress-2 from cache --><\/div>\n\t\t\t\t\t\t<\/div>\n\t\t\t\t<div class=\"elementor-element elementor-element-3c78538 elementor-widget__width-initial elementor-widget-mobile__width-inherit elementor-widget elementor-widget-elementskit-heading\" data-id=\"3c78538\" data-element_type=\"widget\" data-e-type=\"widget\" data-widget_type=\"elementskit-heading.default\">\n\t\t\t\t\t<div class=\"ekit-wid-con\" ><div class=\"ekit-heading elementskit-section-title-wraper text_left   ekit_heading_tablet-   ekit_heading_mobile-\"><h2 class=\"ekit-heading--title elementskit-section-title \">IMPORTANTE:<\/h2>\t\t\t\t<div class='ekit-heading__description'>\n\t\t\t\t\t<p>Las ofertas t\u00e9cnicas y econ\u00f3micas deber\u00e1n presentarse conforme a lo establecido en los pliegos del proceso CP-EMP-2026-001, dentro del plazo se\u00f1alado en el cronograma oficial.<\/p>\n\t\t\t\t<\/div>\n\t\t\t<\/div><\/div>\t\t\t\t<\/div>\n\t\t\t\t<div class=\"elementor-element elementor-element-83b24f4 elementor-widget__width-initial elementor-widget-mobile__width-inherit elementor-widget elementor-widget-elementskit-heading\" data-id=\"83b24f4\" data-element_type=\"widget\" data-e-type=\"widget\" data-widget_type=\"elementskit-heading.default\">\n\t\t\t\t\t<div class=\"ekit-wid-con\" ><div class=\"ekit-heading elementskit-section-title-wraper text_left   ekit_heading_tablet-   ekit_heading_mobile-\"><h2 class=\"ekit-heading--title elementskit-section-title \">01 ACTA PREGUNTAS, RESPUESTAS Y ACLARACIONES<\/h2>\t\t\t\t<div class='ekit-heading__description'>\n\t\t\t\t\t<p><a href=\"https:\/\/www.movidelnor.gob.ec\/web\/webepm\/wp-content\/documents\/CONCURSO%20GESTION%20CARTERA\/1_acta_preguntas_respuestas_y_aclaraciones_%281%29-signed-signed-signed-signed-signed.pdf\"><strong>Clic para descargar el acta en formato PDF<\/strong><\/a><\/p>\n\t\t\t\t<\/div>\n\t\t\t<\/div><\/div>\t\t\t\t<\/div>\n\t\t\t\t<div class=\"elementor-element elementor-element-9be9938 elementor-widget__width-initial elementor-widget-mobile__width-inherit elementor-widget elementor-widget-elementskit-heading\" data-id=\"9be9938\" data-element_type=\"widget\" data-e-type=\"widget\" data-widget_type=\"elementskit-heading.default\">\n\t\t\t\t\t<div class=\"ekit-wid-con\" ><div class=\"ekit-heading elementskit-section-title-wraper text_left   ekit_heading_tablet-   ekit_heading_mobile-\"><h2 class=\"ekit-heading--title elementskit-section-title \">02 ACTA DE CALIFIACI\u00d3N DE OFERTAS<\/h2>\t\t\t\t<div class='ekit-heading__description'>\n\t\t\t\t\t<p><a href=\"https:\/\/www.movidelnor.gob.ec\/web\/webepm\/wp-content\/documents\/CONCURSO%20GESTION%20CARTERA\/19_acta_de_calificacion_de_ofertas.pdf\"><strong>Clic para descargar el acta en formato PDF<\/strong><\/a><\/p>\n\t\t\t\t<\/div>\n\t\t\t<\/div><\/div>\t\t\t\t<\/div>\n\t\t\t\t<div class=\"elementor-element elementor-element-56e526d elementor-widget__width-initial elementor-widget-mobile__width-inherit elementor-widget elementor-widget-elementskit-heading\" data-id=\"56e526d\" data-element_type=\"widget\" data-e-type=\"widget\" data-widget_type=\"elementskit-heading.default\">\n\t\t\t\t\t<div class=\"ekit-wid-con\" ><div class=\"ekit-heading elementskit-section-title-wraper text_left   ekit_heading_tablet-   ekit_heading_mobile-\"><h2 class=\"ekit-heading--title elementskit-section-title \">03 ACTA DE ADJUDICACI\u00d3N<\/h2>\t\t\t\t<div class='ekit-heading__description'>\n\t\t\t\t\t<p><a href=\"https:\/\/www.movidelnor.gob.ec\/web\/webepm\/wp-content\/documents\/CONCURSO%20GESTION%20CARTERA\/RESOLUCIO%CC%81N_DE_ADJUDICACIO%CC%81N%2BNRO.013-GG-2026-EPM%20FINAL-signed-signed.pdf\"><strong>Clic para descargar el acta en formato PDF<\/strong><\/a><\/p>\n\t\t\t\t<\/div>\n\t\t\t<\/div><\/div>\t\t\t\t<\/div>\n\t\t\t\t<div class=\"elementor-element elementor-element-6a86e97 elementor-widget__width-initial elementor-widget-mobile__width-inherit elementor-widget elementor-widget-elementskit-heading\" data-id=\"6a86e97\" data-element_type=\"widget\" data-e-type=\"widget\" data-widget_type=\"elementskit-heading.default\">\n\t\t\t\t\t<div class=\"ekit-wid-con\" ><div class=\"ekit-heading elementskit-section-title-wraper text_left   ekit_heading_tablet-   ekit_heading_mobile-\"><\/div><\/div>\t\t\t\t<\/div>\n\t\t\t\t<div class=\"elementor-element elementor-element-cd91a41 elementor-widget__width-initial elementor-widget-mobile__width-inherit elementor-widget elementor-widget-elementskit-heading\" data-id=\"cd91a41\" data-element_type=\"widget\" data-e-type=\"widget\" data-widget_type=\"elementskit-heading.default\">\n\t\t\t\t\t<div class=\"ekit-wid-con\" ><div class=\"ekit-heading elementskit-section-title-wraper text_left   ekit_heading_tablet-   ekit_heading_mobile-\"><\/div><\/div>\t\t\t\t<\/div>\n\t\t\t\t\t<\/div>\n\t\t\t\t<\/div>\n\t\t\t\t<\/div>\n\t\t","protected":false},"excerpt":{"rendered":"<p>CONCURSOS P\u00daBLICOS CONCURSO P\u00daBLICO Nro. CP-EMP-2026-001 Implantaci\u00f3n y ejecuci\u00f3n de un modelo de recuperaci\u00f3n de cartera vencida para MOVIDELNOR E.P. La Empresa P\u00fablica de Movilidad del Norte, invita a las personas naturales o jur\u00eddicas interesadas a participar en el Concurso P\u00fablico Nro. CP-EMP-2026-001, cuyo objeto es la implantaci\u00f3n y ejecuci\u00f3n de un modelo de recuperaci\u00f3n [&hellip;]<\/p>\n","protected":false},"author":5,"featured_media":0,"parent":0,"menu_order":0,"comment_status":"closed","ping_status":"closed","template":"elementor_header_footer","meta":{"footnotes":""},"class_list":["post-7785","page","type-page","status-publish","hentry"],"aioseo_notices":[],"_links":{"self":[{"href":"https:\/\/movidelnor.gob.ec\/web\/webepm\/wp-json\/wp\/v2\/pages\/7785","targetHints":{"allow":["GET"]}}],"collection":[{"href":"https:\/\/movidelnor.gob.ec\/web\/webepm\/wp-json\/wp\/v2\/pages"}],"about":[{"href":"https:\/\/movidelnor.gob.ec\/web\/webepm\/wp-json\/wp\/v2\/types\/page"}],"author":[{"embeddable":true,"href":"https:\/\/movidelnor.gob.ec\/web\/webepm\/wp-json\/wp\/v2\/users\/5"}],"replies":[{"embeddable":true,"href":"https:\/\/movidelnor.gob.ec\/web\/webepm\/wp-json\/wp\/v2\/comments?post=7785"}],"version-history":[{"count":37,"href":"https:\/\/movidelnor.gob.ec\/web\/webepm\/wp-json\/wp\/v2\/pages\/7785\/revisions"}],"predecessor-version":[{"id":7903,"href":"https:\/\/movidelnor.gob.ec\/web\/webepm\/wp-json\/wp\/v2\/pages\/7785\/revisions\/7903"}],"wp:attachment":[{"href":"https:\/\/movidelnor.gob.ec\/web\/webepm\/wp-json\/wp\/v2\/media?parent=7785"}],"curies":[{"name":"wp","href":"https:\/\/api.w.org\/{rel}","templated":true}]}}