{"id":7846,"date":"2026-02-25T16:33:09","date_gmt":"2026-02-25T21:33:09","guid":{"rendered":"https:\/\/www.movidelnor.gob.ec\/web\/webepm\/?page_id=7846"},"modified":"2026-03-23T09:23:15","modified_gmt":"2026-03-23T14:23:15","slug":"procesos-contratacion","status":"publish","type":"page","link":"https:\/\/movidelnor.gob.ec\/web\/webepm\/procesos-contratacion\/","title":{"rendered":"Procesos Contrataci\u00f3n"},"content":{"rendered":"\t\t<div data-elementor-type=\"wp-page\" data-elementor-id=\"7846\" class=\"elementor elementor-7846\" data-elementor-post-type=\"page\">\n\t\t\t\t<div class=\"elementor-element elementor-element-01a44f3 e-flex e-con-boxed e-con e-parent\" data-id=\"01a44f3\" data-element_type=\"container\" data-e-type=\"container\" data-settings=\"{&quot;background_background&quot;:&quot;classic&quot;}\">\n\t\t\t\t\t<div class=\"e-con-inner\">\n\t\t<div class=\"elementor-element elementor-element-fd179df e-con-full e-grid e-con e-child\" data-id=\"fd179df\" data-element_type=\"container\" data-e-type=\"container\">\n\t\t\t\t<div class=\"elementor-element elementor-element-868152f elementor-widget elementor-widget-heading\" data-id=\"868152f\" data-element_type=\"widget\" data-e-type=\"widget\" data-widget_type=\"heading.default\">\n\t\t\t\t\t<h2 class=\"elementor-heading-title elementor-size-default\">PROCESOS DE CONTRATACI\u00d3N<\/h2>\t\t\t\t<\/div>\n\t\t\t\t<\/div>\n\t\t\t\t\t<\/div>\n\t\t\t\t<\/div>\n\t\t<div class=\"elementor-element elementor-element-53c1bc9 e-flex e-con-boxed e-con e-parent\" data-id=\"53c1bc9\" data-element_type=\"container\" data-e-type=\"container\">\n\t\t\t\t\t<div class=\"e-con-inner\">\n\t\t\t\t<div class=\"elementor-element elementor-element-1c60d3e elementor-widget__width-initial elementor-widget-mobile__width-inherit elementor-widget elementor-widget-elementskit-heading\" data-id=\"1c60d3e\" data-element_type=\"widget\" data-e-type=\"widget\" data-widget_type=\"elementskit-heading.default\">\n\t\t\t\t\t<div class=\"ekit-wid-con\" ><div class=\"ekit-heading elementskit-section-title-wraper text_left   ekit_heading_tablet-   ekit_heading_mobile-\"><h2 class=\"ekit-heading--title elementskit-section-title  ekit-heading__title-has-border start\">R\u00e9gimen Especial - Giro Espec\u00edfico Del Negocio<\/h2><h3 class=\"ekit-heading--subtitle elementskit-section-subtitle  \">\n\t\t\t\t\t\tINVITACI\u00d3N A PARTICIPAR EN EL PROCESO PARA EL MANTENIMIENTO DE VEH\u00cdCULOS MULTIMARCA\n\t\t\t\t\t<\/h3>\t\t\t\t<div class='ekit-heading__description'>\n\t\t\t\t\t<p>La Empresa P\u00fablica de Movilidad del Norte, en conformidad al art\u00edculo 9 del Reglamento General para el Control de Veh\u00edculos del Sector P\u00fablico, que establece que los veh\u00edculos institucionales pueden reparase con profesionales mec\u00e1nicos particulares, bajo las previsiones de la Ley Org\u00e1nica del Sistema Nacional de Contrataci\u00f3n P\u00fablica, \u00fanicamente en los siguientes casos:<\/p>\n<ol>\n<li>Por falta de personal especializado en la entidad.<\/li>\n<li>Insuficiencia de equipos herramientas y\/o accesorios.<\/li>\n<li>Convenios de garant\u00eda de uso con la firma o casa en la que se adquiri\u00f3 el automotor.<\/li>\n<\/ol>\n<p>La convocatoria se dirige a todos aquellos interesados que cumplan con los T\u00e9rminos de Referencia y el Plan de Mantenimiento requeridos para este proceso.<\/p>\n<p>Se solicita a los interesados enviar sus propuestas con valores econ\u00f3micos a ofertar y servicios a cumplir, en concordancia con todos los criterios y requisitos establecidos al siguiente correo <a href=\"mailto:comisionasesoramultimarca@movidelnor.gob.ec\">comisionasesoramultimarca@movidelnor.gob.ec<\/a>, con el objeto \u201cMANTENIMIENTO DE VEH\u00cdCULOS MULTIMARCA\u201d<\/p>\n<p>Las propuestas se recibir\u00e1n desde el 26 de febrero de 2026 a partir de las 10:00 horas, hasta el lunes 02 de marzo de 2026 hasta las 10:00 horas, como fecha y hora l\u00edmite para la entrega de oferta digital y suscrita electr\u00f3nicamente por parte del proveedor.<\/p>\n\t\t\t\t<\/div>\n\t\t\t<\/div><\/div>\t\t\t\t<\/div>\n\t\t\t\t\t<\/div>\n\t\t\t\t<\/div>\n\t\t<div class=\"elementor-element elementor-element-e6ab833 e-flex e-con-boxed e-con e-parent\" data-id=\"e6ab833\" data-element_type=\"container\" data-e-type=\"container\">\n\t\t\t\t\t<div class=\"e-con-inner\">\n\t\t\t\t<div class=\"elementor-element elementor-element-203ef93 elementor-widget__width-initial elementor-widget-mobile__width-inherit elementor-widget elementor-widget-elementskit-heading\" data-id=\"203ef93\" data-element_type=\"widget\" data-e-type=\"widget\" data-widget_type=\"elementskit-heading.default\">\n\t\t\t\t\t<div class=\"ekit-wid-con\" ><div class=\"ekit-heading elementskit-section-title-wraper text_left   ekit_heading_tablet-   ekit_heading_mobile-\"><h2 class=\"ekit-heading--title elementskit-section-title \">DOCUMENTOS OFICIALES<\/h2>\t\t\t\t<div class='ekit-heading__description'>\n\t\t\t\t\t<ul>\n<li>\n<p><a href=\"https:\/\/www.movidelnor.gob.ec\/web\/webepm\/wp-content\/documents\/VEHICULOS%20MULTIMARCA\/Terminos%20de%20Referencia.pdf\">\ud83d\udcc4 <strong>Especificaciones T\u00e9cnicas<\/strong>\u00a0(PDF descargable)<\/a><\/p>\n<\/li>\n<li>\n<p><a href=\"https:\/\/www.movidelnor.gob.ec\/web\/webepm\/wp-content\/documents\/VEHICULOS%20MULTIMARCA\/Plan%20de%20Mantenimiento.xlsx\">\ud83d\udcc4 <strong>Plan de Mantenimiento<\/strong> (xlsx descargable)<\/a><\/p>\n<\/li>\n<\/ul>\n\t\t\t\t<\/div>\n\t\t\t<\/div><\/div>\t\t\t\t<\/div>\n\t\t\t\t\t<\/div>\n\t\t\t\t<\/div>\n\t\t<div class=\"elementor-element elementor-element-0ecd9cc e-flex e-con-boxed e-con e-parent\" data-id=\"0ecd9cc\" data-element_type=\"container\" data-e-type=\"container\">\n\t\t\t\t\t<div class=\"e-con-inner\">\n\t\t<div class=\"elementor-element elementor-element-fbc1057 e-con-full e-flex e-con e-child\" data-id=\"fbc1057\" data-element_type=\"container\" data-e-type=\"container\">\n\t\t\t\t<div class=\"elementor-element elementor-element-d7d9c44 elementor-widget__width-initial elementor-widget-mobile__width-inherit elementor-widget elementor-widget-elementskit-heading\" data-id=\"d7d9c44\" data-element_type=\"widget\" data-e-type=\"widget\" data-widget_type=\"elementskit-heading.default\">\n\t\t\t\t\t<div class=\"ekit-wid-con\" ><div class=\"ekit-heading elementskit-section-title-wraper text_left   ekit_heading_tablet-   ekit_heading_mobile-\"><h2 class=\"ekit-heading--title elementskit-section-title \">01 ACTA DE REUNI\u00d3N COMISI\u00d3N ASESORA<\/h2>\t\t\t\t<div class='ekit-heading__description'>\n\t\t\t\t\t<p><a href=\"https:\/\/www.movidelnor.gob.ec\/web\/webepm\/wp-content\/documents\/VEHICULOS%20MULTIMARCA\/12_acta_de_reunion_comision_asesora.pdf\"><strong>Clic para descargar el acta en formato PDF<\/strong><\/a><\/p>\n\t\t\t\t<\/div>\n\t\t\t<\/div><\/div>\t\t\t\t<\/div>\n\t\t\t\t<div class=\"elementor-element elementor-element-3abf9cc elementor-widget__width-initial elementor-widget-mobile__width-inherit elementor-widget elementor-widget-elementskit-heading\" data-id=\"3abf9cc\" data-element_type=\"widget\" data-e-type=\"widget\" data-widget_type=\"elementskit-heading.default\">\n\t\t\t\t\t<div class=\"ekit-wid-con\" ><div class=\"ekit-heading elementskit-section-title-wraper text_left   ekit_heading_tablet-   ekit_heading_mobile-\"><h2 class=\"ekit-heading--title elementskit-section-title \">02 ACTA DE PRECALIFICACI\u00d3N DE OFERTAS<\/h2>\t\t\t\t<div class='ekit-heading__description'>\n\t\t\t\t\t<p><a href=\"https:\/\/www.movidelnor.gob.ec\/web\/webepm\/wp-content\/documents\/VEHICULOS%20MULTIMARCA\/13_acta_de_precalificacion_propuestas.pdf\"><strong>Clic para descargar el acta en formato PDF<\/strong><\/a><\/p>\n\t\t\t\t<\/div>\n\t\t\t<\/div><\/div>\t\t\t\t<\/div>\n\t\t\t\t<div class=\"elementor-element elementor-element-e890cbc elementor-widget__width-initial elementor-widget-mobile__width-inherit elementor-widget elementor-widget-elementskit-heading\" data-id=\"e890cbc\" data-element_type=\"widget\" data-e-type=\"widget\" data-widget_type=\"elementskit-heading.default\">\n\t\t\t\t\t<div class=\"ekit-wid-con\" ><div class=\"ekit-heading elementskit-section-title-wraper text_left   ekit_heading_tablet-   ekit_heading_mobile-\"><h2 class=\"ekit-heading--title elementskit-section-title \">03 ACTA DE SOLICITUD CONTINUACI\u00d3N DE PROCESO<\/h2>\t\t\t\t<div class='ekit-heading__description'>\n\t\t\t\t\t<p><a href=\"https:\/\/www.movidelnor.gob.ec\/web\/webepm\/wp-content\/documents\/VEHICULOS%20MULTIMARCA\/16_memo_entrega_informe_precalificacion.pdf\"><strong>Clic para descargar el acta en formato PDF<\/strong><\/a><\/p>\n\t\t\t\t<\/div>\n\t\t\t<\/div><\/div>\t\t\t\t<\/div>\n\t\t\t\t<div class=\"elementor-element elementor-element-fb9119c elementor-widget__width-initial elementor-widget-mobile__width-inherit elementor-widget elementor-widget-elementskit-heading\" data-id=\"fb9119c\" data-element_type=\"widget\" data-e-type=\"widget\" data-widget_type=\"elementskit-heading.default\">\n\t\t\t\t\t<div class=\"ekit-wid-con\" ><div class=\"ekit-heading elementskit-section-title-wraper text_left   ekit_heading_tablet-   ekit_heading_mobile-\"><h2 class=\"ekit-heading--title elementskit-section-title \">04 INFORME DE PRECALIFICACI\u00d3N DE OFERTAS<\/h2>\t\t\t\t<div class='ekit-heading__description'>\n\t\t\t\t\t<p><a href=\"https:\/\/www.movidelnor.gob.ec\/web\/webepm\/wp-content\/documents\/VEHICULOS%20MULTIMARCA\/17_informe_de_precalificacion.pdf\"><strong>Clic para descargar el acta en formato PDF<\/strong><\/a><\/p>\n\t\t\t\t<\/div>\n\t\t\t<\/div><\/div>\t\t\t\t<\/div>\n\t\t\t\t<\/div>\n\t\t\t\t\t<\/div>\n\t\t\t\t<\/div>\n\t\t\t\t<\/div>\n\t\t","protected":false},"excerpt":{"rendered":"<p>PROCESOS DE CONTRATACI\u00d3N R\u00e9gimen Especial &#8211; Giro Espec\u00edfico Del Negocio INVITACI\u00d3N A PARTICIPAR EN EL PROCESO PARA EL MANTENIMIENTO DE VEH\u00cdCULOS MULTIMARCA La Empresa P\u00fablica de Movilidad del Norte, en conformidad al art\u00edculo 9 del Reglamento General para el Control de Veh\u00edculos del Sector P\u00fablico, que establece que los veh\u00edculos institucionales pueden reparase con profesionales [&hellip;]<\/p>\n","protected":false},"author":5,"featured_media":0,"parent":0,"menu_order":0,"comment_status":"closed","ping_status":"closed","template":"elementor_header_footer","meta":{"footnotes":""},"class_list":["post-7846","page","type-page","status-publish","hentry"],"aioseo_notices":[],"_links":{"self":[{"href":"https:\/\/movidelnor.gob.ec\/web\/webepm\/wp-json\/wp\/v2\/pages\/7846","targetHints":{"allow":["GET"]}}],"collection":[{"href":"https:\/\/movidelnor.gob.ec\/web\/webepm\/wp-json\/wp\/v2\/pages"}],"about":[{"href":"https:\/\/movidelnor.gob.ec\/web\/webepm\/wp-json\/wp\/v2\/types\/page"}],"author":[{"embeddable":true,"href":"https:\/\/movidelnor.gob.ec\/web\/webepm\/wp-json\/wp\/v2\/users\/5"}],"replies":[{"embeddable":true,"href":"https:\/\/movidelnor.gob.ec\/web\/webepm\/wp-json\/wp\/v2\/comments?post=7846"}],"version-history":[{"count":16,"href":"https:\/\/movidelnor.gob.ec\/web\/webepm\/wp-json\/wp\/v2\/pages\/7846\/revisions"}],"predecessor-version":[{"id":7907,"href":"https:\/\/movidelnor.gob.ec\/web\/webepm\/wp-json\/wp\/v2\/pages\/7846\/revisions\/7907"}],"wp:attachment":[{"href":"https:\/\/movidelnor.gob.ec\/web\/webepm\/wp-json\/wp\/v2\/media?parent=7846"}],"curies":[{"name":"wp","href":"https:\/\/api.w.org\/{rel}","templated":true}]}}