{"id":8030,"date":"2026-04-23T09:21:14","date_gmt":"2026-04-23T14:21:14","guid":{"rendered":"https:\/\/movidelnor.gob.ec\/web\/webepm\/?page_id=8030"},"modified":"2026-04-23T09:31:42","modified_gmt":"2026-04-23T14:31:42","slug":"proceso-de-arriendo","status":"publish","type":"page","link":"https:\/\/movidelnor.gob.ec\/web\/webepm\/proceso-de-arriendo\/","title":{"rendered":"Proceso de Arriendo"},"content":{"rendered":"\t\t<div data-elementor-type=\"wp-page\" data-elementor-id=\"8030\" class=\"elementor elementor-8030\" data-elementor-post-type=\"page\">\n\t\t\t\t<div class=\"elementor-element elementor-element-01a44f3 e-flex e-con-boxed e-con e-parent\" data-id=\"01a44f3\" data-element_type=\"container\" data-e-type=\"container\" data-settings=\"{&quot;background_background&quot;:&quot;classic&quot;}\">\n\t\t\t\t\t<div class=\"e-con-inner\">\n\t\t<div class=\"elementor-element elementor-element-fd179df e-con-full e-grid e-con e-child\" data-id=\"fd179df\" data-element_type=\"container\" data-e-type=\"container\">\n\t\t\t\t<div class=\"elementor-element elementor-element-868152f elementor-widget elementor-widget-heading\" data-id=\"868152f\" data-element_type=\"widget\" data-e-type=\"widget\" data-widget_type=\"heading.default\">\n\t\t\t\t\t<h2 class=\"elementor-heading-title elementor-size-default\">ARRIENDO BIENES INMUEBLES<\/h2>\t\t\t\t<\/div>\n\t\t\t\t<\/div>\n\t\t\t\t\t<\/div>\n\t\t\t\t<\/div>\n\t\t<div class=\"elementor-element elementor-element-53c1bc9 e-flex e-con-boxed e-con e-parent\" data-id=\"53c1bc9\" data-element_type=\"container\" data-e-type=\"container\">\n\t\t\t\t\t<div class=\"e-con-inner\">\n\t\t\t\t<div class=\"elementor-element elementor-element-1c60d3e elementor-widget__width-initial elementor-widget-mobile__width-inherit elementor-widget elementor-widget-elementskit-heading\" data-id=\"1c60d3e\" data-element_type=\"widget\" data-e-type=\"widget\" data-widget_type=\"elementskit-heading.default\">\n\t\t\t\t\t<div class=\"ekit-wid-con\" ><div class=\"ekit-heading elementskit-section-title-wraper text_left   ekit_heading_tablet-   ekit_heading_mobile-\"><h2 class=\"ekit-heading--title elementskit-section-title  ekit-heading__title-has-border start\">INVITACI\u00d3N<\/h2>\t\t\t\t<div class='ekit-heading__description'>\n\t\t\t\t\t<p>Habi\u00e9ndose la Empresa P\u00fablica de Movilidad del Norte acogido al Procedimiento Especial para el Arrendamiento de Bienes Inmuebles, cuyo tipo de contrataci\u00f3n es la Entidad Contratante como Arrendataria, de conformidad con lo que dispone la Ley Org\u00e1nica del Sistema Nacional de Contrataci\u00f3n P\u00fablica y su Reglamento General, que regula el procedimiento de Arrendamiento de Bienes Inmuebles; se invita a la <strong>Sra. Mena Salas Dolores Raquel , con n\u00famero de RUC. 1001905999001, <\/strong>legalmente facultado para contratar, a fin de que presente su oferta dentro del proceso para el <strong>\u201cARRENDAMIENTO DE UN PREDIO PARA LA IMPLEMENTACI\u00d3N DEL ARCHIVO ACTIVO Y PASIVO DE LAS UNIDADES ADMINISTRATIVAS Y CENTROS DE MATRICULACI\u00d3N VEHICULAR DE LA EMPRESA P\u00daBLICA DE MOVILIDAD DEL NORTE\u201d<\/strong>, de acuerdo a las siguientes especificaciones:<\/p>\n\t\t\t\t<\/div>\n\t\t\t<\/div><\/div>\t\t\t\t<\/div>\n\t\t\t\t\t<\/div>\n\t\t\t\t<\/div>\n\t\t<div class=\"elementor-element elementor-element-e6ab833 e-flex e-con-boxed e-con e-parent\" data-id=\"e6ab833\" data-element_type=\"container\" data-e-type=\"container\">\n\t\t\t\t\t<div class=\"e-con-inner\">\n\t\t\t\t<div class=\"elementor-element elementor-element-203ef93 elementor-widget__width-initial elementor-widget-mobile__width-inherit elementor-widget elementor-widget-elementskit-heading\" data-id=\"203ef93\" data-element_type=\"widget\" data-e-type=\"widget\" data-widget_type=\"elementskit-heading.default\">\n\t\t\t\t\t<div class=\"ekit-wid-con\" ><div class=\"ekit-heading elementskit-section-title-wraper text_left   ekit_heading_tablet-   ekit_heading_mobile-\"><h2 class=\"ekit-heading--title elementskit-section-title \">EL INMUEBLE DEBE CONTAR CON LAS SIGUIENTES CARACTER\u00cdSTICAS: <\/h2>\t\t\t\t<div class='ekit-heading__description'>\n\t\t\t\t\t<ul>\n<li>PROVINCIA: Imbabura<\/li>\n<li>CANT\u00d3N: Ibarra<\/li>\n<li>UBICACI\u00d3N: Panamericana Sur E35 Y Pasaje Nro.13 \u00a0<\/li>\n<li>SECTOR: Bellavista de San Antonio<\/li>\n<li>PARROQUIA: San Antonio<\/li>\n<li>AREA DE PARQUEADERO CON ILUMINACI\u00d3N Y ACCESO<\/li>\n<li>BA\u00d1OS PARA FUNCIONARIOS<\/li>\n<li>SERVICIOS B\u00c1SICOS INSTALADOS Y EN FUNCIONAMIENTO<\/li>\n<li>TECHO-CUBIERTA: DE ZINC, TEJA Y ETERNIT<\/li>\n<li>ESTRUCTURA MET\u00c1LICA<\/li>\n<li>PAREDES DE BLOQUE<\/li>\n<li>INMUEBLES DE DOS PISOS Y CON ACABADOS<\/li>\n<li>INSTALACIONES HIDROSANTARIAS<\/li>\n<li>FACHADA EMPASTADA Y PINTADA<\/li>\n<li>PINTURA EMPASTADA Y PINTADA\/INTERIOR-EXTERIOR PUERTAS: MADERA, ALUMINIO Y METAL<\/li>\n<li>VENTANAS CON PROTECCI\u00d3N PISOS DE PORCELANATO Y CER\u00c1MICA<\/li>\n<\/ul>\n\t\t\t\t<\/div>\n\t\t\t<\/div><\/div>\t\t\t\t<\/div>\n\t\t\t\t\t<\/div>\n\t\t\t\t<\/div>\n\t\t<div class=\"elementor-element elementor-element-0b9f5f8 e-flex e-con-boxed e-con e-parent\" data-id=\"0b9f5f8\" data-element_type=\"container\" data-e-type=\"container\">\n\t\t\t\t\t<div class=\"e-con-inner\">\n\t\t\t\t<div class=\"elementor-element elementor-element-c43ecab elementor-widget elementor-widget-shortcode\" data-id=\"c43ecab\" data-element_type=\"widget\" data-e-type=\"widget\" data-widget_type=\"shortcode.default\">\n\t\t\t\t\t\t\t<div class=\"elementor-shortcode\">[table \u201c\u201d not found \/]<br \/>\n<br \/>\n<\/div>\n\t\t\t\t\t\t<\/div>\n\t\t\t\t<div class=\"elementor-element elementor-element-3c78538 elementor-widget__width-initial elementor-widget-mobile__width-inherit elementor-widget elementor-widget-elementskit-heading\" data-id=\"3c78538\" data-element_type=\"widget\" data-e-type=\"widget\" data-widget_type=\"elementskit-heading.default\">\n\t\t\t\t\t<div class=\"ekit-wid-con\" ><div class=\"ekit-heading elementskit-section-title-wraper text_left   ekit_heading_tablet-   ekit_heading_mobile-\"><h2 class=\"ekit-heading--title elementskit-section-title \">PLAZO:<\/h2>\t\t\t\t<div class='ekit-heading__description'>\n\t\t\t\t\t<p>El plazo de ejecuci\u00f3n del servicio ser\u00e1 de <strong>730 d\u00edas (24 meses)<\/strong> contados a partir de la <strong>suscripci\u00f3n del contrato<\/strong>.<\/p>\n<p><strong>PRESUPUESTO REFERENCIAL DEL PROCEDIMIENTO Y CANON<br \/><\/strong>El presupuesto referencial es de USD. 28.800,00 (VEINTE Y OCHO MIL OCHOCIENTOS D\u00d3LARES DE NORTE AM\u00c9RICA CON 00\/100), sin incluir IVA, en raz\u00f3n de la proforma recibida se determina el pago mensual de USD $1.200,00 (UN MIL DOSCIENTOS D\u00d3LARES DE NORTE AM\u00c9RICA CON 00\/100) sin incluir IVA; en el tiempo de 24 meses de duraci\u00f3n del contrato y se encuentra en la planificaci\u00f3n presupuestaria 2026 de la entidad en la partida N\u00b0: 530502.<\/p>\n<p><strong>GARANT\u00cdA\u00a0\u00a0\u00a0\u00a0\u00a0 <br \/><\/strong>Por el tipo de contrataci\u00f3n no se contemplan garant\u00edas.<\/p>\n\t\t\t\t<\/div>\n\t\t\t<\/div><\/div>\t\t\t\t<\/div>\n\t\t\t\t<div class=\"elementor-element elementor-element-98c1678 elementor-widget__width-initial elementor-widget elementor-widget-heading\" data-id=\"98c1678\" data-element_type=\"widget\" data-e-type=\"widget\" data-widget_type=\"heading.default\">\n\t\t\t\t\t<h2 class=\"elementor-heading-title elementor-size-default\">CRONOGRAMA:<\/h2>\t\t\t\t<\/div>\n\t\t\t\t<div class=\"elementor-element elementor-element-19eed78 elementor-widget elementor-widget-shortcode\" data-id=\"19eed78\" data-element_type=\"widget\" data-e-type=\"widget\" data-widget_type=\"shortcode.default\">\n\t\t\t\t\t\t\t<div class=\"elementor-shortcode\">\n<table id=\"tablepress-6\" class=\"tablepress tablepress-id-6\">\n<thead>\n<tr class=\"row-1\">\n\t<th class=\"column-1\">Concepto<\/th><th class=\"column-2\">D\u00eda<\/th><th class=\"column-3\">Hora<\/th>\n<\/tr>\n<\/thead>\n<tbody class=\"row-striping row-hover\">\n<tr class=\"row-2\">\n\t<td class=\"column-1\">Fecha de Publicaci\u00f3n del procedimiento<\/td><td class=\"column-2\">2026-04-22<\/td><td class=\"column-3\">15H00<\/td>\n<\/tr>\n<tr class=\"row-3\">\n\t<td class=\"column-1\">Fecha L\u00edmite de audiencia de preguntas, respuestas y aclaraciones<\/td><td class=\"column-2\">2026-04-23<\/td><td class=\"column-3\">12H00<\/td>\n<\/tr>\n<tr class=\"row-4\">\n\t<td class=\"column-1\">Fecha l\u00edmite de entrega de ofertas<\/td><td class=\"column-2\">2026-04-24<\/td><td class=\"column-3\">12H00<\/td>\n<\/tr>\n<tr class=\"row-5\">\n\t<td class=\"column-1\">Fecha de apertura de ofertas<\/td><td class=\"column-2\">2026-04-24<\/td><td class=\"column-3\">13H00<\/td>\n<\/tr>\n<tr class=\"row-6\">\n\t<td class=\"column-1\">Fecha l\u00edmite de calificaci\u00f3n de ofertas<\/td><td class=\"column-2\">2026-04-27<\/td><td class=\"column-3\">12H00<\/td>\n<\/tr>\n<tr class=\"row-7\">\n\t<td class=\"column-1\">Fecha estimada de adjudicaci\u00f3n<\/td><td class=\"column-2\">2026-05-04<\/td><td class=\"column-3\">17H00<\/td>\n<\/tr>\n<\/tbody>\n<\/table>\n<!-- #tablepress-6 from cache --><\/div>\n\t\t\t\t\t\t<\/div>\n\t\t\t\t<div class=\"elementor-element elementor-element-56e526d elementor-widget__width-initial elementor-widget-mobile__width-inherit elementor-widget elementor-widget-elementskit-heading\" data-id=\"56e526d\" data-element_type=\"widget\" data-e-type=\"widget\" data-widget_type=\"elementskit-heading.default\">\n\t\t\t\t\t<div class=\"ekit-wid-con\" ><div class=\"ekit-heading elementskit-section-title-wraper text_left   ekit_heading_tablet-   ekit_heading_mobile-\">\t\t\t\t<div class='ekit-heading__description'>\n\t\t\t\t\t<p>Las condiciones generales de esta invitaci\u00f3n son las siguientes:<\/p>\n<p>a) El pliego est\u00e1 disponible, sin ning\u00fan costo, en el Portal Institucional del Servicio Nacional de Contrataci\u00f3n P\u00fablica y en la p\u00e1gina web institucional.<\/p>\n<p>b) En caso de tener preguntas, el oferente invitado podr\u00e1 presentarse a una audiencia de preguntas y respuestas que se llevar\u00e1 a cabo de acuerdo al cronograma establecido en el Portal de Compras P\u00fablicas; de la cual se dejar\u00e1 constancia en un Acta suscrita por las partes.<\/p>\n<p>c) La oferta deber\u00e1 ser presentada hasta la fecha y hora indicada en el cronograma del proceso, de forma f\u00edsica mediante sobre cerrado que contendr\u00e1 en CD los archivos digitales de la oferta debidamente firmados electr\u00f3nicamente en el Departamento de Compras P\u00fablicas de MOVIDELNOR E.P., ubicada en la Avenida Eloy Alfaro 4-80 y Julio Zaldumbide, tras el Coliseo Luis Leoro Franco, Ibarra \u2013 Ecuador; o de forma electr\u00f3nica al correo electr\u00f3nico Institucional: compraspublicas@movidelnor.gob.ec ; zsanchez@movidelnor.gob.ec dentro de los tiempos establecidos para la presentaci\u00f3n de ofertas.<\/p>\n<p>d) La evaluaci\u00f3n de la oferta se realizar\u00e1 aplicando los par\u00e1metros de calificaci\u00f3n definidos por la entidad contratante.<\/p>\n<p>e) El Oferente deber\u00e1 revisar cuidadosamente el pliego y cumplir con todos los requisitos solicitados en \u00e9l. Su omisi\u00f3n o descuido al revisar los documentos no lo relevar\u00e1 de cumplir lo se\u00f1alado en su propuesta y en el contrato.<\/p>\n<p>f) Este procedimiento se regir\u00e1 por el Pliego del mismo, la Ley Org\u00e1nica del Sistema Nacional de Contrataci\u00f3n P\u00fablica, su Reglamento General, y de manera supletoria, a la Ley de Inquilinato y el C\u00f3digo Civil.<\/p>\n\t\t\t\t<\/div>\n\t\t\t<\/div><\/div>\t\t\t\t<\/div>\n\t\t\t\t<div class=\"elementor-element elementor-element-6a86e97 elementor-widget__width-initial elementor-widget-mobile__width-inherit elementor-widget elementor-widget-elementskit-heading\" data-id=\"6a86e97\" data-element_type=\"widget\" data-e-type=\"widget\" data-widget_type=\"elementskit-heading.default\">\n\t\t\t\t\t<div class=\"ekit-wid-con\" ><div class=\"ekit-heading elementskit-section-title-wraper text_left   ekit_heading_tablet-   ekit_heading_mobile-\"><\/div><\/div>\t\t\t\t<\/div>\n\t\t\t\t<div class=\"elementor-element elementor-element-cd91a41 elementor-widget__width-initial elementor-widget-mobile__width-inherit elementor-widget elementor-widget-elementskit-heading\" data-id=\"cd91a41\" data-element_type=\"widget\" data-e-type=\"widget\" data-widget_type=\"elementskit-heading.default\">\n\t\t\t\t\t<div class=\"ekit-wid-con\" ><div class=\"ekit-heading elementskit-section-title-wraper text_left   ekit_heading_tablet-   ekit_heading_mobile-\"><\/div><\/div>\t\t\t\t<\/div>\n\t\t\t\t\t<\/div>\n\t\t\t\t<\/div>\n\t\t\t\t<\/div>\n\t\t","protected":false},"excerpt":{"rendered":"<p>ARRIENDO BIENES INMUEBLES INVITACI\u00d3N Habi\u00e9ndose la Empresa P\u00fablica de Movilidad del Norte acogido al Procedimiento Especial para el Arrendamiento de Bienes Inmuebles, cuyo tipo de contrataci\u00f3n es la Entidad Contratante como Arrendataria, de conformidad con lo que dispone la Ley Org\u00e1nica del Sistema Nacional de Contrataci\u00f3n P\u00fablica y su Reglamento General, que regula el procedimiento [&hellip;]<\/p>\n","protected":false},"author":5,"featured_media":0,"parent":0,"menu_order":0,"comment_status":"closed","ping_status":"closed","template":"elementor_header_footer","meta":{"footnotes":""},"class_list":["post-8030","page","type-page","status-publish","hentry"],"aioseo_notices":[],"_links":{"self":[{"href":"https:\/\/movidelnor.gob.ec\/web\/webepm\/wp-json\/wp\/v2\/pages\/8030","targetHints":{"allow":["GET"]}}],"collection":[{"href":"https:\/\/movidelnor.gob.ec\/web\/webepm\/wp-json\/wp\/v2\/pages"}],"about":[{"href":"https:\/\/movidelnor.gob.ec\/web\/webepm\/wp-json\/wp\/v2\/types\/page"}],"author":[{"embeddable":true,"href":"https:\/\/movidelnor.gob.ec\/web\/webepm\/wp-json\/wp\/v2\/users\/5"}],"replies":[{"embeddable":true,"href":"https:\/\/movidelnor.gob.ec\/web\/webepm\/wp-json\/wp\/v2\/comments?post=8030"}],"version-history":[{"count":7,"href":"https:\/\/movidelnor.gob.ec\/web\/webepm\/wp-json\/wp\/v2\/pages\/8030\/revisions"}],"predecessor-version":[{"id":8043,"href":"https:\/\/movidelnor.gob.ec\/web\/webepm\/wp-json\/wp\/v2\/pages\/8030\/revisions\/8043"}],"wp:attachment":[{"href":"https:\/\/movidelnor.gob.ec\/web\/webepm\/wp-json\/wp\/v2\/media?parent=8030"}],"curies":[{"name":"wp","href":"https:\/\/api.w.org\/{rel}","templated":true}]}}